{"id":133,"date":"2024-02-02T14:03:48","date_gmt":"2024-02-02T14:03:48","guid":{"rendered":"https:\/\/bubblz.ai\/?page_id=133"},"modified":"2026-01-05T10:02:28","modified_gmt":"2026-01-05T10:02:28","slug":"privatsphare","status":"publish","type":"page","link":"https:\/\/bubblz.ai\/de\/privacy\/","title":{"rendered":"Datenschutz &amp; Cookies"},"content":{"rendered":"<section class=\"bde-section-133-100 bde-section\">\n  \n  \n\t\n\n\n\n<div class=\"section-container\"><div class=\"bde-text-133-101 bde-text\" data-entrance=\"slideUp\">\nLegal\n<\/div><h1 class=\"bde-heading-133-102 bde-heading\" data-entrance=\"slideUp\">\nDatenschutz- und Cookie-Richtlinie\n<\/h1><\/div>\n<\/section><section class=\"bde-section-133-103 bde-section\">\n  \n  \n\t\n\n\n\n<div class=\"section-container\"><div class=\"bde-code-block-133-106 bde-code-block\">\n\n  <body>\n  <p><strong>Datum des Inkrafttretens:<\/strong> 5. Januar 2026<br \/>\n  <strong>Zuletzt aktualisiert:<\/strong> 5. Januar 2026<\/p>\n\n  <p>Diese Datenschutzrichtlinie beschreibt, wie Surf City Apps LLC (\"wir\", \"uns\" oder \"unser\") deine pers\u00f6nlichen Daten sammelt, nutzt und sch\u00fctzt, wenn du die Bubblz Mobile App und die damit verbundenen Dienste (den \u201cDienst\u201d) nutzt.<\/p>\n\n  <p>Wir verpflichten uns, deine Privatsph\u00e4re zu sch\u00fctzen und die geltenden Datenschutzgesetze einzuhalten, einschlie\u00dflich der General Data Protection Regulation (GDPR) f\u00fcr Nutzer\/innen im Europ\u00e4ischen Wirtschaftsraum (EWR).<\/p>\n\n  <h2>1. Wer wir sind<\/h2>\n  <p>Surf City Apps LLC ist ein Unternehmen mit Sitz in den USA:<\/p>\n  <p>\n    440 N Barranca Ave #2975<br \/>\n    Covina, CA 91723, USA<br \/>\n    E-Mail: <a href=\"mailto:privacy@bubblz.ai\">privacy@bubblz.ai<\/a><br \/>\n    Website: <a href=\"https:\/\/bubblz.ai\/de\/\">https:\/\/bubblz.ai<\/a>\n  <\/p>\n\n  <h2>2. Welche Daten wir sammeln<\/h2>\n  <p>Wir sammeln pers\u00f6nliche Daten und Nutzungsdaten in Verbindung mit der Bubblz-App. Dazu geh\u00f6ren:<\/p>\n  <ul>\n    <li><strong>Pers\u00f6nliche Informationen:<\/strong> E-Mail-Adresse (Kontoanmeldung); Firebase UID (eindeutige Benutzer-ID); Spitzname und Geschlecht (optional); Muttersprache und Lernsprache; Sprachkenntnisniveau<\/li>\n    <li><strong>App-Nutzungsdaten:<\/strong> Chat-Verlauf (z. B. Unterhaltungen mit KI); t\u00e4gliche Streams, Sitzungsaktivit\u00e4t, Zeitstempel; Credits-Nutzung (Lifelines und regelm\u00e4\u00dfige Nutzung); Funktionsnutzung (z. B. Grammatikkorrektur, Spracheingabe)<\/li>\n    <li><strong>Ger\u00e4t &amp; Technische Daten:<\/strong> Ger\u00e4temodell und Betriebssystem; IP-Adresse (ephemer); App-Version; Analysekennungen (z. B. Attributions-IDs)<\/li>\n    <li><strong>Abonnementdaten:<\/strong> Tarifart (z. B. Premium, Ultra); Teststatus und Abonnementstatus; Ablaufdaten und Plattformtyp (iOS oder Android)<\/li>\n  <\/ul>\n\n  <h2>3. Wie wir deine Daten verwenden<\/h2>\n  <p>Wir verwenden deine Daten, um:<\/p>\n  <ul>\n    <li>Zugang zur Bubblz-App gew\u00e4hren und diese bedienen<\/li>\n    <li>Benutzer authentifizieren und Benutzerprofile verwalten<\/li>\n    <li>Personalisiere die App auf Basis deiner Sprachpr\u00e4ferenzen<\/li>\n    <li>Macht KI-gesteuerte Sprachkonversationen<\/li>\n    <li>Senden Sie notwendige Benachrichtigungen (z. B. Passwortr\u00fccksetzung, Servicemeldungen)<\/li>\n    <li>\u00dcberwache und verbessere die Leistung, behebe Fehler und verbessere die Funktionen der App<\/li>\n    <li>Verstehe das Engagement der Nutzer, um die Lernergebnisse zu verbessern<\/li>\n    <li>Dir optionale E-Mail-Inhalte (Sprachtipps, Updates) schicken, wenn du dich daf\u00fcr entscheidest<\/li>\n  <\/ul>\n\n  <h2>4. Rechtsgrundlagen f\u00fcr die Verarbeitung (gem\u00e4\u00df GDPR)<\/h2>\n  <p>Wenn du dich in der EU\/EWR befindest, st\u00fctzen wir uns auf die folgenden Rechtsgrundlagen gem\u00e4\u00df Artikel 6 der DSGVO:<\/p>\n  <ul>\n    <li><strong>Berechtigte Interessen:<\/strong> Betrieb und Sicherung der App<\/li>\n    <li><strong>Vertragliche Notwendigkeit:<\/strong> Benutzerauthentifizierung und Profilspeicherung<\/li>\n    <li><strong>Einverstanden:<\/strong> Analyse und Leistungsoptimierung (falls zutreffend); optionale E-Mail-Kommunikation (z. B. Sprachtipps)<\/li>\n    <li><strong>Gesetzliche Verpflichtung:<\/strong> Beantworten von rechtlichen Anfragen<\/li>\n  <\/ul>\n\n  <h3>Wie diese Rechtsgrundlagen gelten<\/h3>\n  <p>Die folgenden Beispiele zeigen, wie wir uns bei bestimmten Verarbeitungsaktivit\u00e4ten auf diese Rechtsgrundlagen st\u00fctzen:<\/p>\n  <ul>\n    <li><strong>Betrieb und Sicherung der App:<\/strong> Berechtigte Interessen<\/li>\n    <li><strong>Benutzerauthentifizierung und Profilspeicherung:<\/strong> Vertragliche Notwendigkeit<\/li>\n    <li><strong>Analyse und Leistungsoptimierung:<\/strong> Zustimmung (falls zutreffend)<\/li>\n    <li><strong>E-Mail-Kommunikation (z.B. Sprachtipps):<\/strong> Zustimmung<\/li>\n    <li><strong>Beantwortung von rechtlichen Anfragen:<\/strong> Gesetzliche Verpflichtung<\/li>\n  <\/ul>\n\n  <h2>5. Wie wir die Zustimmung einholen<\/h2>\n  <p>Wo wir uns auf die Zustimmung verlassen, holen wir sie ein:<\/p>\n  <ul>\n    <li><strong>iOS App Tracking-Transparenz:<\/strong> Die Zustimmung ist erforderlich, wenn das Tracking aktiviert ist<\/li>\n    <li><strong>E-Mail-Marketing:<\/strong> Du wirst gebeten, dich f\u00fcr den Erhalt von Sprachlerntipps anzumelden. Du kannst dich jederzeit wieder abmelden.<\/li>\n    <li><strong>In-App-Vereinbarungen:<\/strong> W\u00e4hrend des Onboardings oder der Anmeldung stimmen die Nutzer unseren Bedingungen und dieser Datenschutzrichtlinie zu.<\/li>\n  <\/ul>\n\n  <h2>6. Dienstleistungen von Dritten<\/h2>\n  <p>F\u00fcr den Betrieb von Bubblz sind wir auf Dienste von Drittanbietern angewiesen, darunter Tools f\u00fcr Analysen, Benutzerauthentifizierung, Nachrichten, KI-Verarbeitung und Benachrichtigungen. Diese Dienste helfen uns, das Nutzerverhalten zu verstehen, die Leistung zu verbessern, Abonnements zu verwalten, E-Mails zu versenden und deine KI-Chat-Eingaben zu verarbeiten.<\/p>\n  <p>Einige deiner Daten k\u00f6nnen verarbeitet werden von:<\/p>\n  <ul>\n    <li><strong>Firebase:<\/strong> Authentifizierung, Datenbank, Analytik, Nachrichten\u00fcbermittlung, Unfallberichte<\/li>\n    <li><strong>PostSchwein:<\/strong> Produktanalytik und Verfolgung der Nutzung von Funktionen<\/li>\n    <li><strong>AppsFlyer:<\/strong> Attributions- und Sitzungsdaten installieren<\/li>\n    <li><strong>Wache:<\/strong> \u00dcberwachung von Abst\u00fcrzen und Fehlern<\/li>\n    <li><strong>OneSignal:<\/strong> Push-Benachrichtigungen<\/li>\n    <li><strong>RevenueCat:<\/strong> Verwaltung von Abonnements<\/li>\n    <li><strong>Superwall:<\/strong> Paywall und Prozessablauf<\/li>\n    <li><strong>OpenAI:<\/strong> KI-Chatvervollst\u00e4ndigungen und Moderation<\/li>\n    <li><strong>Mailchimp:<\/strong> E-Mail-Marketing (wenn du dich daf\u00fcr entscheidest)<\/li>\n    <li><strong>SendGrid \/ Amazon SES:<\/strong> Transaktions-E-Mails<\/li>\n    <li><strong>Google \/ Apple:<\/strong> OAuth-Anmeldedienste<\/li>\n  <\/ul>\n  <p>Diese Anbieter k\u00f6nnen deine Daten in den Vereinigten Staaten oder anderen L\u00e4ndern verarbeiten. Falls erforderlich, werden internationale \u00dcbermittlungen durch Standardvertragsklauseln (SCCs) oder gleichwertige Mechanismen abgesichert.<\/p>\n\n  <h2>7. Datenspeicherung<\/h2>\n  <p>Wir bewahren personenbezogene Daten nur so lange auf, wie es f\u00fcr die in dieser Richtlinie beschriebenen Zwecke erforderlich ist:<\/p>\n  <ul>\n    <li><strong>Benutzerprofil &amp; Chatverlauf:<\/strong> Bis zur L\u00f6schung des Kontos oder nach 24 Monaten der Inaktivit\u00e4t<\/li>\n    <li><strong>Analytik und technische Logs:<\/strong> Bis zu 24 Monate<\/li>\n    <li><strong>Abo-Aufzeichnungen:<\/strong> Wie f\u00fcr Compliance und Kontointegrit\u00e4t erforderlich<\/li>\n    <li><strong>E-Mail-Marketing-Aufzeichnungen:<\/strong> Bis du dich abmeldest oder dein Konto l\u00f6schst<\/li>\n  <\/ul>\n  <p>Wenn eine Nutzerin oder ein Nutzer die L\u00f6schung ihres\/seines Kontos beantragt, veranlassen wir gegebenenfalls auch die L\u00f6schung bei unseren Drittanbietern.<\/p>\n\n  <h2>8. Deine Rechte (gem\u00e4\u00df GDPR)<\/h2>\n  <p>Wenn du in der EU oder im EWR wohnst, hast du das Recht auf:<\/p>\n  <ul>\n    <li>Zugang zu deinen pers\u00f6nlichen Daten<\/li>\n    <li>Ungenaue oder unvollst\u00e4ndige Daten berichtigen<\/li>\n    <li>L\u00f6schung deines Kontos und deiner Daten beantragen<\/li>\n    <li>Einwilligung widerrufen, wenn die Verarbeitung auf einer Einwilligung beruht<\/li>\n    <li>die Verwendung deiner Daten einschr\u00e4nken oder ihr widersprechen<\/li>\n    <li>Portiere deine Daten (erhalte sie in einem strukturierten Format)<\/li>\n    <li>Lege eine Beschwerde bei deiner nationalen Datenschutzbeh\u00f6rde ein<\/li>\n  <\/ul>\n  <p>Um deine Rechte auszu\u00fcben, sende uns eine E-Mail an <a href=\"mailto:privacy@bubblz.ai\">privacy@bubblz.ai<\/a>. Wir k\u00f6nnen eine \u00dcberpr\u00fcfung verlangen, bevor wir deine Anfrage erf\u00fcllen.<\/p>\n\n  <h2>9. Die Privatsph\u00e4re der Kinder<\/h2>\n  <p>Bubblz ist nicht f\u00fcr Kinder unter 16 Jahren (in der EU) oder unter 13 Jahren (in den USA) bestimmt. Wir sammeln nicht wissentlich personenbezogene Daten von Kindern ohne elterliche Zustimmung. Wenn du glaubst, dass wir solche Daten irrt\u00fcmlich gesammelt haben, kontaktiere uns bitte, damit wir sie l\u00f6schen k\u00f6nnen.<\/p>\n\n  <h2>10. KI-Funktionen und Inhaltsmoderation<\/h2>\n  <p>Bubblz nutzt KI-Dienste von OpenAI, um interaktives Sprachenlernen per Chat zu erm\u00f6glichen. Wenn du diese Funktionen nutzt:<\/p>\n  <ul>\n    <li>Deine Eingabe kann zur Bearbeitung an OpenAI gesendet werden<\/li>\n    <li>Nachrichten k\u00f6nnen vor\u00fcbergehend zur Inhaltsmoderation und zur Missbrauchsverhinderung gespeichert werden<\/li>\n    <li>Die Eingaben unterliegen den Nutzungsrichtlinien von OpenAI<\/li>\n  <\/ul>\n  <p>Wir verwenden diese Daten nicht, um Nutzerprofile zu erstellen oder f\u00fcr andere Zwecke.<\/p>\n\n  <h2>11. Datensicherheit<\/h2>\n  <p>Wir setzen angemessene technische und organisatorische Ma\u00dfnahmen zum Schutz deiner personenbezogenen Daten ein, darunter:<\/p>\n  <ul>\n    <li>Sichere Cloud-Infrastruktur \u00fcber Firebase und Google Cloud<\/li>\n    <li>Datenverschl\u00fcsselung bei der \u00dcbertragung (HTTPS)<\/li>\n    <li>Rollenbasierte Zugriffskontrolle und Authentifizierung<\/li>\n    <li>Fehler\u00fcberwachung und Erkennung von Anomalien<\/li>\n  <\/ul>\n  <p>Unsere Drittanbieter setzen \u00e4hnliche Sicherheitsma\u00dfnahmen um und sind m\u00f6glicherweise nach einschl\u00e4gigen Rahmenwerken (z. B. ISO 27001, SOC 2) zertifiziert.<\/p>\n\n  <h2>12. Internationale Daten\u00fcbertragungen<\/h2>\n  <p>Deine Daten k\u00f6nnen in L\u00e4nder au\u00dferhalb deines Wohnsitzlandes \u00fcbertragen und dort verarbeitet werden, einschlie\u00dflich der Vereinigten Staaten. In solchen F\u00e4llen stellen wir sicher, dass deine Rechte gesch\u00fctzt werden:<\/p>\n  <ul>\n    <li>Standardvertragsklauseln (SCCs), sofern erforderlich<\/li>\n    <li>Verpflichtungen des Anbieters zur GDPR-konformen Verarbeitung<\/li>\n    <li>Sorgf\u00e4ltige Pr\u00fcfung der Datenschutzpraktiken von Dienstleistern<\/li>\n  <\/ul>\n\n  <h2>13. \u00c4nderungen an dieser Datenschutzrichtlinie<\/h2>\n  <p>Wir k\u00f6nnen diese Datenschutzrichtlinie von Zeit zu Zeit aktualisieren, um \u00c4nderungen in unseren Praktiken oder rechtlichen Verpflichtungen zu ber\u00fccksichtigen. Wenn wir dies tun, werden wir das Datum der letzten Aktualisierung oben auf dieser Seite aktualisieren. Du kannst auch per In-App-Benachrichtigung oder E-Mail \u00fcber wichtige \u00c4nderungen informiert werden.<\/p>\n  <p>Wir empfehlen, diese Datenschutzrichtlinie regelm\u00e4\u00dfig zu \u00fcberpr\u00fcfen.<\/p>\n\n  <h2>14. Kontakt<\/h2>\n  <p>Wenn du Fragen oder Bedenken zu dieser Datenschutzrichtlinie oder zum Umgang mit deinen Daten hast, kontaktiere uns unter:<\/p>\n  <p>\n    Surf City Apps LLC<br \/>\n    440 N Barranca Ave #2975<br \/>\n    Covina, CA 91723, USA<br \/>\n    E-Mail: <a href=\"mailto:privacy@bubblz.ai\">privacy@bubblz.ai<\/a>\n\n  <h2>15. EU-Beauftragter (GDPR - Artikel 27)<\/h2>\n  <p>Wir haben einen Vertreter in der EU ernannt, der sich um GDPR-bezogene Anfragen k\u00fcmmert:<\/p>\n  <p>\n    BizLegal Ltd (firmierend als EU Rep)<br \/>\n    27 Cork Road<br \/>\n    Midleton, Co. Cork<br \/>\n    Irland<br \/>\n    Unternehmensnummer: 635921<br \/>\n    Website: <a href=\"https:\/\/www.eurep.ie\">https:\/\/www.eurep.ie<\/a>\n  <\/p>\n\n<\/body>\n\n\n\n<\/div><\/div>\n<\/section>","protected":false},"excerpt":{"rendered":"<p>Legal Privacy &#038; Cookie Policy Effective date: 5 January 2026 Last updated: 5 January 2026 This Privacy Policy describes how Surf City Apps LLC (&#8220;we&#8221;, &#8220;us&#8221;, or &#8220;our&#8221;) collects, uses, and protects your personal data when you use the Bubblz mobile app and related services (the \u201cService\u201d). We are committed to protecting your privacy and [&hellip;]<\/p>\n","protected":false},"author":2,"featured_media":0,"parent":0,"menu_order":0,"comment_status":"closed","ping_status":"closed","template":"","meta":{"inline_featured_image":false,"_breakdance_hide_in_design_set":false,"_breakdance_tags":"","footnotes":""},"class_list":["post-133","page","type-page","status-publish","hentry"],"yoast_head":"<!-- This site is optimized with the Yoast SEO plugin v27.2 - https:\/\/yoast.com\/product\/yoast-seo-wordpress\/ -->\n<title>Privacy &amp; Cookies &#8211; Bubblz<\/title>\n<meta name=\"description\" content=\"Master speaking a language, thanks to Bubblz\u2019s humanlike A.I. chat technology\" \/>\n<meta name=\"robots\" content=\"index, follow, max-snippet:-1, max-image-preview:large, max-video-preview:-1\" \/>\n<link rel=\"canonical\" href=\"https:\/\/bubblz.ai\/de\/privatsphare\/\" \/>\n<meta property=\"og:locale\" content=\"de_DE\" \/>\n<meta property=\"og:type\" content=\"article\" \/>\n<meta property=\"og:title\" content=\"Privacy &amp; Cookies &#8211; Bubblz\" \/>\n<meta property=\"og:description\" content=\"Master speaking a language, thanks to Bubblz\u2019s humanlike A.I. chat technology\" \/>\n<meta property=\"og:url\" content=\"https:\/\/bubblz.ai\/de\/privatsphare\/\" \/>\n<meta property=\"og:site_name\" content=\"Bubblz\" \/>\n<meta property=\"article:publisher\" content=\"https:\/\/www.facebook.com\/trybubblz\" \/>\n<meta property=\"article:modified_time\" content=\"2026-01-05T10:02:28+00:00\" \/>\n<meta name=\"twitter:card\" content=\"summary_large_image\" \/>\n<meta name=\"twitter:site\" content=\"@trybubblz\" \/>\n<script type=\"application\/ld+json\" class=\"yoast-schema-graph\">{\"@context\":\"https:\/\/schema.org\",\"@graph\":[{\"@type\":\"WebPage\",\"@id\":\"https:\/\/bubblz.ai\/pt\/privacidade\/\",\"url\":\"https:\/\/bubblz.ai\/pt\/privacidade\/\",\"name\":\"Privacy & Cookies &#8211; Bubblz\",\"isPartOf\":{\"@id\":\"https:\/\/bubblz.ai\/it\/#website\"},\"datePublished\":\"2024-02-02T14:03:48+00:00\",\"dateModified\":\"2026-01-05T10:02:28+00:00\",\"description\":\"Master speaking a language, thanks to Bubblz\u2019s humanlike A.I. chat technology\",\"breadcrumb\":{\"@id\":\"https:\/\/bubblz.ai\/pt\/privacidade\/#breadcrumb\"},\"inLanguage\":\"de\",\"potentialAction\":[{\"@type\":\"ReadAction\",\"target\":[\"https:\/\/bubblz.ai\/pt\/privacidade\/\"]}]},{\"@type\":\"BreadcrumbList\",\"@id\":\"https:\/\/bubblz.ai\/pt\/privacidade\/#breadcrumb\",\"itemListElement\":[{\"@type\":\"ListItem\",\"position\":1,\"name\":\"Home\",\"item\":\"https:\/\/bubblz.ai\/it\/\"},{\"@type\":\"ListItem\",\"position\":2,\"name\":\"Privacy &#038; Cookies\"}]},{\"@type\":\"WebSite\",\"@id\":\"https:\/\/bubblz.ai\/it\/#website\",\"url\":\"https:\/\/bubblz.ai\/it\/\",\"name\":\"Bubblz\",\"description\":\"AI Language Practice\",\"publisher\":{\"@id\":\"https:\/\/bubblz.ai\/it\/#organization\"},\"potentialAction\":[{\"@type\":\"SearchAction\",\"target\":{\"@type\":\"EntryPoint\",\"urlTemplate\":\"https:\/\/bubblz.ai\/it\/?s={search_term_string}\"},\"query-input\":{\"@type\":\"PropertyValueSpecification\",\"valueRequired\":true,\"valueName\":\"search_term_string\"}}],\"inLanguage\":\"de\"},{\"@type\":\"Organization\",\"@id\":\"https:\/\/bubblz.ai\/it\/#organization\",\"name\":\"Bubblz\",\"url\":\"https:\/\/bubblz.ai\/it\/\",\"logo\":{\"@type\":\"ImageObject\",\"inLanguage\":\"de\",\"@id\":\"https:\/\/bubblz.ai\/it\/#\/schema\/logo\/image\/\",\"url\":\"https:\/\/bubblz.ai\/wp-content\/uploads\/2024\/02\/logo9.png\",\"contentUrl\":\"https:\/\/bubblz.ai\/wp-content\/uploads\/2024\/02\/logo9.png\",\"width\":2400,\"height\":2400,\"caption\":\"Bubblz\"},\"image\":{\"@id\":\"https:\/\/bubblz.ai\/it\/#\/schema\/logo\/image\/\"},\"sameAs\":[\"https:\/\/www.facebook.com\/trybubblz\",\"https:\/\/x.com\/trybubblz\"]}]}<\/script>\n<!-- \/ Yoast SEO plugin. -->","yoast_head_json":{"title":"Datenschutz &amp; Cookies - Bubblz","description":"Meistere das Sprechen einer Sprache, dank der menschen\u00e4hnlichen KI-Chat-Technologie von Bubblz.","robots":{"index":"index","follow":"follow","max-snippet":"max-snippet:-1","max-image-preview":"max-image-preview:large","max-video-preview":"max-video-preview:-1"},"canonical":"https:\/\/bubblz.ai\/de\/privatsphare\/","og_locale":"de_DE","og_type":"article","og_title":"Privacy & Cookies &#8211; Bubblz","og_description":"Master speaking a language, thanks to Bubblz\u2019s humanlike A.I. chat technology","og_url":"https:\/\/bubblz.ai\/de\/privatsphare\/","og_site_name":"Bubblz","article_publisher":"https:\/\/www.facebook.com\/trybubblz","article_modified_time":"2026-01-05T10:02:28+00:00","twitter_card":"summary_large_image","twitter_site":"@trybubblz","schema":{"@context":"https:\/\/schema.org","@graph":[{"@type":"WebPage","@id":"https:\/\/bubblz.ai\/pt\/privacidade\/","url":"https:\/\/bubblz.ai\/pt\/privacidade\/","name":"Datenschutz &amp; Cookies - Bubblz","isPartOf":{"@id":"https:\/\/bubblz.ai\/it\/#website"},"datePublished":"2024-02-02T14:03:48+00:00","dateModified":"2026-01-05T10:02:28+00:00","description":"Meistere das Sprechen einer Sprache, dank der menschen\u00e4hnlichen KI-Chat-Technologie von Bubblz.","breadcrumb":{"@id":"https:\/\/bubblz.ai\/pt\/privacidade\/#breadcrumb"},"inLanguage":"de","potentialAction":[{"@type":"ReadAction","target":["https:\/\/bubblz.ai\/pt\/privacidade\/"]}]},{"@type":"BreadcrumbList","@id":"https:\/\/bubblz.ai\/pt\/privacidade\/#breadcrumb","itemListElement":[{"@type":"ListItem","position":1,"name":"Home","item":"https:\/\/bubblz.ai\/it\/"},{"@type":"ListItem","position":2,"name":"Privacy &#038; Cookies"}]},{"@type":"WebSite","@id":"https:\/\/bubblz.ai\/it\/#website","url":"https:\/\/bubblz.ai\/it\/","name":"Bubblz","description":"AI Sprachpraxis","publisher":{"@id":"https:\/\/bubblz.ai\/it\/#organization"},"potentialAction":[{"@type":"SearchAction","target":{"@type":"EntryPoint","urlTemplate":"https:\/\/bubblz.ai\/it\/?s={search_term_string}"},"query-input":{"@type":"PropertyValueSpecification","valueRequired":true,"valueName":"search_term_string"}}],"inLanguage":"de"},{"@type":"Organization","@id":"https:\/\/bubblz.ai\/it\/#organization","name":"Bubblz","url":"https:\/\/bubblz.ai\/it\/","logo":{"@type":"ImageObject","inLanguage":"de","@id":"https:\/\/bubblz.ai\/it\/#\/schema\/logo\/image\/","url":"https:\/\/bubblz.ai\/wp-content\/uploads\/2024\/02\/logo9.png","contentUrl":"https:\/\/bubblz.ai\/wp-content\/uploads\/2024\/02\/logo9.png","width":2400,"height":2400,"caption":"Bubblz"},"image":{"@id":"https:\/\/bubblz.ai\/it\/#\/schema\/logo\/image\/"},"sameAs":["https:\/\/www.facebook.com\/trybubblz","https:\/\/x.com\/trybubblz"]}]}},"_links":{"self":[{"href":"https:\/\/bubblz.ai\/de\/wp-json\/wp\/v2\/pages\/133","targetHints":{"allow":["GET"]}}],"collection":[{"href":"https:\/\/bubblz.ai\/de\/wp-json\/wp\/v2\/pages"}],"about":[{"href":"https:\/\/bubblz.ai\/de\/wp-json\/wp\/v2\/types\/page"}],"author":[{"embeddable":true,"href":"https:\/\/bubblz.ai\/de\/wp-json\/wp\/v2\/users\/2"}],"replies":[{"embeddable":true,"href":"https:\/\/bubblz.ai\/de\/wp-json\/wp\/v2\/comments?post=133"}],"version-history":[{"count":5,"href":"https:\/\/bubblz.ai\/de\/wp-json\/wp\/v2\/pages\/133\/revisions"}],"predecessor-version":[{"id":2084,"href":"https:\/\/bubblz.ai\/de\/wp-json\/wp\/v2\/pages\/133\/revisions\/2084"}],"wp:attachment":[{"href":"https:\/\/bubblz.ai\/de\/wp-json\/wp\/v2\/media?parent=133"}],"curies":[{"name":"wp","href":"https:\/\/api.w.org\/{rel}","templated":true}]}}