{"id":1749,"date":"2024-05-06T13:22:32","date_gmt":"2024-05-06T13:22:32","guid":{"rendered":"https:\/\/bubblz.ai\/?page_id=1749"},"modified":"2024-05-09T13:11:42","modified_gmt":"2024-05-09T13:11:42","slug":"eingabemethoden","status":"publish","type":"page","link":"https:\/\/bubblz.ai\/de\/input-methods\/","title":{"rendered":"Eingabe-Methoden"},"content":{"rendered":"<section class=\"bde-section-1749-100 bde-section\">\n  \n  \n\t\n\n\n\n<div class=\"section-container\"><div class=\"bde-text-1749-101 bde-text\" data-entrance=\"slideUp\">\nBubblz Support\n<\/div><h1 class=\"bde-heading-1749-102 bde-heading\" data-entrance=\"slideUp\">\nEntscheide, wie du am besten mit Bubblz \u00fcbst: Sprache oder Text?\n<\/h1><\/div>\n<\/section><section class=\"bde-section-1749-103 bde-section\">\n  \n  \n\t\n\n\n\n<div class=\"section-container\"><div class=\"bde-div-1749-104 bde-div\">\n  \n  \n\t\n\n\n\n<div class=\"bde-rich-text-1749-105 bde-rich-text breakdance-rich-text-styles\">\n<p>Die Wahl der richtigen Eingabemethode kann deine Lernerfahrung mit Bubblz erheblich beeinflussen. Dieser Leitfaden hilft dir, die Vorteile der Sprach- und der Texteingabe zu verstehen und schl\u00e4gt dir vor, welche Methode f\u00fcr dich besser geeignet ist, je nach deinen aktuellen Kenntnissen und Lernzielen.<\/p><h2>Unsere Philosophie<\/h2><p>Wir bei Bubblz sind der Meinung, dass das wichtigste Ziel beim Sprachenlernen darin besteht, vollst\u00e4ndige, muttersprachliche \u00c4u\u00dferungen zu verfassen und die besten Formulierungen zu w\u00e4hlen, um deine Gedanken auszudr\u00fccken. Deshalb ist es wichtig, dass du eine Eingabemethode w\u00e4hlst, mit der du dich m\u00f6glichst effizient und effektiv ausdr\u00fccken kannst.<\/p><h2>Verstehen der Eingabemethoden<\/h2><p><strong>1. Spracheingabe:<\/strong><\/p><ul><li><strong>Vorteile:<\/strong><ul><li>Ideal zum \u00dcben der Aussprache und des Redeflusses.<\/li><li>Simuliert reale Gespr\u00e4che und verbessert so gleichzeitig dein H\u00f6rverst\u00e4ndnis und deine Sprechfertigkeit.<\/li><\/ul><\/li><li><strong>Nachteile:<\/strong><ul><li>Wegen des Aufnahmedrucks entscheiden sich die Nutzer\/innen vielleicht f\u00fcr einfachere Formulierungen.<\/li><li>Die Genauigkeit der Spracherkennung kann je nach Akzent und Aussprache variieren, was zu Missverst\u00e4ndnissen f\u00fchren kann.<\/li><li>H\u00e4ufige Selbstkorrekturen der Lernenden k\u00f6nnten das Spracherkennungssystem verwirren.<\/li><\/ul><\/li><\/ul><p><strong>2. Texteingabe:<\/strong><\/p><ul><li><strong>Vorteile:<\/strong><ul><li>Erm\u00f6glicht mehr Zeit zum Nachdenken und Entwickeln von Antworten, <em>Hilfe beim Erlernen der richtigen Satzstruktur und des Wortschatzes<\/em> (denk daran, das ist unser Hauptziel).<\/li><li>Es ist einfacher, Antworten zu bearbeiten und zu perfektionieren, was zu einem tieferen Lernen durch die Korrektur von Fehlern f\u00fchren kann.<\/li><li>Mach dir keine Sorgen, dass der Akzent oder die Klarheit der Sprache den Lernprozess beeintr\u00e4chtigt.<\/li><\/ul><\/li><li><strong>Nachteile:<\/strong><ul><li>Weniger effektiv f\u00fcr die Verbesserung der Aussprache und der spontanen Sprechfertigkeit.<\/li><\/ul><\/li><\/ul><h3>Wann du die Spracheingabe verwenden solltest<\/h3><ul><li>Am besten geeignet f\u00fcr <strong>obere Mittelstufe bis Fortgeschrittene <\/strong>Sprecher\/innen, die ihre Sprech- und H\u00f6rf\u00e4higkeiten verfeinern wollen.<\/li><li>N\u00fctzlich, wenn du es schaffst, schnell S\u00e4tze zu bilden.<\/li><\/ul><p><strong>Tipps zur Verwendung der Spracheingabe:<\/strong><\/p><ul><li>Organisiere deine Gedanken, bevor du anf\u00e4ngst zu sprechen.<\/li><li>F\u00fcr eine klarere Spracheingabe solltest du Kopfh\u00f6rer mit Mikrofon verwenden.<\/li><li>Wenn du stolperst, kannst du jederzeit abbrechen und neu anfangen - \u00dcbung macht den Meister!<\/li><\/ul><h3>Wann du Texteingabe verwenden solltest<\/h3><ul><li>Empfohlen f\u00fcr <strong>Grundkenntnisse und untere Mittelstufe<\/strong> Sprecher, die mehr Zeit brauchen, um korrekte und vollst\u00e4ndige S\u00e4tze zu bilden.<\/li><li>Ideal f\u00fcr diejenigen, die sich sicherer f\u00fchlen, wenn sie sich schriftlich ausdr\u00fccken oder sich Sorgen machen, dass ihr Akzent die Spracherkennung beeinflusst.<\/li><\/ul><p><strong>Tipps zur Verwendung der Texteingabe:<\/strong><\/p><ul><li>Nimm dir Zeit, um Antworten zu formulieren.<\/li><li>Nutze die Gelegenheit, um korrekte Rechtschreibung und Grammatik zu \u00fcben.<\/li><\/ul><h3>Die Entscheidung f\u00fcr das Beste f\u00fcr dich<\/h3><p>Letztendlich solltest du dich bei der Wahl zwischen Sprach- und Texteingabe davon leiten lassen, welche Methode dir hilft, die genauesten, vollst\u00e4ndigsten und muttersprachlichsten Aussagen zu machen. Dazu geh\u00f6rt nicht nur, dass du die Methode w\u00e4hlst, mit der du dich am wohlsten f\u00fchlst, sondern auch die, die dich genug fordert, um dich zu verbessern.<\/p><p>Sowohl Sprach- als auch Texteingaben sind wertvolle Werkzeuge auf deiner Sprachlernreise mit Bubblz. Abh\u00e4ngig von deinem aktuellen Sprachniveau und deinen spezifischen Lernzielen kann die eine Methode besser geeignet sein als die andere. Vergiss nicht, dass das ultimative Ziel darin besteht, deine F\u00e4higkeit zu verbessern, vollst\u00e4ndige und genaue Gedanken in deiner neuen Sprache auszudr\u00fccken.<\/p><p><strong>Letzter Tipp:<\/strong> Experimentiere mit beiden Methoden, um herauszufinden, welche wirklich zu deinem Stil passt und deine F\u00e4higkeiten f\u00f6rdert. Mit Bubblz hast du immer die Kontrolle \u00fcber deine Lernreise!<\/p>\n<\/div>\n<\/div><\/div>\n<\/section>","protected":false},"excerpt":{"rendered":"<p>Bubblz Support Decide Your Best Way to Practice with Bubblz: Voice or Text? Choosing the right input method can significantly affect your language learning experience with Bubblz. This guide will help you understand the benefits of both voice input and text input, and suggest which might be more suitable for you based on your current [&hellip;]<\/p>\n","protected":false},"author":1,"featured_media":0,"parent":0,"menu_order":0,"comment_status":"closed","ping_status":"closed","template":"","meta":{"inline_featured_image":false,"_breakdance_hide_in_design_set":false,"_breakdance_tags":"","footnotes":""},"class_list":["post-1749","page","type-page","status-publish","hentry"],"yoast_head":"<!-- This site is optimized with the Yoast SEO plugin v27.4 - https:\/\/yoast.com\/product\/yoast-seo-wordpress\/ -->\n<title>Input Methods &#8211; Bubblz<\/title>\n<meta name=\"description\" content=\"Master speaking a language, thanks to Bubblz\u2019s humanlike A.I. chat technology\" \/>\n<meta name=\"robots\" content=\"index, follow, max-snippet:-1, max-image-preview:large, max-video-preview:-1\" \/>\n<link rel=\"canonical\" href=\"https:\/\/bubblz.ai\/de\/eingabemethoden\/\" \/>\n<meta property=\"og:locale\" content=\"de_DE\" \/>\n<meta property=\"og:type\" content=\"article\" \/>\n<meta property=\"og:title\" content=\"Input Methods &#8211; Bubblz\" \/>\n<meta property=\"og:description\" content=\"Master speaking a language, thanks to Bubblz\u2019s humanlike A.I. chat technology\" \/>\n<meta property=\"og:url\" content=\"https:\/\/bubblz.ai\/de\/eingabemethoden\/\" \/>\n<meta property=\"og:site_name\" content=\"Bubblz\" \/>\n<meta property=\"article:publisher\" content=\"https:\/\/www.facebook.com\/trybubblz\" \/>\n<meta property=\"article:modified_time\" content=\"2024-05-09T13:11:42+00:00\" \/>\n<meta name=\"twitter:card\" content=\"summary_large_image\" \/>\n<meta name=\"twitter:site\" content=\"@trybubblz\" \/>\n<meta name=\"twitter:label1\" content=\"Gesch\u00e4tzte Lesezeit\" \/>\n\t<meta name=\"twitter:data1\" content=\"3\u00a0Minuten\" \/>\n<script type=\"application\/ld+json\" class=\"yoast-schema-graph\">{\"@context\":\"https:\\\/\\\/schema.org\",\"@graph\":[{\"@type\":\"WebPage\",\"@id\":\"https:\\\/\\\/bubblz.ai\\\/pt_br\\\/metodos-de-entrada\\\/\",\"url\":\"https:\\\/\\\/bubblz.ai\\\/pt_br\\\/metodos-de-entrada\\\/\",\"name\":\"Input Methods &#8211; Bubblz\",\"isPartOf\":{\"@id\":\"https:\\\/\\\/44.218.186.174\\\/#website\"},\"datePublished\":\"2024-05-06T13:22:32+00:00\",\"dateModified\":\"2024-05-09T13:11:42+00:00\",\"description\":\"Master speaking a language, thanks to Bubblz\u2019s humanlike A.I. chat technology\",\"breadcrumb\":{\"@id\":\"https:\\\/\\\/bubblz.ai\\\/pt_br\\\/metodos-de-entrada\\\/#breadcrumb\"},\"inLanguage\":\"de\",\"potentialAction\":[{\"@type\":\"ReadAction\",\"target\":[\"https:\\\/\\\/bubblz.ai\\\/pt_br\\\/metodos-de-entrada\\\/\"]}]},{\"@type\":\"BreadcrumbList\",\"@id\":\"https:\\\/\\\/bubblz.ai\\\/pt_br\\\/metodos-de-entrada\\\/#breadcrumb\",\"itemListElement\":[{\"@type\":\"ListItem\",\"position\":1,\"name\":\"Home\",\"item\":\"https:\\\/\\\/bubblz.ai\\\/pt_br\\\/\"},{\"@type\":\"ListItem\",\"position\":2,\"name\":\"Input Methods\"}]},{\"@type\":\"WebSite\",\"@id\":\"https:\\\/\\\/44.218.186.174\\\/#website\",\"url\":\"https:\\\/\\\/44.218.186.174\\\/\",\"name\":\"Bubblz\",\"description\":\"AI Language Practice\",\"publisher\":{\"@id\":\"https:\\\/\\\/44.218.186.174\\\/#organization\"},\"potentialAction\":[{\"@type\":\"SearchAction\",\"target\":{\"@type\":\"EntryPoint\",\"urlTemplate\":\"https:\\\/\\\/44.218.186.174\\\/?s={search_term_string}\"},\"query-input\":{\"@type\":\"PropertyValueSpecification\",\"valueRequired\":true,\"valueName\":\"search_term_string\"}}],\"inLanguage\":\"de\"},{\"@type\":\"Organization\",\"@id\":\"https:\\\/\\\/44.218.186.174\\\/#organization\",\"name\":\"Bubblz\",\"url\":\"https:\\\/\\\/44.218.186.174\\\/\",\"logo\":{\"@type\":\"ImageObject\",\"inLanguage\":\"de\",\"@id\":\"https:\\\/\\\/44.218.186.174\\\/#\\\/schema\\\/logo\\\/image\\\/\",\"url\":\"https:\\\/\\\/bubblz.ai\\\/wp-content\\\/uploads\\\/2024\\\/02\\\/logo9.png\",\"contentUrl\":\"https:\\\/\\\/bubblz.ai\\\/wp-content\\\/uploads\\\/2024\\\/02\\\/logo9.png\",\"width\":2400,\"height\":2400,\"caption\":\"Bubblz\"},\"image\":{\"@id\":\"https:\\\/\\\/44.218.186.174\\\/#\\\/schema\\\/logo\\\/image\\\/\"},\"sameAs\":[\"https:\\\/\\\/www.facebook.com\\\/trybubblz\",\"https:\\\/\\\/x.com\\\/trybubblz\"]}]}<\/script>\n<!-- \/ Yoast SEO plugin. -->","yoast_head_json":{"title":"Eingabemethoden - Bubblz","description":"Meistere das Sprechen einer Sprache, dank der menschen\u00e4hnlichen KI-Chat-Technologie von Bubblz.","robots":{"index":"index","follow":"follow","max-snippet":"max-snippet:-1","max-image-preview":"max-image-preview:large","max-video-preview":"max-video-preview:-1"},"canonical":"https:\/\/bubblz.ai\/de\/eingabemethoden\/","og_locale":"de_DE","og_type":"article","og_title":"Input Methods &#8211; Bubblz","og_description":"Master speaking a language, thanks to Bubblz\u2019s humanlike A.I. chat technology","og_url":"https:\/\/bubblz.ai\/de\/eingabemethoden\/","og_site_name":"Bubblz","article_publisher":"https:\/\/www.facebook.com\/trybubblz","article_modified_time":"2024-05-09T13:11:42+00:00","twitter_card":"summary_large_image","twitter_site":"@trybubblz","twitter_misc":{"Gesch\u00e4tzte Lesezeit":"3\u00a0Minuten"},"schema":{"@context":"https:\/\/schema.org","@graph":[{"@type":"WebPage","@id":"https:\/\/bubblz.ai\/pt_br\/metodos-de-entrada\/","url":"https:\/\/bubblz.ai\/pt_br\/metodos-de-entrada\/","name":"Eingabemethoden - Bubblz","isPartOf":{"@id":"https:\/\/44.218.186.174\/#website"},"datePublished":"2024-05-06T13:22:32+00:00","dateModified":"2024-05-09T13:11:42+00:00","description":"Meistere das Sprechen einer Sprache, dank der menschen\u00e4hnlichen KI-Chat-Technologie von Bubblz.","breadcrumb":{"@id":"https:\/\/bubblz.ai\/pt_br\/metodos-de-entrada\/#breadcrumb"},"inLanguage":"de","potentialAction":[{"@type":"ReadAction","target":["https:\/\/bubblz.ai\/pt_br\/metodos-de-entrada\/"]}]},{"@type":"BreadcrumbList","@id":"https:\/\/bubblz.ai\/pt_br\/metodos-de-entrada\/#breadcrumb","itemListElement":[{"@type":"ListItem","position":1,"name":"Home","item":"https:\/\/bubblz.ai\/pt_br\/"},{"@type":"ListItem","position":2,"name":"Input Methods"}]},{"@type":"WebSite","@id":"https:\/\/44.218.186.174\/#website","url":"https:\/\/44.218.186.174\/","name":"Bubblz","description":"AI Sprachpraxis","publisher":{"@id":"https:\/\/44.218.186.174\/#organization"},"potentialAction":[{"@type":"SearchAction","target":{"@type":"EntryPoint","urlTemplate":"https:\/\/44.218.186.174\/?s={search_term_string}"},"query-input":{"@type":"PropertyValueSpecification","valueRequired":true,"valueName":"search_term_string"}}],"inLanguage":"de"},{"@type":"Organization","@id":"https:\/\/44.218.186.174\/#organization","name":"Bubblz","url":"https:\/\/44.218.186.174\/","logo":{"@type":"ImageObject","inLanguage":"de","@id":"https:\/\/44.218.186.174\/#\/schema\/logo\/image\/","url":"https:\/\/bubblz.ai\/wp-content\/uploads\/2024\/02\/logo9.png","contentUrl":"https:\/\/bubblz.ai\/wp-content\/uploads\/2024\/02\/logo9.png","width":2400,"height":2400,"caption":"Bubblz"},"image":{"@id":"https:\/\/44.218.186.174\/#\/schema\/logo\/image\/"},"sameAs":["https:\/\/www.facebook.com\/trybubblz","https:\/\/x.com\/trybubblz"]}]}},"_links":{"self":[{"href":"https:\/\/bubblz.ai\/de\/wp-json\/wp\/v2\/pages\/1749","targetHints":{"allow":["GET"]}}],"collection":[{"href":"https:\/\/bubblz.ai\/de\/wp-json\/wp\/v2\/pages"}],"about":[{"href":"https:\/\/bubblz.ai\/de\/wp-json\/wp\/v2\/types\/page"}],"author":[{"embeddable":true,"href":"https:\/\/bubblz.ai\/de\/wp-json\/wp\/v2\/users\/1"}],"replies":[{"embeddable":true,"href":"https:\/\/bubblz.ai\/de\/wp-json\/wp\/v2\/comments?post=1749"}],"version-history":[{"count":0,"href":"https:\/\/bubblz.ai\/de\/wp-json\/wp\/v2\/pages\/1749\/revisions"}],"wp:attachment":[{"href":"https:\/\/bubblz.ai\/de\/wp-json\/wp\/v2\/media?parent=1749"}],"curies":[{"name":"wp","href":"https:\/\/api.w.org\/{rel}","templated":true}]}}