{"id":1749,"date":"2024-05-06T13:22:32","date_gmt":"2024-05-06T13:22:32","guid":{"rendered":"https:\/\/bubblz.ai\/?page_id=1749"},"modified":"2024-05-09T13:11:42","modified_gmt":"2024-05-09T13:11:42","slug":"metodos-de-entrada","status":"publish","type":"page","link":"https:\/\/bubblz.ai\/es\/input-methods\/","title":{"rendered":"M\u00e9todos de entrada"},"content":{"rendered":"<section class=\"bde-section-1749-100 bde-section\">\n  \n  \n\t\n\n\n\n<div class=\"section-container\"><div class=\"bde-text-1749-101 bde-text\" data-entrance=\"slideUp\">\nSoporte Bubblz\n<\/div><h1 class=\"bde-heading-1749-102 bde-heading\" data-entrance=\"slideUp\">\nDecide tu mejor forma de practicar con Bubblz: \u00bfVoz o texto?\n<\/h1><\/div>\n<\/section><section class=\"bde-section-1749-103 bde-section\">\n  \n  \n\t\n\n\n\n<div class=\"section-container\"><div class=\"bde-div-1749-104 bde-div\">\n  \n  \n\t\n\n\n\n<div class=\"bde-rich-text-1749-105 bde-rich-text breakdance-rich-text-styles\">\n<p>Elegir el m\u00e9todo de entrada adecuado puede afectar significativamente a tu experiencia de aprendizaje de idiomas con Bubblz. Esta gu\u00eda te ayudar\u00e1 a comprender las ventajas de la entrada por voz y de la entrada por texto, y te sugerir\u00e1 cu\u00e1l puede ser m\u00e1s adecuada para ti en funci\u00f3n de tu nivel actual y de tus objetivos de aprendizaje.<\/p><h2>Nuestra filosof\u00eda<\/h2><p>En Bubblz, creemos que el objetivo m\u00e1s importante en el aprendizaje de idiomas es llegar a ser un experto en la construcci\u00f3n de enunciados completos, similares a los de un nativo, eligiendo las mejores frases para expresar tus pensamientos. Por lo tanto, es esencial seleccionar un m\u00e9todo de entrada que te permita expresarte plenamente de la forma m\u00e1s eficiente y eficaz.<\/p><h2>Comprender los m\u00e9todos de entrada<\/h2><p><strong>1. Entrada de voz:<\/strong><\/p><ul><li><strong>Pros:<\/strong><ul><li>Ideal para practicar la pronunciaci\u00f3n y la fluidez.<\/li><li>Simula conversaciones de la vida real, mejorando tus habilidades de comprensi\u00f3n y expresi\u00f3n oral simult\u00e1neamente.<\/li><\/ul><\/li><li><strong>Contras:<\/strong><ul><li>Los usuarios pueden optar por frases m\u00e1s sencillas debido a la presi\u00f3n de la grabaci\u00f3n.<\/li><li>La precisi\u00f3n del reconocimiento de voz puede variar seg\u00fan el acento y la pronunciaci\u00f3n, lo que puede dar lugar a malentendidos.<\/li><li>Las autocorrecciones frecuentes de los alumnos pueden confundir al sistema de reconocimiento de voz.<\/li><\/ul><\/li><\/ul><p><strong>2. Entrada de texto:<\/strong><\/p><ul><li><strong>Pros:<\/strong><ul><li>Permite m\u00e1s tiempo para pensar y construir respuestas, <em>ayudar a aprender la estructura de las frases y el vocabulario adecuados<\/em> (recuerda, \u00e9se es nuestro principal objetivo).<\/li><li>Es m\u00e1s f\u00e1cil editar y perfeccionar las respuestas, lo que puede conducir a un aprendizaje m\u00e1s profundo mediante la correcci\u00f3n de errores.<\/li><li>No hay que preocuparse de que el acento o la claridad del habla afecten al proceso de aprendizaje.<\/li><\/ul><\/li><li><strong>Contras:<\/strong><ul><li>Menos eficaz para mejorar la pronunciaci\u00f3n y la expresi\u00f3n oral espont\u00e1nea.<\/li><\/ul><\/li><\/ul><h3>Cu\u00e1ndo utilizar la entrada de voz<\/h3><ul><li>M\u00e1s adecuado para <strong>intermedio alto a avanzado <\/strong>oradores que quieran perfeccionar su capacidad de hablar y escuchar.<\/li><li>\u00datil cuando te sientes c\u00f3modo construyendo frases r\u00e1pidamente.<\/li><\/ul><p><strong>Consejos para utilizar la entrada de voz:<\/strong><\/p><ul><li>Organiza tus pensamientos antes de empezar a hablar.<\/li><li>Para una entrada de voz m\u00e1s clara, considera la posibilidad de utilizar auriculares con micr\u00f3fono.<\/li><li>No dudes en cancelarlo y volver a empezar si tropiezas: \u00a1la pr\u00e1ctica hace al maestro!<\/li><\/ul><h3>Cu\u00e1ndo utilizar la introducci\u00f3n de texto<\/h3><ul><li>Recomendado para <strong>b\u00e1sico y medio-bajo<\/strong> hablantes que necesitan m\u00e1s tiempo para formar frases correctas y completas.<\/li><li>Ideal para quienes se sienten m\u00e1s seguros expres\u00e1ndose por escrito o a quienes les preocupa que su acento influya en el reconocimiento de voz.<\/li><\/ul><p><strong>Consejos para utilizar la introducci\u00f3n de texto:<\/strong><\/p><ul><li>T\u00f3mate tu tiempo para elaborar las respuestas.<\/li><li>Aprovecha la oportunidad para practicar la ortograf\u00eda y la gram\u00e1tica correctas.<\/li><\/ul><h3>Elegir lo mejor para ti<\/h3><p>En \u00faltima instancia, la elecci\u00f3n entre las entradas de voz y de texto debe guiarse por el m\u00e9todo que te ayude a construir las frases m\u00e1s precisas, completas y similares a las nativas. Esto no s\u00f3lo implica elegir el m\u00e9todo que te resulte m\u00e1s c\u00f3modo, sino tambi\u00e9n el que te suponga un reto suficiente para mejorar.<\/p><p>Tanto la voz como el texto son herramientas valiosas en tu viaje de aprendizaje de idiomas con Bubblz. Dependiendo de tu nivel actual y de tus objetivos espec\u00edficos de aprendizaje, una puede ser m\u00e1s adecuada que la otra. Recuerda que el objetivo final es mejorar tu capacidad para expresar pensamientos completos y precisos en tu nueva lengua.<\/p><p><strong>Consejo final:<\/strong> Experimenta con ambos m\u00e9todos para encontrar el que realmente se adapta a tu estilo y hace avanzar tus habilidades. Con Bubblz, \u00a1siempre tienes el control de tu viaje de aprendizaje!<\/p>\n<\/div>\n<\/div><\/div>\n<\/section>","protected":false},"excerpt":{"rendered":"<p>Bubblz Support Decide Your Best Way to Practice with Bubblz: Voice or Text? Choosing the right input method can significantly affect your language learning experience with Bubblz. This guide will help you understand the benefits of both voice input and text input, and suggest which might be more suitable for you based on your current [&hellip;]<\/p>\n","protected":false},"author":1,"featured_media":0,"parent":0,"menu_order":0,"comment_status":"closed","ping_status":"closed","template":"","meta":{"inline_featured_image":false,"_breakdance_hide_in_design_set":false,"_breakdance_tags":"","footnotes":""},"class_list":["post-1749","page","type-page","status-publish","hentry"],"yoast_head":"<!-- This site is optimized with the Yoast SEO plugin v27.4 - https:\/\/yoast.com\/product\/yoast-seo-wordpress\/ -->\n<title>Input Methods &#8211; Bubblz<\/title>\n<meta name=\"description\" content=\"Master speaking a language, thanks to Bubblz\u2019s humanlike A.I. chat technology\" \/>\n<meta name=\"robots\" content=\"index, follow, max-snippet:-1, max-image-preview:large, max-video-preview:-1\" \/>\n<link rel=\"canonical\" href=\"https:\/\/bubblz.ai\/es\/metodos-de-entrada\/\" \/>\n<meta property=\"og:locale\" content=\"es_ES\" \/>\n<meta property=\"og:type\" content=\"article\" \/>\n<meta property=\"og:title\" content=\"Input Methods &#8211; Bubblz\" \/>\n<meta property=\"og:description\" content=\"Master speaking a language, thanks to Bubblz\u2019s humanlike A.I. chat technology\" \/>\n<meta property=\"og:url\" content=\"https:\/\/bubblz.ai\/es\/metodos-de-entrada\/\" \/>\n<meta property=\"og:site_name\" content=\"Bubblz\" \/>\n<meta property=\"article:publisher\" content=\"https:\/\/www.facebook.com\/trybubblz\" \/>\n<meta property=\"article:modified_time\" content=\"2024-05-09T13:11:42+00:00\" \/>\n<meta name=\"twitter:card\" content=\"summary_large_image\" \/>\n<meta name=\"twitter:site\" content=\"@trybubblz\" \/>\n<meta name=\"twitter:label1\" content=\"Tiempo de lectura\" \/>\n\t<meta name=\"twitter:data1\" content=\"3 minutos\" \/>\n<script type=\"application\/ld+json\" class=\"yoast-schema-graph\">{\"@context\":\"https:\\\/\\\/schema.org\",\"@graph\":[{\"@type\":\"WebPage\",\"@id\":\"https:\\\/\\\/bubblz.ai\\\/pt_br\\\/metodos-de-entrada\\\/\",\"url\":\"https:\\\/\\\/bubblz.ai\\\/pt_br\\\/metodos-de-entrada\\\/\",\"name\":\"Input Methods &#8211; Bubblz\",\"isPartOf\":{\"@id\":\"https:\\\/\\\/44.218.186.174\\\/#website\"},\"datePublished\":\"2024-05-06T13:22:32+00:00\",\"dateModified\":\"2024-05-09T13:11:42+00:00\",\"description\":\"Master speaking a language, thanks to Bubblz\u2019s humanlike A.I. chat technology\",\"breadcrumb\":{\"@id\":\"https:\\\/\\\/bubblz.ai\\\/pt_br\\\/metodos-de-entrada\\\/#breadcrumb\"},\"inLanguage\":\"es\",\"potentialAction\":[{\"@type\":\"ReadAction\",\"target\":[\"https:\\\/\\\/bubblz.ai\\\/pt_br\\\/metodos-de-entrada\\\/\"]}]},{\"@type\":\"BreadcrumbList\",\"@id\":\"https:\\\/\\\/bubblz.ai\\\/pt_br\\\/metodos-de-entrada\\\/#breadcrumb\",\"itemListElement\":[{\"@type\":\"ListItem\",\"position\":1,\"name\":\"Home\",\"item\":\"https:\\\/\\\/bubblz.ai\\\/pt_br\\\/\"},{\"@type\":\"ListItem\",\"position\":2,\"name\":\"Input Methods\"}]},{\"@type\":\"WebSite\",\"@id\":\"https:\\\/\\\/44.218.186.174\\\/#website\",\"url\":\"https:\\\/\\\/44.218.186.174\\\/\",\"name\":\"Bubblz\",\"description\":\"AI Language Practice\",\"publisher\":{\"@id\":\"https:\\\/\\\/44.218.186.174\\\/#organization\"},\"potentialAction\":[{\"@type\":\"SearchAction\",\"target\":{\"@type\":\"EntryPoint\",\"urlTemplate\":\"https:\\\/\\\/44.218.186.174\\\/?s={search_term_string}\"},\"query-input\":{\"@type\":\"PropertyValueSpecification\",\"valueRequired\":true,\"valueName\":\"search_term_string\"}}],\"inLanguage\":\"es\"},{\"@type\":\"Organization\",\"@id\":\"https:\\\/\\\/44.218.186.174\\\/#organization\",\"name\":\"Bubblz\",\"url\":\"https:\\\/\\\/44.218.186.174\\\/\",\"logo\":{\"@type\":\"ImageObject\",\"inLanguage\":\"es\",\"@id\":\"https:\\\/\\\/44.218.186.174\\\/#\\\/schema\\\/logo\\\/image\\\/\",\"url\":\"https:\\\/\\\/bubblz.ai\\\/wp-content\\\/uploads\\\/2024\\\/02\\\/logo9.png\",\"contentUrl\":\"https:\\\/\\\/bubblz.ai\\\/wp-content\\\/uploads\\\/2024\\\/02\\\/logo9.png\",\"width\":2400,\"height\":2400,\"caption\":\"Bubblz\"},\"image\":{\"@id\":\"https:\\\/\\\/44.218.186.174\\\/#\\\/schema\\\/logo\\\/image\\\/\"},\"sameAs\":[\"https:\\\/\\\/www.facebook.com\\\/trybubblz\",\"https:\\\/\\\/x.com\\\/trybubblz\"]}]}<\/script>\n<!-- \/ Yoast SEO plugin. -->","yoast_head_json":{"title":"M\u00e9todos de entrada - Bubblz","description":"Domina un idioma gracias a la tecnolog\u00eda de chat de la I.A. Bubblz, similar a la humana","robots":{"index":"index","follow":"follow","max-snippet":"max-snippet:-1","max-image-preview":"max-image-preview:large","max-video-preview":"max-video-preview:-1"},"canonical":"https:\/\/bubblz.ai\/es\/metodos-de-entrada\/","og_locale":"es_ES","og_type":"article","og_title":"Input Methods &#8211; Bubblz","og_description":"Master speaking a language, thanks to Bubblz\u2019s humanlike A.I. chat technology","og_url":"https:\/\/bubblz.ai\/es\/metodos-de-entrada\/","og_site_name":"Bubblz","article_publisher":"https:\/\/www.facebook.com\/trybubblz","article_modified_time":"2024-05-09T13:11:42+00:00","twitter_card":"summary_large_image","twitter_site":"@trybubblz","twitter_misc":{"Tiempo de lectura":"3 minutos"},"schema":{"@context":"https:\/\/schema.org","@graph":[{"@type":"WebPage","@id":"https:\/\/bubblz.ai\/pt_br\/metodos-de-entrada\/","url":"https:\/\/bubblz.ai\/pt_br\/metodos-de-entrada\/","name":"M\u00e9todos de entrada - Bubblz","isPartOf":{"@id":"https:\/\/44.218.186.174\/#website"},"datePublished":"2024-05-06T13:22:32+00:00","dateModified":"2024-05-09T13:11:42+00:00","description":"Domina un idioma gracias a la tecnolog\u00eda de chat de la I.A. Bubblz, similar a la humana","breadcrumb":{"@id":"https:\/\/bubblz.ai\/pt_br\/metodos-de-entrada\/#breadcrumb"},"inLanguage":"es","potentialAction":[{"@type":"ReadAction","target":["https:\/\/bubblz.ai\/pt_br\/metodos-de-entrada\/"]}]},{"@type":"BreadcrumbList","@id":"https:\/\/bubblz.ai\/pt_br\/metodos-de-entrada\/#breadcrumb","itemListElement":[{"@type":"ListItem","position":1,"name":"Home","item":"https:\/\/bubblz.ai\/pt_br\/"},{"@type":"ListItem","position":2,"name":"Input Methods"}]},{"@type":"WebSite","@id":"https:\/\/44.218.186.174\/#website","url":"https:\/\/44.218.186.174\/","name":"Bubblz","description":"Pr\u00e1ctica ling\u00fc\u00edstica de la IA","publisher":{"@id":"https:\/\/44.218.186.174\/#organization"},"potentialAction":[{"@type":"SearchAction","target":{"@type":"EntryPoint","urlTemplate":"https:\/\/44.218.186.174\/?s={search_term_string}"},"query-input":{"@type":"PropertyValueSpecification","valueRequired":true,"valueName":"search_term_string"}}],"inLanguage":"es"},{"@type":"Organization","@id":"https:\/\/44.218.186.174\/#organization","name":"Bubblz","url":"https:\/\/44.218.186.174\/","logo":{"@type":"ImageObject","inLanguage":"es","@id":"https:\/\/44.218.186.174\/#\/schema\/logo\/image\/","url":"https:\/\/bubblz.ai\/wp-content\/uploads\/2024\/02\/logo9.png","contentUrl":"https:\/\/bubblz.ai\/wp-content\/uploads\/2024\/02\/logo9.png","width":2400,"height":2400,"caption":"Bubblz"},"image":{"@id":"https:\/\/44.218.186.174\/#\/schema\/logo\/image\/"},"sameAs":["https:\/\/www.facebook.com\/trybubblz","https:\/\/x.com\/trybubblz"]}]}},"_links":{"self":[{"href":"https:\/\/bubblz.ai\/es\/wp-json\/wp\/v2\/pages\/1749","targetHints":{"allow":["GET"]}}],"collection":[{"href":"https:\/\/bubblz.ai\/es\/wp-json\/wp\/v2\/pages"}],"about":[{"href":"https:\/\/bubblz.ai\/es\/wp-json\/wp\/v2\/types\/page"}],"author":[{"embeddable":true,"href":"https:\/\/bubblz.ai\/es\/wp-json\/wp\/v2\/users\/1"}],"replies":[{"embeddable":true,"href":"https:\/\/bubblz.ai\/es\/wp-json\/wp\/v2\/comments?post=1749"}],"version-history":[{"count":0,"href":"https:\/\/bubblz.ai\/es\/wp-json\/wp\/v2\/pages\/1749\/revisions"}],"wp:attachment":[{"href":"https:\/\/bubblz.ai\/es\/wp-json\/wp\/v2\/media?parent=1749"}],"curies":[{"name":"wp","href":"https:\/\/api.w.org\/{rel}","templated":true}]}}