{"id":1967,"date":"2025-02-13T16:30:29","date_gmt":"2025-02-13T16:30:29","guid":{"rendered":"https:\/\/bubblz.ai\/?page_id=1967"},"modified":"2025-02-13T16:30:29","modified_gmt":"2025-02-13T16:30:29","slug":"fr_fr-compartir","status":"publish","type":"page","link":"https:\/\/bubblz.ai\/es\/fr_fr-share\/","title":{"rendered":"Compartir franc\u00e9s"},"content":{"rendered":"<section class=\"bde-section-1967-100 bde-section\">\n  \n  \n\t\n\n\n\n<div class=\"section-container\"><div class=\"bde-text-1967-101 bde-text\">\nSe trata de un elemento de texto b\u00e1sico.\n<\/div><\/div>\n<\/section>","protected":false},"excerpt":{"rendered":"<p>Se trata de un elemento de texto b\u00e1sico.<\/p>","protected":false},"author":1,"featured_media":0,"parent":0,"menu_order":0,"comment_status":"closed","ping_status":"closed","template":"","meta":{"inline_featured_image":false,"_breakdance_hide_in_design_set":false,"_breakdance_tags":"","footnotes":""},"class_list":["post-1967","page","type-page","status-publish","hentry"],"yoast_head":"<!-- This site is optimized with the Yoast SEO plugin v27.4 - https:\/\/yoast.com\/product\/yoast-seo-wordpress\/ -->\n<title>Share French &#8211; Bubblz<\/title>\n<meta name=\"description\" content=\"Master speaking a language, thanks to Bubblz\u2019s humanlike A.I. chat technology\" \/>\n<meta name=\"robots\" content=\"index, follow, max-snippet:-1, max-image-preview:large, max-video-preview:-1\" \/>\n<link rel=\"canonical\" href=\"https:\/\/44.218.186.174\/fr_fr-share\/\" \/>\n<meta property=\"og:locale\" content=\"es_ES\" \/>\n<meta property=\"og:type\" content=\"article\" \/>\n<meta property=\"og:title\" content=\"Share French &#8211; Bubblz\" \/>\n<meta property=\"og:description\" content=\"Master speaking a language, thanks to Bubblz\u2019s humanlike A.I. chat technology\" \/>\n<meta property=\"og:url\" content=\"https:\/\/44.218.186.174\/fr_fr-share\/\" \/>\n<meta property=\"og:site_name\" content=\"Bubblz\" \/>\n<meta property=\"article:publisher\" content=\"https:\/\/www.facebook.com\/trybubblz\" \/>\n<meta name=\"twitter:card\" content=\"summary_large_image\" \/>\n<meta name=\"twitter:site\" content=\"@trybubblz\" \/>\n<meta name=\"twitter:label1\" content=\"Tiempo de lectura\" \/>\n\t<meta name=\"twitter:data1\" content=\"1 minuto\" \/>\n<script type=\"application\/ld+json\" class=\"yoast-schema-graph\">{\"@context\":\"https:\\\/\\\/schema.org\",\"@graph\":[{\"@type\":\"WebPage\",\"@id\":\"https:\\\/\\\/44.218.186.174\\\/fr_fr-share\\\/\",\"url\":\"https:\\\/\\\/44.218.186.174\\\/fr_fr-share\\\/\",\"name\":\"Share French &#8211; Bubblz\",\"isPartOf\":{\"@id\":\"http:\\\/\\\/44.218.186.174\\\/#website\"},\"datePublished\":\"2025-02-13T16:30:29+00:00\",\"description\":\"Master speaking a language, thanks to Bubblz\u2019s humanlike A.I. chat technology\",\"breadcrumb\":{\"@id\":\"https:\\\/\\\/44.218.186.174\\\/fr_fr-share\\\/#breadcrumb\"},\"inLanguage\":\"es\",\"potentialAction\":[{\"@type\":\"ReadAction\",\"target\":[\"https:\\\/\\\/44.218.186.174\\\/fr_fr-share\\\/\"]}]},{\"@type\":\"BreadcrumbList\",\"@id\":\"https:\\\/\\\/44.218.186.174\\\/fr_fr-share\\\/#breadcrumb\",\"itemListElement\":[{\"@type\":\"ListItem\",\"position\":1,\"name\":\"Home\",\"item\":\"http:\\\/\\\/44.218.186.174\\\/\"},{\"@type\":\"ListItem\",\"position\":2,\"name\":\"Share French\"}]},{\"@type\":\"WebSite\",\"@id\":\"http:\\\/\\\/44.218.186.174\\\/#website\",\"url\":\"http:\\\/\\\/44.218.186.174\\\/\",\"name\":\"Bubblz\",\"description\":\"AI Language Practice\",\"publisher\":{\"@id\":\"http:\\\/\\\/44.218.186.174\\\/#organization\"},\"potentialAction\":[{\"@type\":\"SearchAction\",\"target\":{\"@type\":\"EntryPoint\",\"urlTemplate\":\"http:\\\/\\\/44.218.186.174\\\/?s={search_term_string}\"},\"query-input\":{\"@type\":\"PropertyValueSpecification\",\"valueRequired\":true,\"valueName\":\"search_term_string\"}}],\"inLanguage\":\"es\"},{\"@type\":\"Organization\",\"@id\":\"http:\\\/\\\/44.218.186.174\\\/#organization\",\"name\":\"Bubblz\",\"url\":\"http:\\\/\\\/44.218.186.174\\\/\",\"logo\":{\"@type\":\"ImageObject\",\"inLanguage\":\"es\",\"@id\":\"http:\\\/\\\/44.218.186.174\\\/#\\\/schema\\\/logo\\\/image\\\/\",\"url\":\"https:\\\/\\\/bubblz.ai\\\/wp-content\\\/uploads\\\/2024\\\/02\\\/logo9.png\",\"contentUrl\":\"https:\\\/\\\/bubblz.ai\\\/wp-content\\\/uploads\\\/2024\\\/02\\\/logo9.png\",\"width\":2400,\"height\":2400,\"caption\":\"Bubblz\"},\"image\":{\"@id\":\"http:\\\/\\\/44.218.186.174\\\/#\\\/schema\\\/logo\\\/image\\\/\"},\"sameAs\":[\"https:\\\/\\\/www.facebook.com\\\/trybubblz\",\"https:\\\/\\\/x.com\\\/trybubblz\"]}]}<\/script>\n<!-- \/ Yoast SEO plugin. -->","yoast_head_json":{"title":"Compartir Franc\u00e9s - Bubblz","description":"Domina un idioma gracias a la tecnolog\u00eda de chat de la I.A. Bubblz, similar a la humana","robots":{"index":"index","follow":"follow","max-snippet":"max-snippet:-1","max-image-preview":"max-image-preview:large","max-video-preview":"max-video-preview:-1"},"canonical":"https:\/\/44.218.186.174\/fr_fr-share\/","og_locale":"es_ES","og_type":"article","og_title":"Share French &#8211; Bubblz","og_description":"Master speaking a language, thanks to Bubblz\u2019s humanlike A.I. chat technology","og_url":"https:\/\/44.218.186.174\/fr_fr-share\/","og_site_name":"Bubblz","article_publisher":"https:\/\/www.facebook.com\/trybubblz","twitter_card":"summary_large_image","twitter_site":"@trybubblz","twitter_misc":{"Tiempo de lectura":"1 minuto"},"schema":{"@context":"https:\/\/schema.org","@graph":[{"@type":"WebPage","@id":"https:\/\/44.218.186.174\/fr_fr-share\/","url":"https:\/\/44.218.186.174\/fr_fr-share\/","name":"Compartir Franc\u00e9s - Bubblz","isPartOf":{"@id":"http:\/\/44.218.186.174\/#website"},"datePublished":"2025-02-13T16:30:29+00:00","description":"Domina un idioma gracias a la tecnolog\u00eda de chat de la I.A. Bubblz, similar a la humana","breadcrumb":{"@id":"https:\/\/44.218.186.174\/fr_fr-share\/#breadcrumb"},"inLanguage":"es","potentialAction":[{"@type":"ReadAction","target":["https:\/\/44.218.186.174\/fr_fr-share\/"]}]},{"@type":"BreadcrumbList","@id":"https:\/\/44.218.186.174\/fr_fr-share\/#breadcrumb","itemListElement":[{"@type":"ListItem","position":1,"name":"Home","item":"http:\/\/44.218.186.174\/"},{"@type":"ListItem","position":2,"name":"Share French"}]},{"@type":"WebSite","@id":"http:\/\/44.218.186.174\/#website","url":"http:\/\/44.218.186.174\/","name":"Bubblz","description":"Pr\u00e1ctica ling\u00fc\u00edstica de la IA","publisher":{"@id":"http:\/\/44.218.186.174\/#organization"},"potentialAction":[{"@type":"SearchAction","target":{"@type":"EntryPoint","urlTemplate":"http:\/\/44.218.186.174\/?s={search_term_string}"},"query-input":{"@type":"PropertyValueSpecification","valueRequired":true,"valueName":"search_term_string"}}],"inLanguage":"es"},{"@type":"Organization","@id":"http:\/\/44.218.186.174\/#organization","name":"Bubblz","url":"http:\/\/44.218.186.174\/","logo":{"@type":"ImageObject","inLanguage":"es","@id":"http:\/\/44.218.186.174\/#\/schema\/logo\/image\/","url":"https:\/\/bubblz.ai\/wp-content\/uploads\/2024\/02\/logo9.png","contentUrl":"https:\/\/bubblz.ai\/wp-content\/uploads\/2024\/02\/logo9.png","width":2400,"height":2400,"caption":"Bubblz"},"image":{"@id":"http:\/\/44.218.186.174\/#\/schema\/logo\/image\/"},"sameAs":["https:\/\/www.facebook.com\/trybubblz","https:\/\/x.com\/trybubblz"]}]}},"_links":{"self":[{"href":"https:\/\/bubblz.ai\/es\/wp-json\/wp\/v2\/pages\/1967","targetHints":{"allow":["GET"]}}],"collection":[{"href":"https:\/\/bubblz.ai\/es\/wp-json\/wp\/v2\/pages"}],"about":[{"href":"https:\/\/bubblz.ai\/es\/wp-json\/wp\/v2\/types\/page"}],"author":[{"embeddable":true,"href":"https:\/\/bubblz.ai\/es\/wp-json\/wp\/v2\/users\/1"}],"replies":[{"embeddable":true,"href":"https:\/\/bubblz.ai\/es\/wp-json\/wp\/v2\/comments?post=1967"}],"version-history":[{"count":0,"href":"https:\/\/bubblz.ai\/es\/wp-json\/wp\/v2\/pages\/1967\/revisions"}],"wp:attachment":[{"href":"https:\/\/bubblz.ai\/es\/wp-json\/wp\/v2\/media?parent=1967"}],"curies":[{"name":"wp","href":"https:\/\/api.w.org\/{rel}","templated":true}]}}