{"id":1749,"date":"2024-05-06T13:22:32","date_gmt":"2024-05-06T13:22:32","guid":{"rendered":"https:\/\/bubblz.ai\/?page_id=1749"},"modified":"2024-05-09T13:11:42","modified_gmt":"2024-05-09T13:11:42","slug":"methodes-de-saisie","status":"publish","type":"page","link":"https:\/\/bubblz.ai\/fr\/input-methods\/","title":{"rendered":"M\u00e9thodes d'entr\u00e9e"},"content":{"rendered":"<section class=\"bde-section-1749-100 bde-section\">\n  \n  \n\t\n\n\n\n<div class=\"section-container\"><div class=\"bde-text-1749-101 bde-text\" data-entrance=\"slideUp\">\nBubblz Support\n<\/div><h1 class=\"bde-heading-1749-102 bde-heading\" data-entrance=\"slideUp\">\nD\u00e9cide de la meilleure fa\u00e7on de pratiquer avec Bubblz : voix ou texte ?\n<\/h1><\/div>\n<\/section><section class=\"bde-section-1749-103 bde-section\">\n  \n  \n\t\n\n\n\n<div class=\"section-container\"><div class=\"bde-div-1749-104 bde-div\">\n  \n  \n\t\n\n\n\n<div class=\"bde-rich-text-1749-105 bde-rich-text breakdance-rich-text-styles\">\n<p>Le choix de la bonne m\u00e9thode de saisie peut avoir une incidence consid\u00e9rable sur ton exp\u00e9rience d'apprentissage des langues avec Bubblz. Ce guide t'aidera \u00e0 comprendre les avantages de la saisie vocale et de la saisie de texte, et te sugg\u00e9rera la m\u00e9thode qui te conviendrait le mieux en fonction de tes comp\u00e9tences actuelles et de tes objectifs d'apprentissage.<\/p><h2>Notre philosophie<\/h2><p>Chez Bubblz, nous pensons que l'objectif le plus important de l'apprentissage d'une langue est de devenir capable de construire des \u00e9nonc\u00e9s complets, semblables \u00e0 ceux d'un natif - en choisissant la meilleure formulation pour exprimer tes pens\u00e9es. Il est donc essentiel de choisir une m\u00e9thode d'entr\u00e9e qui te permette de t'exprimer pleinement de la mani\u00e8re la plus efficace possible.<\/p><h2>Comprendre les m\u00e9thodes de saisie<\/h2><p><strong>1. Entr\u00e9e vocale :<\/strong><\/p><ul><li><strong>Pour :<\/strong><ul><li>Id\u00e9al pour s'entra\u00eener \u00e0 la prononciation et \u00e0 la fluidit\u00e9.<\/li><li>Simule les conversations de la vie r\u00e9elle, en am\u00e9liorant simultan\u00e9ment tes capacit\u00e9s d'\u00e9coute et d'expression orale.<\/li><\/ul><\/li><li><strong>Cons :<\/strong><ul><li>Les utilisateurs peuvent opter pour des phrases plus simples en raison de la pression de l'enregistrement.<\/li><li>La pr\u00e9cision de la reconnaissance vocale peut varier en fonction de l'accent et de la prononciation, ce qui peut entra\u00eener des malentendus.<\/li><li>Les autocorrections fr\u00e9quentes des apprenants risquent d'embrouiller le syst\u00e8me de reconnaissance vocale.<\/li><\/ul><\/li><\/ul><p><strong>2. Saisie de texte :<\/strong><\/p><ul><li><strong>Pour :<\/strong><ul><li>Permet d'avoir plus de temps pour r\u00e9fl\u00e9chir et construire des r\u00e9ponses, <em>aide \u00e0 l'apprentissage d'une structure de phrase et d'un vocabulaire appropri\u00e9s<\/em> (n'oublie pas que c'est notre objectif principal).<\/li><li>Il est plus facile de modifier et de perfectionner les r\u00e9ponses, ce qui peut conduire \u00e0 un apprentissage plus approfondi gr\u00e2ce \u00e0 la correction des erreurs.<\/li><li>Tu n'as pas \u00e0 te soucier de l'accent ou de la clart\u00e9 de la parole qui affecte le processus d'apprentissage.<\/li><\/ul><\/li><li><strong>Cons :<\/strong><ul><li>Moins efficace pour am\u00e9liorer la prononciation et les comp\u00e9tences d'expression orale spontan\u00e9e.<\/li><\/ul><\/li><\/ul><h3>Quand utiliser la saisie vocale<\/h3><ul><li>Convient le mieux \u00e0 <strong>Interm\u00e9diaire sup\u00e9rieur \u00e0 avanc\u00e9 <\/strong>les orateurs qui veulent affiner leurs comp\u00e9tences en mati\u00e8re d'expression orale et d'\u00e9coute.<\/li><li>Utile lorsque tu es \u00e0 l'aise pour construire des phrases rapidement.<\/li><\/ul><p><strong>Conseils pour l'utilisation de la saisie vocale :<\/strong><\/p><ul><li>Organise tes pens\u00e9es avant de commencer \u00e0 parler.<\/li><li>Pour une saisie vocale plus claire, pense \u00e0 utiliser un casque avec un microphone.<\/li><li>N'h\u00e9site pas \u00e0 annuler et \u00e0 recommencer si tu tr\u00e9buches - c'est en forgeant qu'on devient forgeron !<\/li><\/ul><h3>Quand utiliser la saisie de texte<\/h3><ul><li>Recommand\u00e9 pour <strong>basique et interm\u00e9diaire inf\u00e9rieur<\/strong> les locuteurs qui ont besoin de plus de temps pour former des phrases correctes et compl\u00e8tes.<\/li><li>Id\u00e9al pour ceux qui se sentent plus \u00e0 l'aise pour s'exprimer \u00e0 l'\u00e9crit ou qui craignent que leur accent n'influence la reconnaissance vocale.<\/li><\/ul><p><strong>Conseils pour l'utilisation de la saisie de texte :<\/strong><\/p><ul><li>Prends ton temps pour construire les r\u00e9ponses.<\/li><li>Profite de l'occasion pour t'exercer \u00e0 une orthographe et une grammaire correctes.<\/li><\/ul><h3>Choisir ce qui est le mieux pour toi<\/h3><p>En fin de compte, le choix entre la saisie vocale et la saisie textuelle doit \u00eatre guid\u00e9 par la m\u00e9thode qui t'aide \u00e0 construire les \u00e9nonc\u00e9s les plus pr\u00e9cis, les plus complets et les plus proches de la langue maternelle. Il ne s'agit pas seulement de choisir la m\u00e9thode qui te met le plus \u00e0 l'aise, mais aussi celle qui te met suffisamment au d\u00e9fi pour que tu t'am\u00e9liores.<\/p><p>Les entr\u00e9es vocales et textuelles sont toutes deux des outils pr\u00e9cieux dans ton parcours d'apprentissage des langues avec Bubblz. En fonction de ton niveau actuel et de tes objectifs d'apprentissage sp\u00e9cifiques, l'un peut \u00eatre plus adapt\u00e9 que l'autre. N'oublie pas que le but ultime est d'am\u00e9liorer ta capacit\u00e9 \u00e0 exprimer des pens\u00e9es compl\u00e8tes et pr\u00e9cises dans ta nouvelle langue.<\/p><p><strong>Dernier conseil :<\/strong> Exp\u00e9rimente les deux m\u00e9thodes pour trouver celle qui correspond vraiment \u00e0 ton style et fait progresser tes comp\u00e9tences. Avec Bubblz, tu as toujours le contr\u00f4le de ton parcours d'apprentissage !<\/p>\n<\/div>\n<\/div><\/div>\n<\/section>","protected":false},"excerpt":{"rendered":"<p>Bubblz Support Decide Your Best Way to Practice with Bubblz: Voice or Text? Choosing the right input method can significantly affect your language learning experience with Bubblz. This guide will help you understand the benefits of both voice input and text input, and suggest which might be more suitable for you based on your current [&hellip;]<\/p>\n","protected":false},"author":1,"featured_media":0,"parent":0,"menu_order":0,"comment_status":"closed","ping_status":"closed","template":"","meta":{"inline_featured_image":false,"_breakdance_hide_in_design_set":false,"_breakdance_tags":"","footnotes":""},"class_list":["post-1749","page","type-page","status-publish","hentry"],"yoast_head":"<!-- This site is optimized with the Yoast SEO plugin v27.4 - https:\/\/yoast.com\/product\/yoast-seo-wordpress\/ -->\n<title>Input Methods &#8211; Bubblz<\/title>\n<meta name=\"description\" content=\"Master speaking a language, thanks to Bubblz\u2019s humanlike A.I. chat technology\" \/>\n<meta name=\"robots\" content=\"index, follow, max-snippet:-1, max-image-preview:large, max-video-preview:-1\" \/>\n<link rel=\"canonical\" href=\"https:\/\/bubblz.ai\/fr\/methodes-de-saisie\/\" \/>\n<meta property=\"og:locale\" content=\"fr_FR\" \/>\n<meta property=\"og:type\" content=\"article\" \/>\n<meta property=\"og:title\" content=\"Input Methods &#8211; Bubblz\" \/>\n<meta property=\"og:description\" content=\"Master speaking a language, thanks to Bubblz\u2019s humanlike A.I. chat technology\" \/>\n<meta property=\"og:url\" content=\"https:\/\/bubblz.ai\/fr\/methodes-de-saisie\/\" \/>\n<meta property=\"og:site_name\" content=\"Bubblz\" \/>\n<meta property=\"article:publisher\" content=\"https:\/\/www.facebook.com\/trybubblz\" \/>\n<meta property=\"article:modified_time\" content=\"2024-05-09T13:11:42+00:00\" \/>\n<meta name=\"twitter:card\" content=\"summary_large_image\" \/>\n<meta name=\"twitter:site\" content=\"@trybubblz\" \/>\n<meta name=\"twitter:label1\" content=\"Dur\u00e9e de lecture estim\u00e9e\" \/>\n\t<meta name=\"twitter:data1\" content=\"3 minutes\" \/>\n<script type=\"application\/ld+json\" class=\"yoast-schema-graph\">{\"@context\":\"https:\\\/\\\/schema.org\",\"@graph\":[{\"@type\":\"WebPage\",\"@id\":\"https:\\\/\\\/bubblz.ai\\\/pt_br\\\/metodos-de-entrada\\\/\",\"url\":\"https:\\\/\\\/bubblz.ai\\\/pt_br\\\/metodos-de-entrada\\\/\",\"name\":\"Input Methods &#8211; Bubblz\",\"isPartOf\":{\"@id\":\"https:\\\/\\\/44.218.186.174\\\/#website\"},\"datePublished\":\"2024-05-06T13:22:32+00:00\",\"dateModified\":\"2024-05-09T13:11:42+00:00\",\"description\":\"Master speaking a language, thanks to Bubblz\u2019s humanlike A.I. chat technology\",\"breadcrumb\":{\"@id\":\"https:\\\/\\\/bubblz.ai\\\/pt_br\\\/metodos-de-entrada\\\/#breadcrumb\"},\"inLanguage\":\"fr-FR\",\"potentialAction\":[{\"@type\":\"ReadAction\",\"target\":[\"https:\\\/\\\/bubblz.ai\\\/pt_br\\\/metodos-de-entrada\\\/\"]}]},{\"@type\":\"BreadcrumbList\",\"@id\":\"https:\\\/\\\/bubblz.ai\\\/pt_br\\\/metodos-de-entrada\\\/#breadcrumb\",\"itemListElement\":[{\"@type\":\"ListItem\",\"position\":1,\"name\":\"Home\",\"item\":\"https:\\\/\\\/bubblz.ai\\\/pt_br\\\/\"},{\"@type\":\"ListItem\",\"position\":2,\"name\":\"Input Methods\"}]},{\"@type\":\"WebSite\",\"@id\":\"https:\\\/\\\/44.218.186.174\\\/#website\",\"url\":\"https:\\\/\\\/44.218.186.174\\\/\",\"name\":\"Bubblz\",\"description\":\"AI Language Practice\",\"publisher\":{\"@id\":\"https:\\\/\\\/44.218.186.174\\\/#organization\"},\"potentialAction\":[{\"@type\":\"SearchAction\",\"target\":{\"@type\":\"EntryPoint\",\"urlTemplate\":\"https:\\\/\\\/44.218.186.174\\\/?s={search_term_string}\"},\"query-input\":{\"@type\":\"PropertyValueSpecification\",\"valueRequired\":true,\"valueName\":\"search_term_string\"}}],\"inLanguage\":\"fr-FR\"},{\"@type\":\"Organization\",\"@id\":\"https:\\\/\\\/44.218.186.174\\\/#organization\",\"name\":\"Bubblz\",\"url\":\"https:\\\/\\\/44.218.186.174\\\/\",\"logo\":{\"@type\":\"ImageObject\",\"inLanguage\":\"fr-FR\",\"@id\":\"https:\\\/\\\/44.218.186.174\\\/#\\\/schema\\\/logo\\\/image\\\/\",\"url\":\"https:\\\/\\\/bubblz.ai\\\/wp-content\\\/uploads\\\/2024\\\/02\\\/logo9.png\",\"contentUrl\":\"https:\\\/\\\/bubblz.ai\\\/wp-content\\\/uploads\\\/2024\\\/02\\\/logo9.png\",\"width\":2400,\"height\":2400,\"caption\":\"Bubblz\"},\"image\":{\"@id\":\"https:\\\/\\\/44.218.186.174\\\/#\\\/schema\\\/logo\\\/image\\\/\"},\"sameAs\":[\"https:\\\/\\\/www.facebook.com\\\/trybubblz\",\"https:\\\/\\\/x.com\\\/trybubblz\"]}]}<\/script>\n<!-- \/ Yoast SEO plugin. -->","yoast_head_json":{"title":"M\u00e9thodes de saisie - Bubblz","description":"Ma\u00eetrise une langue, gr\u00e2ce \u00e0 la technologie de chat de l'I.A. Bubblz qui ressemble \u00e0 un \u00eatre humain.","robots":{"index":"index","follow":"follow","max-snippet":"max-snippet:-1","max-image-preview":"max-image-preview:large","max-video-preview":"max-video-preview:-1"},"canonical":"https:\/\/bubblz.ai\/fr\/methodes-de-saisie\/","og_locale":"fr_FR","og_type":"article","og_title":"Input Methods &#8211; Bubblz","og_description":"Master speaking a language, thanks to Bubblz\u2019s humanlike A.I. chat technology","og_url":"https:\/\/bubblz.ai\/fr\/methodes-de-saisie\/","og_site_name":"Bubblz","article_publisher":"https:\/\/www.facebook.com\/trybubblz","article_modified_time":"2024-05-09T13:11:42+00:00","twitter_card":"summary_large_image","twitter_site":"@trybubblz","twitter_misc":{"Dur\u00e9e de lecture estim\u00e9e":"3 minutes"},"schema":{"@context":"https:\/\/schema.org","@graph":[{"@type":"WebPage","@id":"https:\/\/bubblz.ai\/pt_br\/metodos-de-entrada\/","url":"https:\/\/bubblz.ai\/pt_br\/metodos-de-entrada\/","name":"M\u00e9thodes de saisie - Bubblz","isPartOf":{"@id":"https:\/\/44.218.186.174\/#website"},"datePublished":"2024-05-06T13:22:32+00:00","dateModified":"2024-05-09T13:11:42+00:00","description":"Ma\u00eetrise une langue, gr\u00e2ce \u00e0 la technologie de chat de l'I.A. Bubblz qui ressemble \u00e0 un \u00eatre humain.","breadcrumb":{"@id":"https:\/\/bubblz.ai\/pt_br\/metodos-de-entrada\/#breadcrumb"},"inLanguage":"fr-FR","potentialAction":[{"@type":"ReadAction","target":["https:\/\/bubblz.ai\/pt_br\/metodos-de-entrada\/"]}]},{"@type":"BreadcrumbList","@id":"https:\/\/bubblz.ai\/pt_br\/metodos-de-entrada\/#breadcrumb","itemListElement":[{"@type":"ListItem","position":1,"name":"Home","item":"https:\/\/bubblz.ai\/pt_br\/"},{"@type":"ListItem","position":2,"name":"Input Methods"}]},{"@type":"WebSite","@id":"https:\/\/44.218.186.174\/#website","url":"https:\/\/44.218.186.174\/","name":"Bubblz","description":"Pratique de la langue AI","publisher":{"@id":"https:\/\/44.218.186.174\/#organization"},"potentialAction":[{"@type":"SearchAction","target":{"@type":"EntryPoint","urlTemplate":"https:\/\/44.218.186.174\/?s={search_term_string}"},"query-input":{"@type":"PropertyValueSpecification","valueRequired":true,"valueName":"search_term_string"}}],"inLanguage":"fr-FR"},{"@type":"Organization","@id":"https:\/\/44.218.186.174\/#organization","name":"Bubblz","url":"https:\/\/44.218.186.174\/","logo":{"@type":"ImageObject","inLanguage":"fr-FR","@id":"https:\/\/44.218.186.174\/#\/schema\/logo\/image\/","url":"https:\/\/bubblz.ai\/wp-content\/uploads\/2024\/02\/logo9.png","contentUrl":"https:\/\/bubblz.ai\/wp-content\/uploads\/2024\/02\/logo9.png","width":2400,"height":2400,"caption":"Bubblz"},"image":{"@id":"https:\/\/44.218.186.174\/#\/schema\/logo\/image\/"},"sameAs":["https:\/\/www.facebook.com\/trybubblz","https:\/\/x.com\/trybubblz"]}]}},"_links":{"self":[{"href":"https:\/\/bubblz.ai\/fr\/wp-json\/wp\/v2\/pages\/1749","targetHints":{"allow":["GET"]}}],"collection":[{"href":"https:\/\/bubblz.ai\/fr\/wp-json\/wp\/v2\/pages"}],"about":[{"href":"https:\/\/bubblz.ai\/fr\/wp-json\/wp\/v2\/types\/page"}],"author":[{"embeddable":true,"href":"https:\/\/bubblz.ai\/fr\/wp-json\/wp\/v2\/users\/1"}],"replies":[{"embeddable":true,"href":"https:\/\/bubblz.ai\/fr\/wp-json\/wp\/v2\/comments?post=1749"}],"version-history":[{"count":0,"href":"https:\/\/bubblz.ai\/fr\/wp-json\/wp\/v2\/pages\/1749\/revisions"}],"wp:attachment":[{"href":"https:\/\/bubblz.ai\/fr\/wp-json\/wp\/v2\/media?parent=1749"}],"curies":[{"name":"wp","href":"https:\/\/api.w.org\/{rel}","templated":true}]}}