{"id":1749,"date":"2024-05-06T13:22:32","date_gmt":"2024-05-06T13:22:32","guid":{"rendered":"https:\/\/bubblz.ai\/?page_id=1749"},"modified":"2024-05-09T13:11:42","modified_gmt":"2024-05-09T13:11:42","slug":"metodi-di-input","status":"publish","type":"page","link":"https:\/\/bubblz.ai\/it\/input-methods\/","title":{"rendered":"Metodi di ingresso"},"content":{"rendered":"<section class=\"bde-section-1749-100 bde-section\">\n  \n  \n\t\n\n\n\n<div class=\"section-container\"><div class=\"bde-text-1749-101 bde-text\" data-entrance=\"slideUp\">\nSupporto Bubblz\n<\/div><h1 class=\"bde-heading-1749-102 bde-heading\" data-entrance=\"slideUp\">\nDecidi il modo migliore per esercitarti con Bubblz: voce o testo?\n<\/h1><\/div>\n<\/section><section class=\"bde-section-1749-103 bde-section\">\n  \n  \n\t\n\n\n\n<div class=\"section-container\"><div class=\"bde-div-1749-104 bde-div\">\n  \n  \n\t\n\n\n\n<div class=\"bde-rich-text-1749-105 bde-rich-text breakdance-rich-text-styles\">\n<p>La scelta del metodo di input giusto pu\u00f2 influenzare in modo significativo la tua esperienza di apprendimento delle lingue con Bubblz. Questa guida ti aiuter\u00e0 a capire i vantaggi dell'input vocale e di quello testuale e ti suggerir\u00e0 quale potrebbe essere pi\u00f9 adatto a te in base alla tua attuale competenza e ai tuoi obiettivi di apprendimento.<\/p><h2>La nostra filosofia<\/h2><p>Noi di Bubblz crediamo che l'obiettivo pi\u00f9 importante nell'apprendimento di una lingua sia quello di diventare abili nel costruire affermazioni complete, simili a quelle di un madrelingua, scegliendo le frasi migliori per esprimere i tuoi pensieri. Per questo motivo, \u00e8 fondamentale scegliere un metodo di input che ti permetta di esprimerti al meglio e in modo efficiente.<\/p><h2>Capire i metodi di inserimento<\/h2><p><strong>1. Ingresso vocale:<\/strong><\/p><ul><li><strong>Pro:<\/strong><ul><li>Ideale per esercitarsi nella pronuncia e nella fluidit\u00e0.<\/li><li>Simula le conversazioni della vita reale, migliorando le tue capacit\u00e0 di ascolto e di conversazione contemporaneamente.<\/li><\/ul><\/li><li><strong>Cons:<\/strong><ul><li>Gli utenti possono optare per frasi pi\u00f9 semplici a causa della pressione della registrazione.<\/li><li>L'accuratezza del riconoscimento vocale pu\u00f2 variare in base all'accento e alla pronuncia, causando potenzialmente dei malintesi.<\/li><li>Le frequenti autocorrezioni degli studenti potrebbero confondere il sistema di riconoscimento vocale.<\/li><\/ul><\/li><\/ul><p><strong>2. Inserimento di testo:<\/strong><\/p><ul><li><strong>Pro:<\/strong><ul><li>Permette di avere pi\u00f9 tempo per pensare e costruire le risposte, <em>aiutare l'apprendimento della struttura delle frasi e del vocabolario corretto<\/em> (ricorda che questo \u00e8 il nostro obiettivo principale).<\/li><li>\u00c8 pi\u00f9 facile modificare e perfezionare le risposte, il che pu\u00f2 portare a un apprendimento pi\u00f9 approfondito grazie alla correzione degli errori.<\/li><li>Non c'\u00e8 da preoccuparsi che l'accento o la chiarezza del discorso influiscano sul processo di apprendimento.<\/li><\/ul><\/li><li><strong>Cons:<\/strong><ul><li>Meno efficace per migliorare la pronuncia e la capacit\u00e0 di parlare spontaneamente.<\/li><\/ul><\/li><\/ul><h3>Quando usare l'input vocale<\/h3><ul><li>Ideale per <strong>da intermedio superiore ad avanzato <\/strong>I parlanti che vogliono affinare le loro capacit\u00e0 di parlare e di ascoltare.<\/li><li>Utile se ti senti a tuo agio nella costruzione di frasi veloci.<\/li><\/ul><p><strong>Suggerimenti per l'utilizzo dell'input vocale:<\/strong><\/p><ul><li>Organizza i tuoi pensieri prima di iniziare a parlare.<\/li><li>Per una voce pi\u00f9 chiara, prendi in considerazione l'utilizzo di cuffie con microfono.<\/li><li>Sentiti libero di cancellare e ricominciare se inciampi: la pratica rende perfetti!<\/li><\/ul><h3>Quando usare l'inserimento di testo<\/h3><ul><li>Consigliato per <strong>base e intermedio-basso<\/strong> I parlanti che hanno bisogno di pi\u00f9 tempo per formare frasi corrette e complete.<\/li><li>Ideale per chi si sente pi\u00f9 sicuro nell'esprimersi per iscritto o per chi teme che il proprio accento possa influenzare il riconoscimento vocale.<\/li><\/ul><p><strong>Suggerimenti per l'utilizzo dell'input di testo:<\/strong><\/p><ul><li>Prenditi il tempo necessario per costruire le risposte.<\/li><li>Sfrutta l'opportunit\u00e0 di esercitarti con l'ortografia e la grammatica corrette.<\/li><\/ul><h3>Scegliere ci\u00f2 che \u00e8 meglio per te<\/h3><p>In definitiva, la scelta tra l'input vocale e quello testuale dovrebbe essere guidata da quale metodo ti aiuta a costruire le affermazioni pi\u00f9 accurate, complete e native. Questo non significa solo scegliere il metodo che ti fa sentire pi\u00f9 a tuo agio, ma anche quello che ti mette alla prova per migliorare.<\/p><p>Sia gli input vocali che quelli testuali sono strumenti preziosi nel tuo percorso di apprendimento linguistico con Bubblz. A seconda del tuo livello attuale e dei tuoi obiettivi specifici di apprendimento, uno potrebbe essere pi\u00f9 adatto dell'altro. Ricorda che l'obiettivo finale \u00e8 quello di migliorare la tua capacit\u00e0 di esprimere pensieri completi e accurati nella tua nuova lingua.<\/p><p><strong>Suggerimento finale:<\/strong> Sperimenta entrambi i metodi per trovare quello che pi\u00f9 si adatta al tuo stile e fa progredire le tue abilit\u00e0. Con Bubblz hai sempre il controllo del tuo percorso di apprendimento!<\/p>\n<\/div>\n<\/div><\/div>\n<\/section>","protected":false},"excerpt":{"rendered":"<p>Bubblz Support Decide Your Best Way to Practice with Bubblz: Voice or Text? Choosing the right input method can significantly affect your language learning experience with Bubblz. This guide will help you understand the benefits of both voice input and text input, and suggest which might be more suitable for you based on your current [&hellip;]<\/p>\n","protected":false},"author":1,"featured_media":0,"parent":0,"menu_order":0,"comment_status":"closed","ping_status":"closed","template":"","meta":{"inline_featured_image":false,"_breakdance_hide_in_design_set":false,"_breakdance_tags":"","footnotes":""},"class_list":["post-1749","page","type-page","status-publish","hentry"],"yoast_head":"<!-- This site is optimized with the Yoast SEO plugin v27.2 - https:\/\/yoast.com\/product\/yoast-seo-wordpress\/ -->\n<title>Input Methods &#8211; Bubblz<\/title>\n<meta name=\"description\" content=\"Master speaking a language, thanks to Bubblz\u2019s humanlike A.I. chat technology\" \/>\n<meta name=\"robots\" content=\"index, follow, max-snippet:-1, max-image-preview:large, max-video-preview:-1\" \/>\n<link rel=\"canonical\" href=\"https:\/\/bubblz.ai\/it\/metodi-di-input\/\" \/>\n<meta property=\"og:locale\" content=\"it_IT\" \/>\n<meta property=\"og:type\" content=\"article\" \/>\n<meta property=\"og:title\" content=\"Input Methods &#8211; Bubblz\" \/>\n<meta property=\"og:description\" content=\"Master speaking a language, thanks to Bubblz\u2019s humanlike A.I. chat technology\" \/>\n<meta property=\"og:url\" content=\"https:\/\/bubblz.ai\/it\/metodi-di-input\/\" \/>\n<meta property=\"og:site_name\" content=\"Bubblz\" \/>\n<meta property=\"article:publisher\" content=\"https:\/\/www.facebook.com\/trybubblz\" \/>\n<meta property=\"article:modified_time\" content=\"2024-05-09T13:11:42+00:00\" \/>\n<meta name=\"twitter:card\" content=\"summary_large_image\" \/>\n<meta name=\"twitter:site\" content=\"@trybubblz\" \/>\n<meta name=\"twitter:label1\" content=\"Tempo di lettura stimato\" \/>\n\t<meta name=\"twitter:data1\" content=\"3 minuti\" \/>\n<script type=\"application\/ld+json\" class=\"yoast-schema-graph\">{\"@context\":\"https:\/\/schema.org\",\"@graph\":[{\"@type\":\"WebPage\",\"@id\":\"https:\/\/bubblz.ai\/ko\/%ec%9e%85%eb%a0%a5-%eb%b0%a9%eb%b2%95\/\",\"url\":\"https:\/\/bubblz.ai\/ko\/%ec%9e%85%eb%a0%a5-%eb%b0%a9%eb%b2%95\/\",\"name\":\"Input Methods &#8211; Bubblz\",\"isPartOf\":{\"@id\":\"https:\/\/bubblz.ai\/it\/#website\"},\"datePublished\":\"2024-05-06T13:22:32+00:00\",\"dateModified\":\"2024-05-09T13:11:42+00:00\",\"description\":\"Master speaking a language, thanks to Bubblz\u2019s humanlike A.I. chat technology\",\"breadcrumb\":{\"@id\":\"https:\/\/bubblz.ai\/ko\/%ec%9e%85%eb%a0%a5-%eb%b0%a9%eb%b2%95\/#breadcrumb\"},\"inLanguage\":\"it-IT\",\"potentialAction\":[{\"@type\":\"ReadAction\",\"target\":[\"https:\/\/bubblz.ai\/ko\/%ec%9e%85%eb%a0%a5-%eb%b0%a9%eb%b2%95\/\"]}]},{\"@type\":\"BreadcrumbList\",\"@id\":\"https:\/\/bubblz.ai\/ko\/%ec%9e%85%eb%a0%a5-%eb%b0%a9%eb%b2%95\/#breadcrumb\",\"itemListElement\":[{\"@type\":\"ListItem\",\"position\":1,\"name\":\"Home\",\"item\":\"https:\/\/bubblz.ai\/it\/\"},{\"@type\":\"ListItem\",\"position\":2,\"name\":\"Input Methods\"}]},{\"@type\":\"WebSite\",\"@id\":\"https:\/\/bubblz.ai\/it\/#website\",\"url\":\"https:\/\/bubblz.ai\/it\/\",\"name\":\"Bubblz\",\"description\":\"AI Language Practice\",\"publisher\":{\"@id\":\"https:\/\/bubblz.ai\/it\/#organization\"},\"potentialAction\":[{\"@type\":\"SearchAction\",\"target\":{\"@type\":\"EntryPoint\",\"urlTemplate\":\"https:\/\/bubblz.ai\/it\/?s={search_term_string}\"},\"query-input\":{\"@type\":\"PropertyValueSpecification\",\"valueRequired\":true,\"valueName\":\"search_term_string\"}}],\"inLanguage\":\"it-IT\"},{\"@type\":\"Organization\",\"@id\":\"https:\/\/bubblz.ai\/it\/#organization\",\"name\":\"Bubblz\",\"url\":\"https:\/\/bubblz.ai\/it\/\",\"logo\":{\"@type\":\"ImageObject\",\"inLanguage\":\"it-IT\",\"@id\":\"https:\/\/bubblz.ai\/it\/#\/schema\/logo\/image\/\",\"url\":\"https:\/\/bubblz.ai\/wp-content\/uploads\/2024\/02\/logo9.png\",\"contentUrl\":\"https:\/\/bubblz.ai\/wp-content\/uploads\/2024\/02\/logo9.png\",\"width\":2400,\"height\":2400,\"caption\":\"Bubblz\"},\"image\":{\"@id\":\"https:\/\/bubblz.ai\/it\/#\/schema\/logo\/image\/\"},\"sameAs\":[\"https:\/\/www.facebook.com\/trybubblz\",\"https:\/\/x.com\/trybubblz\"]}]}<\/script>\n<!-- \/ Yoast SEO plugin. -->","yoast_head_json":{"title":"Metodi di ingresso - Bubblz","description":"Impara a parlare una lingua, grazie alla tecnologia di chat A.I. simile a quella umana di Bubblz","robots":{"index":"index","follow":"follow","max-snippet":"max-snippet:-1","max-image-preview":"max-image-preview:large","max-video-preview":"max-video-preview:-1"},"canonical":"https:\/\/bubblz.ai\/it\/metodi-di-input\/","og_locale":"it_IT","og_type":"article","og_title":"Input Methods &#8211; Bubblz","og_description":"Master speaking a language, thanks to Bubblz\u2019s humanlike A.I. chat technology","og_url":"https:\/\/bubblz.ai\/it\/metodi-di-input\/","og_site_name":"Bubblz","article_publisher":"https:\/\/www.facebook.com\/trybubblz","article_modified_time":"2024-05-09T13:11:42+00:00","twitter_card":"summary_large_image","twitter_site":"@trybubblz","twitter_misc":{"Tempo di lettura stimato":"3 minuti"},"schema":{"@context":"https:\/\/schema.org","@graph":[{"@type":"WebPage","@id":"https:\/\/bubblz.ai\/ko\/%ec%9e%85%eb%a0%a5-%eb%b0%a9%eb%b2%95\/","url":"https:\/\/bubblz.ai\/ko\/%ec%9e%85%eb%a0%a5-%eb%b0%a9%eb%b2%95\/","name":"Metodi di ingresso - Bubblz","isPartOf":{"@id":"https:\/\/bubblz.ai\/it\/#website"},"datePublished":"2024-05-06T13:22:32+00:00","dateModified":"2024-05-09T13:11:42+00:00","description":"Impara a parlare una lingua, grazie alla tecnologia di chat A.I. simile a quella umana di Bubblz","breadcrumb":{"@id":"https:\/\/bubblz.ai\/ko\/%ec%9e%85%eb%a0%a5-%eb%b0%a9%eb%b2%95\/#breadcrumb"},"inLanguage":"it-IT","potentialAction":[{"@type":"ReadAction","target":["https:\/\/bubblz.ai\/ko\/%ec%9e%85%eb%a0%a5-%eb%b0%a9%eb%b2%95\/"]}]},{"@type":"BreadcrumbList","@id":"https:\/\/bubblz.ai\/ko\/%ec%9e%85%eb%a0%a5-%eb%b0%a9%eb%b2%95\/#breadcrumb","itemListElement":[{"@type":"ListItem","position":1,"name":"Home","item":"https:\/\/bubblz.ai\/it\/"},{"@type":"ListItem","position":2,"name":"Input Methods"}]},{"@type":"WebSite","@id":"https:\/\/bubblz.ai\/it\/#website","url":"https:\/\/bubblz.ai\/it\/","name":"Bubblz","description":"Pratica del linguaggio AI","publisher":{"@id":"https:\/\/bubblz.ai\/it\/#organization"},"potentialAction":[{"@type":"SearchAction","target":{"@type":"EntryPoint","urlTemplate":"https:\/\/bubblz.ai\/it\/?s={search_term_string}"},"query-input":{"@type":"PropertyValueSpecification","valueRequired":true,"valueName":"search_term_string"}}],"inLanguage":"it-IT"},{"@type":"Organization","@id":"https:\/\/bubblz.ai\/it\/#organization","name":"Bubblz","url":"https:\/\/bubblz.ai\/it\/","logo":{"@type":"ImageObject","inLanguage":"it-IT","@id":"https:\/\/bubblz.ai\/it\/#\/schema\/logo\/image\/","url":"https:\/\/bubblz.ai\/wp-content\/uploads\/2024\/02\/logo9.png","contentUrl":"https:\/\/bubblz.ai\/wp-content\/uploads\/2024\/02\/logo9.png","width":2400,"height":2400,"caption":"Bubblz"},"image":{"@id":"https:\/\/bubblz.ai\/it\/#\/schema\/logo\/image\/"},"sameAs":["https:\/\/www.facebook.com\/trybubblz","https:\/\/x.com\/trybubblz"]}]}},"_links":{"self":[{"href":"https:\/\/bubblz.ai\/it\/wp-json\/wp\/v2\/pages\/1749","targetHints":{"allow":["GET"]}}],"collection":[{"href":"https:\/\/bubblz.ai\/it\/wp-json\/wp\/v2\/pages"}],"about":[{"href":"https:\/\/bubblz.ai\/it\/wp-json\/wp\/v2\/types\/page"}],"author":[{"embeddable":true,"href":"https:\/\/bubblz.ai\/it\/wp-json\/wp\/v2\/users\/1"}],"replies":[{"embeddable":true,"href":"https:\/\/bubblz.ai\/it\/wp-json\/wp\/v2\/comments?post=1749"}],"version-history":[{"count":0,"href":"https:\/\/bubblz.ai\/it\/wp-json\/wp\/v2\/pages\/1749\/revisions"}],"wp:attachment":[{"href":"https:\/\/bubblz.ai\/it\/wp-json\/wp\/v2\/media?parent=1749"}],"curies":[{"name":"wp","href":"https:\/\/api.w.org\/{rel}","templated":true}]}}