{"id":133,"date":"2024-02-02T14:03:48","date_gmt":"2024-02-02T14:03:48","guid":{"rendered":"https:\/\/bubblz.ai\/?page_id=133"},"modified":"2026-01-05T10:02:28","modified_gmt":"2026-01-05T10:02:28","slug":"privacidade","status":"publish","type":"page","link":"https:\/\/bubblz.ai\/pt\/privacy\/","title":{"rendered":"Privacidade e cookies"},"content":{"rendered":"<section class=\"bde-section-133-100 bde-section\">\n  \n  \n\t\n\n\n\n<div class=\"section-container\"><div class=\"bde-text-133-101 bde-text\" data-entrance=\"slideUp\">\nLegal\n<\/div><h1 class=\"bde-heading-133-102 bde-heading\" data-entrance=\"slideUp\">\nPol\u00edtica de privacidade e cookies\n<\/h1><\/div>\n<\/section><section class=\"bde-section-133-103 bde-section\">\n  \n  \n\t\n\n\n\n<div class=\"section-container\"><div class=\"bde-code-block-133-106 bde-code-block\">\n\n  <body>\n  <p><strong>Data de entrada em vigor:<\/strong> 5 de janeiro de 2026<br \/>\n  <strong>\u00daltima atualiza\u00e7\u00e3o:<\/strong> 5 de janeiro de 2026<\/p>\n\n  <p>Esta Pol\u00edtica de Privacidade descreve como a Surf City Apps LLC (\"n\u00f3s\", \"nos\", ou \"nosso\") recolhe, usa e protege os teus dados pessoais quando usas a aplica\u00e7\u00e3o m\u00f3vel Bubblz e servi\u00e7os relacionados (o \u201cServi\u00e7o\u201d).<\/p>\n\n  <p>Estamos empenhados em proteger a tua privacidade e em cumprir as leis de prote\u00e7\u00e3o de dados aplic\u00e1veis, incluindo o Regulamento Geral de Prote\u00e7\u00e3o de Dados (RGPD) para os utilizadores do Espa\u00e7o Econ\u00f3mico Europeu (EEE).<\/p>\n\n  <h2>1. Quem somos<\/h2>\n  <p>Surf City Apps LLC \u00e9 uma empresa sediada nos EUA:<\/p>\n  <p>\n    440 N Barranca Ave #2975<br \/>\n    Covina, CA 91723, EUA<br \/>\n    Envia um e-mail: <a href=\"mailto:privacy@bubblz.ai\">privacy@bubblz.ai<\/a><br \/>\n    Visita o site: <a href=\"https:\/\/bubblz.ai\/pt\/\">https:\/\/bubblz.ai<\/a>\n  <\/p>\n\n  <h2>2. Que dados recolhemos<\/h2>\n  <p>Recolhemos dados pessoais e de utiliza\u00e7\u00e3o relacionados com a aplica\u00e7\u00e3o Bubblz. Isto inclui:<\/p>\n  <ul>\n    <li><strong>Informa\u00e7\u00f5es pessoais:<\/strong> Endere\u00e7o de e-mail (in\u00edcio de sess\u00e3o da conta); Firebase UID (ID de utilizador \u00fanico); alcunha e sexo (opcional); l\u00edngua materna e l\u00edngua de aprendizagem; n\u00edvel de profici\u00eancia lingu\u00edstica<\/li>\n    <li><strong>Dados de utiliza\u00e7\u00e3o da aplica\u00e7\u00e3o:<\/strong> Hist\u00f3rico de chat (por exemplo, conversas com IA); sequ\u00eancias di\u00e1rias, atividade da sess\u00e3o, carimbos de data\/hora; utiliza\u00e7\u00e3o de cr\u00e9ditos (linhas de vida e utiliza\u00e7\u00e3o regular); utiliza\u00e7\u00e3o de funcionalidades (por exemplo, corre\u00e7\u00e3o gramatical, introdu\u00e7\u00e3o de voz)<\/li>\n    <li><strong>Dispositivo e dados t\u00e9cnicos:<\/strong> Modelo do dispositivo e sistema operativo; endere\u00e7o IP (ef\u00e9mero); vers\u00e3o da aplica\u00e7\u00e3o; identificadores anal\u00edticos (por exemplo, IDs de atribui\u00e7\u00e3o)<\/li>\n    <li><strong>Dados de subscri\u00e7\u00e3o:<\/strong> Tipo de plano (por exemplo, Premium, Ultra); estado de avalia\u00e7\u00e3o e estado da subscri\u00e7\u00e3o; datas de expira\u00e7\u00e3o e tipo de plataforma (iOS ou Android)<\/li>\n  <\/ul>\n\n  <h2>3. Como utilizamos os teus dados<\/h2>\n  <p>Utilizamos os teus dados para:<\/p>\n  <ul>\n    <li>Fornece acesso e opera a aplica\u00e7\u00e3o Bubblz<\/li>\n    <li>Autenticar utilizadores e gerir perfis de utilizador<\/li>\n    <li>Personaliza a experi\u00eancia da aplica\u00e7\u00e3o com base nas tuas prefer\u00eancias lingu\u00edsticas<\/li>\n    <li>Potencia as conversa\u00e7\u00f5es lingu\u00edsticas baseadas em IA<\/li>\n    <li>Envia as notifica\u00e7\u00f5es necess\u00e1rias (por exemplo, reposi\u00e7\u00e3o da palavra-passe, mensagens de servi\u00e7o)<\/li>\n    <li>Monitoriza e melhora o desempenho, resolve erros e melhora as funcionalidades da aplica\u00e7\u00e3o<\/li>\n    <li>Compreende o envolvimento dos utilizadores para melhorar os resultados da aprendizagem<\/li>\n    <li>Enviar-te conte\u00fados opcionais por correio eletr\u00f3nico (dicas lingu\u00edsticas, actualiza\u00e7\u00f5es) quando os aceitares<\/li>\n  <\/ul>\n\n  <h2>4. Bases legais para o processamento (ao abrigo do RGPD)<\/h2>\n  <p>Se estiveres localizado na UE\/EEE, baseamo-nos nas seguintes bases legais ao abrigo do Artigo 6 do RGPD:<\/p>\n  <ul>\n    <li><strong>Interesses leg\u00edtimos:<\/strong> Operar e proteger a aplica\u00e7\u00e3o<\/li>\n    <li><strong>Necessidade contratual:<\/strong> Autentica\u00e7\u00e3o de utilizadores e armazenamento de perfis<\/li>\n    <li><strong>Aceita:<\/strong> An\u00e1lise e otimiza\u00e7\u00e3o do desempenho (quando aplic\u00e1vel); comunica\u00e7\u00e3o opcional por correio eletr\u00f3nico (por exemplo, dicas lingu\u00edsticas)<\/li>\n    <li><strong>Obriga\u00e7\u00e3o legal:<\/strong> Responde a pedidos legais<\/li>\n  <\/ul>\n\n  <h3>Como se aplicam estas bases jur\u00eddicas<\/h3>\n  <p>Os exemplos que se seguem ilustram a forma como nos baseamos nestas bases jur\u00eddicas para actividades de tratamento espec\u00edficas:<\/p>\n  <ul>\n    <li><strong>Operar e proteger a aplica\u00e7\u00e3o:<\/strong> Interesses leg\u00edtimos<\/li>\n    <li><strong>Autentica\u00e7\u00e3o de utilizadores e armazenamento de perfis:<\/strong> Necessidade contratual<\/li>\n    <li><strong>An\u00e1lise e otimiza\u00e7\u00e3o do desempenho:<\/strong> Consentimento (se aplic\u00e1vel)<\/li>\n    <li><strong>Comunica\u00e7\u00e3o por correio eletr\u00f3nico (por exemplo, dicas lingu\u00edsticas):<\/strong> Consentimento<\/li>\n    <li><strong>Responde a pedidos jur\u00eddicos:<\/strong> Obriga\u00e7\u00e3o legal<\/li>\n  <\/ul>\n\n  <h2>5. Como obtemos o consentimento<\/h2>\n  <p>Quando dependemos do consentimento, obtemo-lo atrav\u00e9s de:<\/p>\n  <ul>\n    <li><strong>Transpar\u00eancia no rastreio de aplica\u00e7\u00f5es iOS:<\/strong> O consentimento \u00e9 solicitado quando o rastreio \u00e9 ativado<\/li>\n    <li><strong>Marketing por correio eletr\u00f3nico:<\/strong> Pedimos-te que optes por receber dicas de aprendizagem de l\u00ednguas. Podes cancelar a subscri\u00e7\u00e3o em qualquer altura.<\/li>\n    <li><strong>Acordos na aplica\u00e7\u00e3o:<\/strong> Durante a integra\u00e7\u00e3o ou o in\u00edcio de sess\u00e3o, os utilizadores aceitam os nossos Termos e esta Pol\u00edtica de Privacidade<\/li>\n  <\/ul>\n\n  <h2>6. Servi\u00e7os de terceiros<\/h2>\n  <p>Dependemos de servi\u00e7os de terceiros para operar o Bubblz, incluindo ferramentas de an\u00e1lise, autentica\u00e7\u00e3o de utilizadores, mensagens, processamento de IA e notifica\u00e7\u00f5es. Estes servi\u00e7os ajudam-nos a compreender o comportamento do utilizador, a melhorar o desempenho, a gerir subscri\u00e7\u00f5es, a enviar e-mails e a processar a tua entrada no chat de IA.<\/p>\n  <p>Alguns dos teus dados podem ser processados por:<\/p>\n  <ul>\n    <li><strong>Base de fogo:<\/strong> Autentica\u00e7\u00e3o, base de dados, an\u00e1lise, mensagens, relat\u00f3rios de falhas<\/li>\n    <li><strong>PostHog:<\/strong> An\u00e1lise de produtos e controlo da utiliza\u00e7\u00e3o de funcionalidades<\/li>\n    <li><strong>AppsFlyer:<\/strong> Instala dados de atribui\u00e7\u00e3o e de sess\u00e3o<\/li>\n    <li><strong>Sentinela:<\/strong> Monitoriza\u00e7\u00e3o de falhas e erros<\/li>\n    <li><strong>OneSignal:<\/strong> Notifica\u00e7\u00f5es push<\/li>\n    <li><strong>Recebe o RevenueCat:<\/strong> Gest\u00e3o de assinaturas<\/li>\n    <li><strong>Superwall:<\/strong> Paywall e fluxo de ensaios<\/li>\n    <li><strong>Abre a IA:<\/strong> Completa e modera o chat com IA<\/li>\n    <li><strong>Mailchimp:<\/strong> Marketing por correio eletr\u00f3nico (se tiveres optado por participar)<\/li>\n    <li><strong>SendGrid \/ Amazon SES:<\/strong> E-mails transaccionais<\/li>\n    <li><strong>Google \/ Apple:<\/strong> Servi\u00e7os de in\u00edcio de sess\u00e3o OAuth<\/li>\n  <\/ul>\n  <p>Estes fornecedores podem processar os teus dados nos Estados Unidos ou noutros pa\u00edses. Quando necess\u00e1rio, as transfer\u00eancias internacionais s\u00e3o salvaguardadas atrav\u00e9s de Cl\u00e1usulas Contratuais-tipo (CCP) ou mecanismos equivalentes.<\/p>\n\n  <h2>7. Conserva\u00e7\u00e3o de dados<\/h2>\n  <p>Conservamos os dados pessoais apenas durante o tempo necess\u00e1rio para os fins descritos na presente pol\u00edtica:<\/p>\n  <ul>\n    <li><strong>Perfil do utilizador e hist\u00f3rico de conversa\u00e7\u00e3o:<\/strong> At\u00e9 \u00e0 elimina\u00e7\u00e3o da conta ou ap\u00f3s 24 meses de inatividade<\/li>\n    <li><strong>Registos anal\u00edticos e t\u00e9cnicos:<\/strong> At\u00e9 24 meses<\/li>\n    <li><strong>Registos de subscri\u00e7\u00e3o:<\/strong> Conforme necess\u00e1rio para a conformidade e integridade da conta<\/li>\n    <li><strong>Registos de marketing por e-mail:<\/strong> At\u00e9 cancelares a subscri\u00e7\u00e3o ou eliminares a tua conta<\/li>\n  <\/ul>\n  <p>Quando um utilizador solicita a elimina\u00e7\u00e3o da sua conta, tamb\u00e9m iniciamos a elimina\u00e7\u00e3o atrav\u00e9s dos nossos fornecedores de servi\u00e7os terceiros, quando aplic\u00e1vel.<\/p>\n\n  <h2>8. Os teus direitos (ao abrigo do RGPD)<\/h2>\n  <p>Se \u00e9s um residente da UE\/EEE, tens direito a:<\/p>\n  <ul>\n    <li>Aceder aos teus dados pessoais<\/li>\n    <li>Retificar dados inexactos ou incompletos<\/li>\n    <li>Solicitar a elimina\u00e7\u00e3o da tua conta e dos teus dados<\/li>\n    <li>Retira o consentimento quando o tratamento se baseia no consentimento<\/li>\n    <li>Restringir ou opor-se \u00e0 forma como os teus dados s\u00e3o utilizados<\/li>\n    <li>Transporta os teus dados (recebe-os num formato estruturado)<\/li>\n    <li>Apresenta uma queixa \u00e0 tua autoridade nacional de prote\u00e7\u00e3o de dados<\/li>\n  <\/ul>\n  <p>Para exerceres os teus direitos, envia-nos um e-mail para <a href=\"mailto:privacy@bubblz.ai\">privacy@bubblz.ai<\/a>. Podemos exigir uma verifica\u00e7\u00e3o antes de satisfazer o teu pedido.<\/p>\n\n  <h2>9. Privacidade das crian\u00e7as<\/h2>\n  <p>O Bubblz n\u00e3o se destina a crian\u00e7as com menos de 16 anos de idade (na UE) ou com menos de 13 anos de idade (nos EUA). N\u00e3o recolhemos intencionalmente dados pessoais de crian\u00e7as sem o consentimento dos pais. Se acreditas que recolhemos esses dados por engano, contacta-nos para que os possamos eliminar.<\/p>\n\n  <h2>10. Funcionalidades de IA e modera\u00e7\u00e3o de conte\u00fados<\/h2>\n  <p>O Bubblz utiliza os servi\u00e7os de IA fornecidos pela OpenAI para potenciar a aprendizagem interactiva de l\u00ednguas atrav\u00e9s de chat. Quando utilizas estas funcionalidades:<\/p>\n  <ul>\n    <li>Os teus dados podem ser enviados para a OpenAI para serem processados<\/li>\n    <li>As mensagens podem ser retidas temporariamente para modera\u00e7\u00e3o de conte\u00fados e preven\u00e7\u00e3o de abusos<\/li>\n    <li>As entradas est\u00e3o sujeitas \u00e0s pol\u00edticas de utiliza\u00e7\u00e3o da OpenAI<\/li>\n  <\/ul>\n  <p>N\u00e3o utilizamos estes dados para criar perfis de utilizador ou para quaisquer outros fins n\u00e3o relacionados.<\/p>\n\n  <h2>11. Seguran\u00e7a dos dados<\/h2>\n  <p>Implementamos medidas t\u00e9cnicas e organizacionais adequadas para proteger os teus dados pessoais, incluindo:<\/p>\n  <ul>\n    <li>Infraestrutura de nuvem segura atrav\u00e9s do Firebase e do Google Cloud<\/li>\n    <li>Encripta\u00e7\u00e3o de dados em tr\u00e2nsito (HTTPS)<\/li>\n    <li>Controlos de acesso e autentica\u00e7\u00e3o baseados em fun\u00e7\u00f5es<\/li>\n    <li>Monitoriza\u00e7\u00e3o de erros e dete\u00e7\u00e3o de anomalias<\/li>\n  <\/ul>\n  <p>Os nossos fornecedores terceiros implementam medidas de seguran\u00e7a semelhantes e podem ser certificados ao abrigo de quadros relevantes (por exemplo, ISO 27001, SOC 2).<\/p>\n\n  <h2>12. Transfer\u00eancias internacionais de dados<\/h2>\n  <p>Os teus dados podem ser transferidos e processados em pa\u00edses fora do teu pa\u00eds de resid\u00eancia, incluindo os Estados Unidos. Nesses casos, garantimos a prote\u00e7\u00e3o dos teus direitos atrav\u00e9s de:<\/p>\n  <ul>\n    <li>Cl\u00e1usulas contratuais-tipo (CCP), se necess\u00e1rio<\/li>\n    <li>Compromissos do fornecedor em rela\u00e7\u00e3o ao processamento em conformidade com o RGPD<\/li>\n    <li>Dilig\u00eancia devida sobre as pr\u00e1ticas de prote\u00e7\u00e3o de dados dos prestadores de servi\u00e7os<\/li>\n  <\/ul>\n\n  <h2>13. Altera\u00e7\u00f5es \u00e0 presente pol\u00edtica de privacidade<\/h2>\n  <p>Podemos atualizar esta Pol\u00edtica de Privacidade periodicamente para refletir altera\u00e7\u00f5es nas nossas pr\u00e1ticas ou obriga\u00e7\u00f5es legais. Quando o fizermos, actualizaremos a data da \"\u00daltima atualiza\u00e7\u00e3o\" no topo desta p\u00e1gina. Tamb\u00e9m podes ser notificado de altera\u00e7\u00f5es significativas atrav\u00e9s de mensagens na aplica\u00e7\u00e3o ou por e-mail.<\/p>\n  <p>Recomendamos que revejas esta Pol\u00edtica de Privacidade periodicamente.<\/p>\n\n  <h2>14. Contacta-nos<\/h2>\n  <p>Se tiveres alguma d\u00favida ou preocupa\u00e7\u00e3o sobre esta Pol\u00edtica de Privacidade ou sobre a forma como tratamos os teus dados, contacta-nos atrav\u00e9s de<\/p>\n  <p>\n    Surf City Apps LLC<br \/>\n    440 N Barranca Ave #2975<br \/>\n    Covina, CA 91723, EUA<br \/>\n    Envia um e-mail: <a href=\"mailto:privacy@bubblz.ai\">privacy@bubblz.ai<\/a>\n\n  <h2>15. Representante da UE (RGPD - artigo 27.\u00ba)<\/h2>\n  <p>Nome\u00e1mos um representante na UE para tratar dos pedidos relacionados com o RGPD:<\/p>\n  <p>\n    BizLegal Ltd (com a designa\u00e7\u00e3o comercial EU Rep)<br \/>\n    27 Cork Road<br \/>\n    Midleton, Co. Cork<br \/>\n    Irlanda<br \/>\n    N\u00famero da empresa: 635921<br \/>\n    Visita o site: <a href=\"https:\/\/www.eurep.ie\">https:\/\/www.eurep.ie<\/a>\n  <\/p>\n\n<\/body>\n\n\n\n<\/div><\/div>\n<\/section>","protected":false},"excerpt":{"rendered":"<p>Legal Privacy &#038; Cookie Policy Effective date: 5 January 2026 Last updated: 5 January 2026 This Privacy Policy describes how Surf City Apps LLC (&#8220;we&#8221;, &#8220;us&#8221;, or &#8220;our&#8221;) collects, uses, and protects your personal data when you use the Bubblz mobile app and related services (the \u201cService\u201d). We are committed to protecting your privacy and [&hellip;]<\/p>\n","protected":false},"author":2,"featured_media":0,"parent":0,"menu_order":0,"comment_status":"closed","ping_status":"closed","template":"","meta":{"inline_featured_image":false,"_breakdance_hide_in_design_set":false,"_breakdance_tags":"","footnotes":""},"class_list":["post-133","page","type-page","status-publish","hentry"],"yoast_head":"<!-- This site is optimized with the Yoast SEO plugin v27.2 - https:\/\/yoast.com\/product\/yoast-seo-wordpress\/ -->\n<title>Privacy &amp; Cookies &#8211; Bubblz<\/title>\n<meta name=\"description\" content=\"Master speaking a language, thanks to Bubblz\u2019s humanlike A.I. chat technology\" \/>\n<meta name=\"robots\" content=\"index, follow, max-snippet:-1, max-image-preview:large, max-video-preview:-1\" \/>\n<link rel=\"canonical\" href=\"https:\/\/bubblz.ai\/pt\/privacidade\/\" \/>\n<meta property=\"og:locale\" content=\"pt_PT\" \/>\n<meta property=\"og:type\" content=\"article\" \/>\n<meta property=\"og:title\" content=\"Privacy &amp; Cookies &#8211; Bubblz\" \/>\n<meta property=\"og:description\" content=\"Master speaking a language, thanks to Bubblz\u2019s humanlike A.I. chat technology\" \/>\n<meta property=\"og:url\" content=\"https:\/\/bubblz.ai\/pt\/privacidade\/\" \/>\n<meta property=\"og:site_name\" content=\"Bubblz\" \/>\n<meta property=\"article:publisher\" content=\"https:\/\/www.facebook.com\/trybubblz\" \/>\n<meta property=\"article:modified_time\" content=\"2026-01-05T10:02:28+00:00\" \/>\n<meta name=\"twitter:card\" content=\"summary_large_image\" \/>\n<meta name=\"twitter:site\" content=\"@trybubblz\" \/>\n<script type=\"application\/ld+json\" class=\"yoast-schema-graph\">{\"@context\":\"https:\/\/schema.org\",\"@graph\":[{\"@type\":\"WebPage\",\"@id\":\"https:\/\/bubblz.ai\/pt\/privacidade\/\",\"url\":\"https:\/\/bubblz.ai\/pt\/privacidade\/\",\"name\":\"Privacy & Cookies &#8211; Bubblz\",\"isPartOf\":{\"@id\":\"https:\/\/bubblz.ai\/it\/#website\"},\"datePublished\":\"2024-02-02T14:03:48+00:00\",\"dateModified\":\"2026-01-05T10:02:28+00:00\",\"description\":\"Master speaking a language, thanks to Bubblz\u2019s humanlike A.I. chat technology\",\"breadcrumb\":{\"@id\":\"https:\/\/bubblz.ai\/pt\/privacidade\/#breadcrumb\"},\"inLanguage\":\"pt-PT\",\"potentialAction\":[{\"@type\":\"ReadAction\",\"target\":[\"https:\/\/bubblz.ai\/pt\/privacidade\/\"]}]},{\"@type\":\"BreadcrumbList\",\"@id\":\"https:\/\/bubblz.ai\/pt\/privacidade\/#breadcrumb\",\"itemListElement\":[{\"@type\":\"ListItem\",\"position\":1,\"name\":\"Home\",\"item\":\"https:\/\/bubblz.ai\/it\/\"},{\"@type\":\"ListItem\",\"position\":2,\"name\":\"Privacy &#038; Cookies\"}]},{\"@type\":\"WebSite\",\"@id\":\"https:\/\/bubblz.ai\/it\/#website\",\"url\":\"https:\/\/bubblz.ai\/it\/\",\"name\":\"Bubblz\",\"description\":\"AI Language Practice\",\"publisher\":{\"@id\":\"https:\/\/bubblz.ai\/it\/#organization\"},\"potentialAction\":[{\"@type\":\"SearchAction\",\"target\":{\"@type\":\"EntryPoint\",\"urlTemplate\":\"https:\/\/bubblz.ai\/it\/?s={search_term_string}\"},\"query-input\":{\"@type\":\"PropertyValueSpecification\",\"valueRequired\":true,\"valueName\":\"search_term_string\"}}],\"inLanguage\":\"pt-PT\"},{\"@type\":\"Organization\",\"@id\":\"https:\/\/bubblz.ai\/it\/#organization\",\"name\":\"Bubblz\",\"url\":\"https:\/\/bubblz.ai\/it\/\",\"logo\":{\"@type\":\"ImageObject\",\"inLanguage\":\"pt-PT\",\"@id\":\"https:\/\/bubblz.ai\/it\/#\/schema\/logo\/image\/\",\"url\":\"https:\/\/bubblz.ai\/wp-content\/uploads\/2024\/02\/logo9.png\",\"contentUrl\":\"https:\/\/bubblz.ai\/wp-content\/uploads\/2024\/02\/logo9.png\",\"width\":2400,\"height\":2400,\"caption\":\"Bubblz\"},\"image\":{\"@id\":\"https:\/\/bubblz.ai\/it\/#\/schema\/logo\/image\/\"},\"sameAs\":[\"https:\/\/www.facebook.com\/trybubblz\",\"https:\/\/x.com\/trybubblz\"]}]}<\/script>\n<!-- \/ Yoast SEO plugin. -->","yoast_head_json":{"title":"Privacidade e Cookies - Bubblz","description":"Aprende a falar uma l\u00edngua, gra\u00e7as \u00e0 tecnologia de conversa\u00e7\u00e3o da I.A. do Bubblz","robots":{"index":"index","follow":"follow","max-snippet":"max-snippet:-1","max-image-preview":"max-image-preview:large","max-video-preview":"max-video-preview:-1"},"canonical":"https:\/\/bubblz.ai\/pt\/privacidade\/","og_locale":"pt_PT","og_type":"article","og_title":"Privacy & Cookies &#8211; Bubblz","og_description":"Master speaking a language, thanks to Bubblz\u2019s humanlike A.I. chat technology","og_url":"https:\/\/bubblz.ai\/pt\/privacidade\/","og_site_name":"Bubblz","article_publisher":"https:\/\/www.facebook.com\/trybubblz","article_modified_time":"2026-01-05T10:02:28+00:00","twitter_card":"summary_large_image","twitter_site":"@trybubblz","schema":{"@context":"https:\/\/schema.org","@graph":[{"@type":"WebPage","@id":"https:\/\/bubblz.ai\/pt\/privacidade\/","url":"https:\/\/bubblz.ai\/pt\/privacidade\/","name":"Privacidade e Cookies - Bubblz","isPartOf":{"@id":"https:\/\/bubblz.ai\/it\/#website"},"datePublished":"2024-02-02T14:03:48+00:00","dateModified":"2026-01-05T10:02:28+00:00","description":"Aprende a falar uma l\u00edngua, gra\u00e7as \u00e0 tecnologia de conversa\u00e7\u00e3o da I.A. do Bubblz","breadcrumb":{"@id":"https:\/\/bubblz.ai\/pt\/privacidade\/#breadcrumb"},"inLanguage":"pt-PT","potentialAction":[{"@type":"ReadAction","target":["https:\/\/bubblz.ai\/pt\/privacidade\/"]}]},{"@type":"BreadcrumbList","@id":"https:\/\/bubblz.ai\/pt\/privacidade\/#breadcrumb","itemListElement":[{"@type":"ListItem","position":1,"name":"Home","item":"https:\/\/bubblz.ai\/it\/"},{"@type":"ListItem","position":2,"name":"Privacy &#038; Cookies"}]},{"@type":"WebSite","@id":"https:\/\/bubblz.ai\/it\/#website","url":"https:\/\/bubblz.ai\/it\/","name":"Bubblz","description":"AI Language Practice","publisher":{"@id":"https:\/\/bubblz.ai\/it\/#organization"},"potentialAction":[{"@type":"SearchAction","target":{"@type":"EntryPoint","urlTemplate":"https:\/\/bubblz.ai\/it\/?s={search_term_string}"},"query-input":{"@type":"PropertyValueSpecification","valueRequired":true,"valueName":"search_term_string"}}],"inLanguage":"pt-PT"},{"@type":"Organization","@id":"https:\/\/bubblz.ai\/it\/#organization","name":"Bubblz","url":"https:\/\/bubblz.ai\/it\/","logo":{"@type":"ImageObject","inLanguage":"pt-PT","@id":"https:\/\/bubblz.ai\/it\/#\/schema\/logo\/image\/","url":"https:\/\/bubblz.ai\/wp-content\/uploads\/2024\/02\/logo9.png","contentUrl":"https:\/\/bubblz.ai\/wp-content\/uploads\/2024\/02\/logo9.png","width":2400,"height":2400,"caption":"Bubblz"},"image":{"@id":"https:\/\/bubblz.ai\/it\/#\/schema\/logo\/image\/"},"sameAs":["https:\/\/www.facebook.com\/trybubblz","https:\/\/x.com\/trybubblz"]}]}},"_links":{"self":[{"href":"https:\/\/bubblz.ai\/pt\/wp-json\/wp\/v2\/pages\/133","targetHints":{"allow":["GET"]}}],"collection":[{"href":"https:\/\/bubblz.ai\/pt\/wp-json\/wp\/v2\/pages"}],"about":[{"href":"https:\/\/bubblz.ai\/pt\/wp-json\/wp\/v2\/types\/page"}],"author":[{"embeddable":true,"href":"https:\/\/bubblz.ai\/pt\/wp-json\/wp\/v2\/users\/2"}],"replies":[{"embeddable":true,"href":"https:\/\/bubblz.ai\/pt\/wp-json\/wp\/v2\/comments?post=133"}],"version-history":[{"count":5,"href":"https:\/\/bubblz.ai\/pt\/wp-json\/wp\/v2\/pages\/133\/revisions"}],"predecessor-version":[{"id":2084,"href":"https:\/\/bubblz.ai\/pt\/wp-json\/wp\/v2\/pages\/133\/revisions\/2084"}],"wp:attachment":[{"href":"https:\/\/bubblz.ai\/pt\/wp-json\/wp\/v2\/media?parent=133"}],"curies":[{"name":"wp","href":"https:\/\/api.w.org\/{rel}","templated":true}]}}