{"id":1749,"date":"2024-05-06T13:22:32","date_gmt":"2024-05-06T13:22:32","guid":{"rendered":"https:\/\/bubblz.ai\/?page_id=1749"},"modified":"2024-05-09T13:11:42","modified_gmt":"2024-05-09T13:11:42","slug":"metodos-de-introducao","status":"publish","type":"page","link":"https:\/\/bubblz.ai\/pt\/input-methods\/","title":{"rendered":"M\u00e9todos de entrada"},"content":{"rendered":"<section class=\"bde-section-1749-100 bde-section\">\n  \n  \n\t\n\n\n\n<div class=\"section-container\"><div class=\"bde-text-1749-101 bde-text\" data-entrance=\"slideUp\">\nSuporte Bubblz\n<\/div><h1 class=\"bde-heading-1749-102 bde-heading\" data-entrance=\"slideUp\">\nDecide qual a melhor forma de praticar com o Bubblz: voz ou texto?\n<\/h1><\/div>\n<\/section><section class=\"bde-section-1749-103 bde-section\">\n  \n  \n\t\n\n\n\n<div class=\"section-container\"><div class=\"bde-div-1749-104 bde-div\">\n  \n  \n\t\n\n\n\n<div class=\"bde-rich-text-1749-105 bde-rich-text breakdance-rich-text-styles\">\n<p>A escolha do m\u00e9todo de introdu\u00e7\u00e3o correto pode afetar significativamente a tua experi\u00eancia de aprendizagem de l\u00ednguas com o Bubblz. Este guia ir\u00e1 ajudar-te a compreender as vantagens da introdu\u00e7\u00e3o de voz e de texto, e sugerir qual poder\u00e1 ser o mais adequado para ti, com base na tua profici\u00eancia atual e nos teus objectivos de aprendizagem.<\/p><h2>A nossa filosofia<\/h2><p>No Bubblz, acreditamos que o objetivo mais importante na aprendizagem de l\u00ednguas \u00e9 tornares-te h\u00e1bil na constru\u00e7\u00e3o de frases completas, como um nativo - escolhendo a melhor frase para expressar os teus pensamentos. Por isso, \u00e9 essencial selecionar um m\u00e9todo de input que te permita exprimir-te de forma mais eficiente e eficaz.<\/p><h2>Compreender os m\u00e9todos de entrada<\/h2><p><strong>1. Introduzir voz:<\/strong><\/p><ul><li><strong>Pr\u00f3s:<\/strong><ul><li>Ideal para praticares a pron\u00fancia e a flu\u00eancia.<\/li><li>Simula conversas da vida real, melhorando a tua capacidade de ouvir e falar simultaneamente.<\/li><\/ul><\/li><li><strong>Contras:<\/strong><ul><li>Os utilizadores podem optar por frases mais simples devido \u00e0 press\u00e3o da grava\u00e7\u00e3o.<\/li><li>A precis\u00e3o do reconhecimento de voz pode variar com base no sotaque e na pron\u00fancia, o que pode levar a mal-entendidos.<\/li><li>As frequentes autocorrec\u00e7\u00f5es dos alunos podem confundir o sistema de reconhecimento de voz.<\/li><\/ul><\/li><\/ul><p><strong>2. Introduz texto:<\/strong><\/p><ul><li><strong>Pr\u00f3s:<\/strong><ul><li>D\u00e1 mais tempo para pensar e construir respostas, <em>ajuda a aprender a estrutura correcta das frases e do vocabul\u00e1rio<\/em> (lembra-te, esse \u00e9 o nosso principal objetivo).<\/li><li>\u00c9 mais f\u00e1cil editar e aperfei\u00e7oar as respostas, o que pode levar a uma aprendizagem mais profunda atrav\u00e9s da corre\u00e7\u00e3o de erros.<\/li><li>N\u00e3o te preocupes com o sotaque ou a clareza do discurso que afectam o processo de aprendizagem.<\/li><\/ul><\/li><li><strong>Contras:<\/strong><ul><li>Menos eficaz para melhorar a pron\u00fancia e a capacidade de falar espontaneamente.<\/li><\/ul><\/li><\/ul><h3>Quando utilizar a introdu\u00e7\u00e3o por voz<\/h3><ul><li>Mais adequado para <strong>interm\u00e9dio superior a avan\u00e7ado <\/strong>falantes que queiram aperfei\u00e7oar as suas capacidades de falar e ouvir.<\/li><li>\u00c9 \u00fatil quando te sentes \u00e0 vontade para construir frases rapidamente.<\/li><\/ul><p><strong>Sugest\u00f5es para utilizar a introdu\u00e7\u00e3o por voz:<\/strong><\/p><ul><li>Organiza os teus pensamentos antes de come\u00e7ares a falar.<\/li><li>Para uma entrada de voz mais clara, considera a utiliza\u00e7\u00e3o de auscultadores com microfone.<\/li><li>Podes cancelar e recome\u00e7ar se trope\u00e7ares - a pr\u00e1tica leva \u00e0 perfei\u00e7\u00e3o!<\/li><\/ul><h3>Quando utilizar a introdu\u00e7\u00e3o de texto<\/h3><ul><li>Recomendado para <strong>b\u00e1sico e interm\u00e9dio inferior<\/strong> falantes que precisam de mais tempo para formar frases correctas e completas.<\/li><li>\u00d3timo para quem se sente mais confiante a expressar-se por escrito ou para quem est\u00e1 preocupado com o facto de o seu sotaque influenciar o reconhecimento de voz.<\/li><\/ul><p><strong>Sugest\u00f5es para utilizar a introdu\u00e7\u00e3o de texto:<\/strong><\/p><ul><li>Leva o tempo que for preciso para elaborar as respostas.<\/li><li>Aproveita a oportunidade para praticar a ortografia e a gram\u00e1tica correctas.<\/li><\/ul><h3>Escolher o que \u00e9 melhor para ti<\/h3><p>Em \u00faltima an\u00e1lise, a escolha entre entradas de voz e de texto deve ser orientada pelo m\u00e9todo que te ajuda a construir as declara\u00e7\u00f5es mais precisas, completas e nativas. Isto implica n\u00e3o s\u00f3 escolher o m\u00e9todo que te parece mais confort\u00e1vel, mas tamb\u00e9m aquele que te desafia o suficiente para melhorares.<\/p><p>Tanto as entradas de voz como de texto s\u00e3o ferramentas valiosas na tua jornada de aprendizagem de l\u00ednguas com o Bubblz. Dependendo do teu n\u00edvel atual e dos teus objectivos espec\u00edficos de aprendizagem, uma pode ser mais adequada do que a outra. Lembra-te, o objetivo final \u00e9 melhorar a tua capacidade de expressar pensamentos completos e precisos na tua nova l\u00edngua.<\/p><p><strong>Dica final:<\/strong> Experimenta ambos os m\u00e9todos para descobrires qual deles se adapta verdadeiramente ao teu estilo e faz progredir as tuas compet\u00eancias. Com o Bubblz, tens sempre o controlo do teu percurso de aprendizagem!<\/p>\n<\/div>\n<\/div><\/div>\n<\/section>","protected":false},"excerpt":{"rendered":"<p>Bubblz Support Decide Your Best Way to Practice with Bubblz: Voice or Text? Choosing the right input method can significantly affect your language learning experience with Bubblz. This guide will help you understand the benefits of both voice input and text input, and suggest which might be more suitable for you based on your current [&hellip;]<\/p>\n","protected":false},"author":1,"featured_media":0,"parent":0,"menu_order":0,"comment_status":"closed","ping_status":"closed","template":"","meta":{"inline_featured_image":false,"_breakdance_hide_in_design_set":false,"_breakdance_tags":"","footnotes":""},"class_list":["post-1749","page","type-page","status-publish","hentry"],"yoast_head":"<!-- This site is optimized with the Yoast SEO plugin v27.2 - https:\/\/yoast.com\/product\/yoast-seo-wordpress\/ -->\n<title>Input Methods &#8211; Bubblz<\/title>\n<meta name=\"description\" content=\"Master speaking a language, thanks to Bubblz\u2019s humanlike A.I. chat technology\" \/>\n<meta name=\"robots\" content=\"index, follow, max-snippet:-1, max-image-preview:large, max-video-preview:-1\" \/>\n<link rel=\"canonical\" href=\"https:\/\/bubblz.ai\/pt\/metodos-de-introducao\/\" \/>\n<meta property=\"og:locale\" content=\"pt_PT\" \/>\n<meta property=\"og:type\" content=\"article\" \/>\n<meta property=\"og:title\" content=\"Input Methods &#8211; Bubblz\" \/>\n<meta property=\"og:description\" content=\"Master speaking a language, thanks to Bubblz\u2019s humanlike A.I. chat technology\" \/>\n<meta property=\"og:url\" content=\"https:\/\/bubblz.ai\/pt\/metodos-de-introducao\/\" \/>\n<meta property=\"og:site_name\" content=\"Bubblz\" \/>\n<meta property=\"article:publisher\" content=\"https:\/\/www.facebook.com\/trybubblz\" \/>\n<meta property=\"article:modified_time\" content=\"2024-05-09T13:11:42+00:00\" \/>\n<meta name=\"twitter:card\" content=\"summary_large_image\" \/>\n<meta name=\"twitter:site\" content=\"@trybubblz\" \/>\n<meta name=\"twitter:label1\" content=\"Tempo estimado de leitura\" \/>\n\t<meta name=\"twitter:data1\" content=\"3 minutos\" \/>\n<script type=\"application\/ld+json\" class=\"yoast-schema-graph\">{\"@context\":\"https:\/\/schema.org\",\"@graph\":[{\"@type\":\"WebPage\",\"@id\":\"https:\/\/bubblz.ai\/ko\/%ec%9e%85%eb%a0%a5-%eb%b0%a9%eb%b2%95\/\",\"url\":\"https:\/\/bubblz.ai\/ko\/%ec%9e%85%eb%a0%a5-%eb%b0%a9%eb%b2%95\/\",\"name\":\"Input Methods &#8211; Bubblz\",\"isPartOf\":{\"@id\":\"https:\/\/bubblz.ai\/it\/#website\"},\"datePublished\":\"2024-05-06T13:22:32+00:00\",\"dateModified\":\"2024-05-09T13:11:42+00:00\",\"description\":\"Master speaking a language, thanks to Bubblz\u2019s humanlike A.I. chat technology\",\"breadcrumb\":{\"@id\":\"https:\/\/bubblz.ai\/ko\/%ec%9e%85%eb%a0%a5-%eb%b0%a9%eb%b2%95\/#breadcrumb\"},\"inLanguage\":\"pt-PT\",\"potentialAction\":[{\"@type\":\"ReadAction\",\"target\":[\"https:\/\/bubblz.ai\/ko\/%ec%9e%85%eb%a0%a5-%eb%b0%a9%eb%b2%95\/\"]}]},{\"@type\":\"BreadcrumbList\",\"@id\":\"https:\/\/bubblz.ai\/ko\/%ec%9e%85%eb%a0%a5-%eb%b0%a9%eb%b2%95\/#breadcrumb\",\"itemListElement\":[{\"@type\":\"ListItem\",\"position\":1,\"name\":\"Home\",\"item\":\"https:\/\/bubblz.ai\/it\/\"},{\"@type\":\"ListItem\",\"position\":2,\"name\":\"Input Methods\"}]},{\"@type\":\"WebSite\",\"@id\":\"https:\/\/bubblz.ai\/it\/#website\",\"url\":\"https:\/\/bubblz.ai\/it\/\",\"name\":\"Bubblz\",\"description\":\"AI Language Practice\",\"publisher\":{\"@id\":\"https:\/\/bubblz.ai\/it\/#organization\"},\"potentialAction\":[{\"@type\":\"SearchAction\",\"target\":{\"@type\":\"EntryPoint\",\"urlTemplate\":\"https:\/\/bubblz.ai\/it\/?s={search_term_string}\"},\"query-input\":{\"@type\":\"PropertyValueSpecification\",\"valueRequired\":true,\"valueName\":\"search_term_string\"}}],\"inLanguage\":\"pt-PT\"},{\"@type\":\"Organization\",\"@id\":\"https:\/\/bubblz.ai\/it\/#organization\",\"name\":\"Bubblz\",\"url\":\"https:\/\/bubblz.ai\/it\/\",\"logo\":{\"@type\":\"ImageObject\",\"inLanguage\":\"pt-PT\",\"@id\":\"https:\/\/bubblz.ai\/it\/#\/schema\/logo\/image\/\",\"url\":\"https:\/\/bubblz.ai\/wp-content\/uploads\/2024\/02\/logo9.png\",\"contentUrl\":\"https:\/\/bubblz.ai\/wp-content\/uploads\/2024\/02\/logo9.png\",\"width\":2400,\"height\":2400,\"caption\":\"Bubblz\"},\"image\":{\"@id\":\"https:\/\/bubblz.ai\/it\/#\/schema\/logo\/image\/\"},\"sameAs\":[\"https:\/\/www.facebook.com\/trybubblz\",\"https:\/\/x.com\/trybubblz\"]}]}<\/script>\n<!-- \/ Yoast SEO plugin. -->","yoast_head_json":{"title":"M\u00e9todos de entrada - Bubblz","description":"Aprende a falar uma l\u00edngua, gra\u00e7as \u00e0 tecnologia de conversa\u00e7\u00e3o da I.A. do Bubblz","robots":{"index":"index","follow":"follow","max-snippet":"max-snippet:-1","max-image-preview":"max-image-preview:large","max-video-preview":"max-video-preview:-1"},"canonical":"https:\/\/bubblz.ai\/pt\/metodos-de-introducao\/","og_locale":"pt_PT","og_type":"article","og_title":"Input Methods &#8211; Bubblz","og_description":"Master speaking a language, thanks to Bubblz\u2019s humanlike A.I. chat technology","og_url":"https:\/\/bubblz.ai\/pt\/metodos-de-introducao\/","og_site_name":"Bubblz","article_publisher":"https:\/\/www.facebook.com\/trybubblz","article_modified_time":"2024-05-09T13:11:42+00:00","twitter_card":"summary_large_image","twitter_site":"@trybubblz","twitter_misc":{"Tempo estimado de leitura":"3 minutos"},"schema":{"@context":"https:\/\/schema.org","@graph":[{"@type":"WebPage","@id":"https:\/\/bubblz.ai\/ko\/%ec%9e%85%eb%a0%a5-%eb%b0%a9%eb%b2%95\/","url":"https:\/\/bubblz.ai\/ko\/%ec%9e%85%eb%a0%a5-%eb%b0%a9%eb%b2%95\/","name":"M\u00e9todos de entrada - Bubblz","isPartOf":{"@id":"https:\/\/bubblz.ai\/it\/#website"},"datePublished":"2024-05-06T13:22:32+00:00","dateModified":"2024-05-09T13:11:42+00:00","description":"Aprende a falar uma l\u00edngua, gra\u00e7as \u00e0 tecnologia de conversa\u00e7\u00e3o da I.A. do Bubblz","breadcrumb":{"@id":"https:\/\/bubblz.ai\/ko\/%ec%9e%85%eb%a0%a5-%eb%b0%a9%eb%b2%95\/#breadcrumb"},"inLanguage":"pt-PT","potentialAction":[{"@type":"ReadAction","target":["https:\/\/bubblz.ai\/ko\/%ec%9e%85%eb%a0%a5-%eb%b0%a9%eb%b2%95\/"]}]},{"@type":"BreadcrumbList","@id":"https:\/\/bubblz.ai\/ko\/%ec%9e%85%eb%a0%a5-%eb%b0%a9%eb%b2%95\/#breadcrumb","itemListElement":[{"@type":"ListItem","position":1,"name":"Home","item":"https:\/\/bubblz.ai\/it\/"},{"@type":"ListItem","position":2,"name":"Input Methods"}]},{"@type":"WebSite","@id":"https:\/\/bubblz.ai\/it\/#website","url":"https:\/\/bubblz.ai\/it\/","name":"Bubblz","description":"AI Language Practice","publisher":{"@id":"https:\/\/bubblz.ai\/it\/#organization"},"potentialAction":[{"@type":"SearchAction","target":{"@type":"EntryPoint","urlTemplate":"https:\/\/bubblz.ai\/it\/?s={search_term_string}"},"query-input":{"@type":"PropertyValueSpecification","valueRequired":true,"valueName":"search_term_string"}}],"inLanguage":"pt-PT"},{"@type":"Organization","@id":"https:\/\/bubblz.ai\/it\/#organization","name":"Bubblz","url":"https:\/\/bubblz.ai\/it\/","logo":{"@type":"ImageObject","inLanguage":"pt-PT","@id":"https:\/\/bubblz.ai\/it\/#\/schema\/logo\/image\/","url":"https:\/\/bubblz.ai\/wp-content\/uploads\/2024\/02\/logo9.png","contentUrl":"https:\/\/bubblz.ai\/wp-content\/uploads\/2024\/02\/logo9.png","width":2400,"height":2400,"caption":"Bubblz"},"image":{"@id":"https:\/\/bubblz.ai\/it\/#\/schema\/logo\/image\/"},"sameAs":["https:\/\/www.facebook.com\/trybubblz","https:\/\/x.com\/trybubblz"]}]}},"_links":{"self":[{"href":"https:\/\/bubblz.ai\/pt\/wp-json\/wp\/v2\/pages\/1749","targetHints":{"allow":["GET"]}}],"collection":[{"href":"https:\/\/bubblz.ai\/pt\/wp-json\/wp\/v2\/pages"}],"about":[{"href":"https:\/\/bubblz.ai\/pt\/wp-json\/wp\/v2\/types\/page"}],"author":[{"embeddable":true,"href":"https:\/\/bubblz.ai\/pt\/wp-json\/wp\/v2\/users\/1"}],"replies":[{"embeddable":true,"href":"https:\/\/bubblz.ai\/pt\/wp-json\/wp\/v2\/comments?post=1749"}],"version-history":[{"count":0,"href":"https:\/\/bubblz.ai\/pt\/wp-json\/wp\/v2\/pages\/1749\/revisions"}],"wp:attachment":[{"href":"https:\/\/bubblz.ai\/pt\/wp-json\/wp\/v2\/media?parent=1749"}],"curies":[{"name":"wp","href":"https:\/\/api.w.org\/{rel}","templated":true}]}}