{"id":133,"date":"2024-02-02T14:03:48","date_gmt":"2024-02-02T14:03:48","guid":{"rendered":"https:\/\/bubblz.ai\/?page_id=133"},"modified":"2026-01-05T10:02:28","modified_gmt":"2026-01-05T10:02:28","slug":"privacidade","status":"publish","type":"page","link":"https:\/\/bubblz.ai\/pt_br\/privacy\/","title":{"rendered":"Privacidade e cookies"},"content":{"rendered":"<section class=\"bde-section-133-100 bde-section\">\n  \n  \n\t\n\n\n\n<div class=\"section-container\"><div class=\"bde-text-133-101 bde-text\" data-entrance=\"slideUp\">\nLegal\n<\/div><h1 class=\"bde-heading-133-102 bde-heading\" data-entrance=\"slideUp\">\nPol\u00edtica de privacidade e cookies\n<\/h1><\/div>\n<\/section><section class=\"bde-section-133-103 bde-section\">\n  \n  \n\t\n\n\n\n<div class=\"section-container\"><div class=\"bde-code-block-133-106 bde-code-block\">\n\n  <body>\n  <p><strong>Data de vig\u00eancia:<\/strong> 5 de janeiro de 2026<br \/>\n  <strong>\u00daltima atualiza\u00e7\u00e3o:<\/strong> 5 de janeiro de 2026<\/p>\n\n  <p>Esta Pol\u00edtica de Privacidade descreve como a Surf City Apps LLC (\"n\u00f3s\", \"nos\" ou \"nosso\") coleta, usa e protege seus dados pessoais quando voc\u00ea usa o aplicativo m\u00f3vel Bubblz e servi\u00e7os relacionados (o \u201cServi\u00e7o\u201d).<\/p>\n\n  <p>Temos o compromisso de proteger sua privacidade e cumprir as leis de prote\u00e7\u00e3o de dados aplic\u00e1veis, incluindo o Regulamento Geral de Prote\u00e7\u00e3o de Dados (GDPR) para usu\u00e1rios do Espa\u00e7o Econ\u00f4mico Europeu (EEE).<\/p>\n\n  <h2>1. Quem somos<\/h2>\n  <p>A Surf City Apps LLC \u00e9 uma empresa sediada nos Estados Unidos:<\/p>\n  <p>\n    440 N Barranca Ave #2975<br \/>\n    Covina, CA 91723, EUA<br \/>\n    E-mail: <a href=\"mailto:privacy@bubblz.ai\">privacy@bubblz.ai<\/a><br \/>\n    Site: <a href=\"https:\/\/bubblz.ai\/pt_br\/\">https:\/\/bubblz.ai<\/a>\n  <\/p>\n\n  <h2>2. Quais dados coletamos<\/h2>\n  <p>Coletamos dados pessoais e de uso em conex\u00e3o com o aplicativo Bubblz. Isso inclui:<\/p>\n  <ul>\n    <li><strong>Informa\u00e7\u00f5es pessoais:<\/strong> Endere\u00e7o de e-mail (login da conta); Firebase UID (ID de usu\u00e1rio exclusivo); apelido e g\u00eanero (opcional); idioma nativo e idioma de aprendizado; n\u00edvel de profici\u00eancia no idioma<\/li>\n    <li><strong>Dados de uso do aplicativo:<\/strong> Hist\u00f3rico de bate-papo (por exemplo, conversas com IA); sequ\u00eancias di\u00e1rias, atividade da sess\u00e3o, registros de data e hora; uso de cr\u00e9ditos (linhas de vida e uso regular); uso de recursos (por exemplo, corre\u00e7\u00e3o gramatical, entrada de voz)<\/li>\n    <li><strong>Dispositivo e dados t\u00e9cnicos:<\/strong> Modelo do dispositivo e sistema operacional; endere\u00e7o IP (ef\u00eamero); vers\u00e3o do aplicativo; identificadores de an\u00e1lise (por exemplo, IDs de atribui\u00e7\u00e3o)<\/li>\n    <li><strong>Dados de assinatura:<\/strong> Tipo de plano (por exemplo, Premium, Ultra); status de avalia\u00e7\u00e3o e estado da assinatura; datas de expira\u00e7\u00e3o e tipo de plataforma (iOS ou Android)<\/li>\n  <\/ul>\n\n  <h2>3. Como usamos seus dados<\/h2>\n  <p>Usamos seus dados para:<\/p>\n  <ul>\n    <li>Fornecer acesso e operar o aplicativo Bubblz<\/li>\n    <li>Autenticar usu\u00e1rios e gerenciar perfis de usu\u00e1rios<\/li>\n    <li>Personalize a experi\u00eancia do aplicativo com base em suas prefer\u00eancias de idioma<\/li>\n    <li>Potencialize as conversas lingu\u00edsticas orientadas por IA<\/li>\n    <li>Enviar as notifica\u00e7\u00f5es necess\u00e1rias (por exemplo, redefini\u00e7\u00e3o de senha, mensagens de servi\u00e7o)<\/li>\n    <li>Monitorar e melhorar o desempenho, solucionar erros e aprimorar os recursos do aplicativo<\/li>\n    <li>Entenda o envolvimento do usu\u00e1rio para melhorar os resultados da aprendizagem<\/li>\n    <li>Enviar-lhe conte\u00fado opcional por e-mail (dicas de idioma, atualiza\u00e7\u00f5es) quando voc\u00ea optar por receb\u00ea-lo<\/li>\n  <\/ul>\n\n  <h2>4. Bases legais para o processamento (de acordo com o GDPR)<\/h2>\n  <p>Se voc\u00ea estiver localizado na UE\/EEE, n\u00f3s nos baseamos nas seguintes bases legais de acordo com o Artigo 6 do GDPR:<\/p>\n  <ul>\n    <li><strong>Interesses leg\u00edtimos:<\/strong> Operando e protegendo o aplicativo<\/li>\n    <li><strong>Necessidade contratual:<\/strong> Autentica\u00e7\u00e3o de usu\u00e1rios e armazenamento de perfis<\/li>\n    <li><strong>Consentimento:<\/strong> An\u00e1lise e otimiza\u00e7\u00e3o de desempenho (quando aplic\u00e1vel); comunica\u00e7\u00e3o opcional por e-mail (por exemplo, dicas de idioma)<\/li>\n    <li><strong>Obriga\u00e7\u00e3o legal:<\/strong> Responder a solicita\u00e7\u00f5es legais<\/li>\n  <\/ul>\n\n  <h3>Como essas bases legais se aplicam<\/h3>\n  <p>Os exemplos a seguir ilustram como nos baseamos nessas bases legais para atividades de processamento espec\u00edficas:<\/p>\n  <ul>\n    <li><strong>Operar e proteger o aplicativo:<\/strong> Interesses leg\u00edtimos<\/li>\n    <li><strong>Autentica\u00e7\u00e3o de usu\u00e1rios e armazenamento de perfis:<\/strong> Necessidade contratual<\/li>\n    <li><strong>An\u00e1lise e otimiza\u00e7\u00e3o do desempenho:<\/strong> Consentimento (quando aplic\u00e1vel)<\/li>\n    <li><strong>Comunica\u00e7\u00e3o por e-mail (por exemplo, dicas de idiomas):<\/strong> Consentimento<\/li>\n    <li><strong>Responder a solicita\u00e7\u00f5es legais:<\/strong> Obriga\u00e7\u00e3o legal<\/li>\n  <\/ul>\n\n  <h2>5. Como obtemos o consentimento<\/h2>\n  <p>Quando dependemos de consentimento, n\u00f3s o obtemos por meio de:<\/p>\n  <ul>\n    <li><strong>Transpar\u00eancia no rastreamento de aplicativos iOS:<\/strong> O consentimento \u00e9 solicitado quando o rastreamento \u00e9 ativado<\/li>\n    <li><strong>Marketing por e-mail:<\/strong> Voc\u00ea ser\u00e1 solicitado a optar por receber dicas de aprendizado de idiomas. Voc\u00ea pode cancelar a assinatura a qualquer momento.<\/li>\n    <li><strong>Contratos no aplicativo:<\/strong> Durante a integra\u00e7\u00e3o ou o login, os usu\u00e1rios concordam com nossos Termos e com esta Pol\u00edtica de Privacidade<\/li>\n  <\/ul>\n\n  <h2>6. Servi\u00e7os de terceiros<\/h2>\n  <p>Dependemos de servi\u00e7os de terceiros para operar o Bubblz, incluindo ferramentas de an\u00e1lise, autentica\u00e7\u00e3o de usu\u00e1rios, mensagens, processamento de IA e notifica\u00e7\u00f5es. Esses servi\u00e7os nos ajudam a entender o comportamento do usu\u00e1rio, melhorar o desempenho, gerenciar assinaturas, enviar e-mails e processar sua entrada de bate-papo com IA.<\/p>\n  <p>Alguns de seus dados podem ser processados por:<\/p>\n  <ul>\n    <li><strong>Firebase:<\/strong> Autentica\u00e7\u00e3o, banco de dados, an\u00e1lise, mensagens, relat\u00f3rios de falhas<\/li>\n    <li><strong>PostHog:<\/strong> An\u00e1lise de produtos e rastreamento do uso de recursos<\/li>\n    <li><strong>AppsFlyer:<\/strong> Instalar dados de atribui\u00e7\u00e3o e de sess\u00e3o<\/li>\n    <li><strong>Sentinela:<\/strong> Monitoramento de falhas e erros<\/li>\n    <li><strong>OneSignal:<\/strong> Notifica\u00e7\u00f5es push<\/li>\n    <li><strong>RevenueCat:<\/strong> Gerenciamento de assinaturas<\/li>\n    <li><strong>Superwall:<\/strong> Paywall e fluxo de teste<\/li>\n    <li><strong>OpenAI:<\/strong> Conclus\u00e3o e modera\u00e7\u00e3o de bate-papo com IA<\/li>\n    <li><strong>Mailchimp:<\/strong> Marketing por e-mail (se tiver optado por participar)<\/li>\n    <li><strong>SendGrid \/ Amazon SES:<\/strong> E-mails transacionais<\/li>\n    <li><strong>Google \/ Apple:<\/strong> Servi\u00e7os de login OAuth<\/li>\n  <\/ul>\n  <p>Esses provedores podem processar seus dados nos Estados Unidos ou em outros pa\u00edses. Quando necess\u00e1rio, as transfer\u00eancias internacionais s\u00e3o protegidas por meio de Cl\u00e1usulas Contratuais Padr\u00e3o (SCCs) ou mecanismos equivalentes.<\/p>\n\n  <h2>7. Reten\u00e7\u00e3o de dados<\/h2>\n  <p>Retemos os dados pessoais somente pelo tempo necess\u00e1rio para os fins descritos nesta pol\u00edtica:<\/p>\n  <ul>\n    <li><strong>Perfil do usu\u00e1rio e hist\u00f3rico de bate-papo:<\/strong> At\u00e9 a exclus\u00e3o da conta ou ap\u00f3s 24 meses de inatividade<\/li>\n    <li><strong>Registros anal\u00edticos e t\u00e9cnicos:<\/strong> At\u00e9 24 meses<\/li>\n    <li><strong>Registros de assinatura:<\/strong> Conforme necess\u00e1rio para conformidade e integridade da conta<\/li>\n    <li><strong>Registros de marketing por e-mail:<\/strong> At\u00e9 que voc\u00ea cancele a assinatura ou exclua sua conta<\/li>\n  <\/ul>\n  <p>Quando um usu\u00e1rio solicita a exclus\u00e3o de sua conta, tamb\u00e9m iniciamos a exclus\u00e3o de nossos provedores de servi\u00e7os terceirizados, quando aplic\u00e1vel.<\/p>\n\n  <h2>8. Seus direitos (de acordo com o GDPR)<\/h2>\n  <p>Se voc\u00ea \u00e9 residente da UE\/EEE, tem o direito de:<\/p>\n  <ul>\n    <li>Acesse seus dados pessoais<\/li>\n    <li>Retificar dados imprecisos ou incompletos<\/li>\n    <li>Solicitar a exclus\u00e3o de sua conta e de seus dados<\/li>\n    <li>Retirar o consentimento quando o processamento for baseado no consentimento<\/li>\n    <li>Restringir ou contestar a forma como seus dados s\u00e3o usados<\/li>\n    <li>Portar seus dados (receb\u00ea-los em um formato estruturado)<\/li>\n    <li>Apresentar uma reclama\u00e7\u00e3o \u00e0 autoridade nacional de prote\u00e7\u00e3o de dados<\/li>\n  <\/ul>\n  <p>Para exercer seus direitos, envie-nos um e-mail para <a href=\"mailto:privacy@bubblz.ai\">privacy@bubblz.ai<\/a>. Podemos exigir verifica\u00e7\u00e3o antes de atender \u00e0 sua solicita\u00e7\u00e3o.<\/p>\n\n  <h2>9. Privacidade das crian\u00e7as<\/h2>\n  <p>O Bubblz n\u00e3o se destina a crian\u00e7as com menos de 16 anos de idade (na UE) ou com menos de 13 anos de idade (nos EUA). N\u00e3o coletamos intencionalmente dados pessoais de crian\u00e7as sem o consentimento dos pais. Se voc\u00ea acredita que coletamos esses dados por engano, entre em contato conosco para que possamos exclu\u00ed-los.<\/p>\n\n  <h2>10. Recursos de IA e modera\u00e7\u00e3o de conte\u00fado<\/h2>\n  <p>O Bubblz usa os servi\u00e7os de IA fornecidos pela OpenAI para potencializar o aprendizado interativo de idiomas baseado em bate-papo. Quando voc\u00ea usa esses recursos:<\/p>\n  <ul>\n    <li>Suas informa\u00e7\u00f5es podem ser enviadas \u00e0 OpenAI para processamento<\/li>\n    <li>As mensagens podem ser retidas temporariamente para modera\u00e7\u00e3o de conte\u00fado e preven\u00e7\u00e3o de abusos<\/li>\n    <li>As entradas est\u00e3o sujeitas \u00e0s pol\u00edticas de uso da OpenAI<\/li>\n  <\/ul>\n  <p>N\u00e3o usamos esses dados para criar perfis de usu\u00e1rios ou para quaisquer fins n\u00e3o relacionados.<\/p>\n\n  <h2>11. Seguran\u00e7a de dados<\/h2>\n  <p>Implementamos medidas t\u00e9cnicas e organizacionais apropriadas para proteger seus dados pessoais, inclusive:<\/p>\n  <ul>\n    <li>Infraestrutura de nuvem segura via Firebase e Google Cloud<\/li>\n    <li>Criptografia de dados em tr\u00e2nsito (HTTPS)<\/li>\n    <li>Controles de acesso e autentica\u00e7\u00e3o baseados em fun\u00e7\u00f5es<\/li>\n    <li>Monitoramento de erros e detec\u00e7\u00e3o de anomalias<\/li>\n  <\/ul>\n  <p>Nossos fornecedores terceirizados implementam medidas de seguran\u00e7a semelhantes e podem ser certificados de acordo com as estruturas relevantes (por exemplo, ISO 27001, SOC 2).<\/p>\n\n  <h2>12. Transfer\u00eancias internacionais de dados<\/h2>\n  <p>Seus dados podem ser transferidos e processados em pa\u00edses fora do seu pa\u00eds de resid\u00eancia, inclusive nos Estados Unidos. Nesses casos, garantimos a prote\u00e7\u00e3o de seus direitos por meio de:<\/p>\n  <ul>\n    <li>Cl\u00e1usulas contratuais padr\u00e3o (SCCs), quando necess\u00e1rio<\/li>\n    <li>Compromissos do fornecedor com o processamento em conformidade com o GDPR<\/li>\n    <li>Due diligence sobre as pr\u00e1ticas de prote\u00e7\u00e3o de dados dos provedores de servi\u00e7os<\/li>\n  <\/ul>\n\n  <h2>13. Altera\u00e7\u00f5es a esta Pol\u00edtica de Privacidade<\/h2>\n  <p>Podemos atualizar esta Pol\u00edtica de Privacidade de tempos em tempos para refletir altera\u00e7\u00f5es em nossas pr\u00e1ticas ou obriga\u00e7\u00f5es legais. Quando fizermos isso, atualizaremos a data da \"\u00daltima atualiza\u00e7\u00e3o\" na parte superior desta p\u00e1gina. Voc\u00ea tamb\u00e9m poder\u00e1 ser notificado sobre altera\u00e7\u00f5es significativas por meio de mensagens no aplicativo ou por e-mail.<\/p>\n  <p>Recomendamos a revis\u00e3o peri\u00f3dica desta Pol\u00edtica de Privacidade.<\/p>\n\n  <h2>14. Entre em contato conosco<\/h2>\n  <p>Se tiver d\u00favidas ou preocupa\u00e7\u00f5es sobre esta Pol\u00edtica de Privacidade ou sobre como lidamos com seus dados, entre em contato conosco:<\/p>\n  <p>\n    Surf City Apps LLC<br \/>\n    440 N Barranca Ave #2975<br \/>\n    Covina, CA 91723, EUA<br \/>\n    E-mail: <a href=\"mailto:privacy@bubblz.ai\">privacy@bubblz.ai<\/a>\n\n  <h2>15. Representante da UE (GDPR - Artigo 27)<\/h2>\n  <p>Nomeamos um representante na UE para lidar com as solicita\u00e7\u00f5es relacionadas ao GDPR:<\/p>\n  <p>\n    BizLegal Ltd (negociando como EU Rep)<br \/>\n    27 Cork Road<br \/>\n    Midleton, Co. Cork<br \/>\n    Irlanda<br \/>\n    N\u00famero da empresa: 635921<br \/>\n    Site: <a href=\"https:\/\/www.eurep.ie\">https:\/\/www.eurep.ie<\/a>\n  <\/p>\n\n<\/body>\n\n\n\n<\/div><\/div>\n<\/section>","protected":false},"excerpt":{"rendered":"<p>Legal Privacy &#038; Cookie Policy Effective date: 5 January 2026 Last updated: 5 January 2026 This Privacy Policy describes how Surf City Apps LLC (&#8220;we&#8221;, &#8220;us&#8221;, or &#8220;our&#8221;) collects, uses, and protects your personal data when you use the Bubblz mobile app and related services (the \u201cService\u201d). We are committed to protecting your privacy and [&hellip;]<\/p>\n","protected":false},"author":2,"featured_media":0,"parent":0,"menu_order":0,"comment_status":"closed","ping_status":"closed","template":"","meta":{"inline_featured_image":false,"_breakdance_hide_in_design_set":false,"_breakdance_tags":"","footnotes":""},"class_list":["post-133","page","type-page","status-publish","hentry"],"yoast_head":"<!-- This site is optimized with the Yoast SEO plugin v27.2 - https:\/\/yoast.com\/product\/yoast-seo-wordpress\/ -->\n<title>Privacy &amp; Cookies &#8211; Bubblz<\/title>\n<meta name=\"description\" content=\"Master speaking a language, thanks to Bubblz\u2019s humanlike A.I. chat technology\" \/>\n<meta name=\"robots\" content=\"index, follow, max-snippet:-1, max-image-preview:large, max-video-preview:-1\" \/>\n<link rel=\"canonical\" href=\"https:\/\/bubblz.ai\/pt_br\/privacidade\/\" \/>\n<meta property=\"og:locale\" content=\"pt_BR\" \/>\n<meta property=\"og:type\" content=\"article\" \/>\n<meta property=\"og:title\" content=\"Privacy &amp; Cookies &#8211; Bubblz\" \/>\n<meta property=\"og:description\" content=\"Master speaking a language, thanks to Bubblz\u2019s humanlike A.I. chat technology\" \/>\n<meta property=\"og:url\" content=\"https:\/\/bubblz.ai\/pt_br\/privacidade\/\" \/>\n<meta property=\"og:site_name\" content=\"Bubblz\" \/>\n<meta property=\"article:publisher\" content=\"https:\/\/www.facebook.com\/trybubblz\" \/>\n<meta property=\"article:modified_time\" content=\"2026-01-05T10:02:28+00:00\" \/>\n<meta name=\"twitter:card\" content=\"summary_large_image\" \/>\n<meta name=\"twitter:site\" content=\"@trybubblz\" \/>\n<script type=\"application\/ld+json\" class=\"yoast-schema-graph\">{\"@context\":\"https:\/\/schema.org\",\"@graph\":[{\"@type\":\"WebPage\",\"@id\":\"https:\/\/bubblz.ai\/pt\/privacidade\/\",\"url\":\"https:\/\/bubblz.ai\/pt\/privacidade\/\",\"name\":\"Privacy & Cookies &#8211; Bubblz\",\"isPartOf\":{\"@id\":\"https:\/\/bubblz.ai\/it\/#website\"},\"datePublished\":\"2024-02-02T14:03:48+00:00\",\"dateModified\":\"2026-01-05T10:02:28+00:00\",\"description\":\"Master speaking a language, thanks to Bubblz\u2019s humanlike A.I. chat technology\",\"breadcrumb\":{\"@id\":\"https:\/\/bubblz.ai\/pt\/privacidade\/#breadcrumb\"},\"inLanguage\":\"pt-BR\",\"potentialAction\":[{\"@type\":\"ReadAction\",\"target\":[\"https:\/\/bubblz.ai\/pt\/privacidade\/\"]}]},{\"@type\":\"BreadcrumbList\",\"@id\":\"https:\/\/bubblz.ai\/pt\/privacidade\/#breadcrumb\",\"itemListElement\":[{\"@type\":\"ListItem\",\"position\":1,\"name\":\"Home\",\"item\":\"https:\/\/bubblz.ai\/it\/\"},{\"@type\":\"ListItem\",\"position\":2,\"name\":\"Privacy &#038; Cookies\"}]},{\"@type\":\"WebSite\",\"@id\":\"https:\/\/bubblz.ai\/it\/#website\",\"url\":\"https:\/\/bubblz.ai\/it\/\",\"name\":\"Bubblz\",\"description\":\"AI Language Practice\",\"publisher\":{\"@id\":\"https:\/\/bubblz.ai\/it\/#organization\"},\"potentialAction\":[{\"@type\":\"SearchAction\",\"target\":{\"@type\":\"EntryPoint\",\"urlTemplate\":\"https:\/\/bubblz.ai\/it\/?s={search_term_string}\"},\"query-input\":{\"@type\":\"PropertyValueSpecification\",\"valueRequired\":true,\"valueName\":\"search_term_string\"}}],\"inLanguage\":\"pt-BR\"},{\"@type\":\"Organization\",\"@id\":\"https:\/\/bubblz.ai\/it\/#organization\",\"name\":\"Bubblz\",\"url\":\"https:\/\/bubblz.ai\/it\/\",\"logo\":{\"@type\":\"ImageObject\",\"inLanguage\":\"pt-BR\",\"@id\":\"https:\/\/bubblz.ai\/it\/#\/schema\/logo\/image\/\",\"url\":\"https:\/\/bubblz.ai\/wp-content\/uploads\/2024\/02\/logo9.png\",\"contentUrl\":\"https:\/\/bubblz.ai\/wp-content\/uploads\/2024\/02\/logo9.png\",\"width\":2400,\"height\":2400,\"caption\":\"Bubblz\"},\"image\":{\"@id\":\"https:\/\/bubblz.ai\/it\/#\/schema\/logo\/image\/\"},\"sameAs\":[\"https:\/\/www.facebook.com\/trybubblz\",\"https:\/\/x.com\/trybubblz\"]}]}<\/script>\n<!-- \/ Yoast SEO plugin. -->","yoast_head_json":{"title":"Privacidade e cookies - Bubblz","description":"Aprenda a falar um idioma, gra\u00e7as \u00e0 tecnologia de bate-papo de I.A. semelhante \u00e0 humana do Bubblz","robots":{"index":"index","follow":"follow","max-snippet":"max-snippet:-1","max-image-preview":"max-image-preview:large","max-video-preview":"max-video-preview:-1"},"canonical":"https:\/\/bubblz.ai\/pt_br\/privacidade\/","og_locale":"pt_BR","og_type":"article","og_title":"Privacy & Cookies &#8211; Bubblz","og_description":"Master speaking a language, thanks to Bubblz\u2019s humanlike A.I. chat technology","og_url":"https:\/\/bubblz.ai\/pt_br\/privacidade\/","og_site_name":"Bubblz","article_publisher":"https:\/\/www.facebook.com\/trybubblz","article_modified_time":"2026-01-05T10:02:28+00:00","twitter_card":"summary_large_image","twitter_site":"@trybubblz","schema":{"@context":"https:\/\/schema.org","@graph":[{"@type":"WebPage","@id":"https:\/\/bubblz.ai\/pt\/privacidade\/","url":"https:\/\/bubblz.ai\/pt\/privacidade\/","name":"Privacidade e cookies - Bubblz","isPartOf":{"@id":"https:\/\/bubblz.ai\/it\/#website"},"datePublished":"2024-02-02T14:03:48+00:00","dateModified":"2026-01-05T10:02:28+00:00","description":"Aprenda a falar um idioma, gra\u00e7as \u00e0 tecnologia de bate-papo de I.A. semelhante \u00e0 humana do Bubblz","breadcrumb":{"@id":"https:\/\/bubblz.ai\/pt\/privacidade\/#breadcrumb"},"inLanguage":"pt-BR","potentialAction":[{"@type":"ReadAction","target":["https:\/\/bubblz.ai\/pt\/privacidade\/"]}]},{"@type":"BreadcrumbList","@id":"https:\/\/bubblz.ai\/pt\/privacidade\/#breadcrumb","itemListElement":[{"@type":"ListItem","position":1,"name":"Home","item":"https:\/\/bubblz.ai\/it\/"},{"@type":"ListItem","position":2,"name":"Privacy &#038; Cookies"}]},{"@type":"WebSite","@id":"https:\/\/bubblz.ai\/it\/#website","url":"https:\/\/bubblz.ai\/it\/","name":"Bubblz","description":"Pr\u00e1tica de linguagem de IA","publisher":{"@id":"https:\/\/bubblz.ai\/it\/#organization"},"potentialAction":[{"@type":"SearchAction","target":{"@type":"EntryPoint","urlTemplate":"https:\/\/bubblz.ai\/it\/?s={search_term_string}"},"query-input":{"@type":"PropertyValueSpecification","valueRequired":true,"valueName":"search_term_string"}}],"inLanguage":"pt-BR"},{"@type":"Organization","@id":"https:\/\/bubblz.ai\/it\/#organization","name":"Bubblz","url":"https:\/\/bubblz.ai\/it\/","logo":{"@type":"ImageObject","inLanguage":"pt-BR","@id":"https:\/\/bubblz.ai\/it\/#\/schema\/logo\/image\/","url":"https:\/\/bubblz.ai\/wp-content\/uploads\/2024\/02\/logo9.png","contentUrl":"https:\/\/bubblz.ai\/wp-content\/uploads\/2024\/02\/logo9.png","width":2400,"height":2400,"caption":"Bubblz"},"image":{"@id":"https:\/\/bubblz.ai\/it\/#\/schema\/logo\/image\/"},"sameAs":["https:\/\/www.facebook.com\/trybubblz","https:\/\/x.com\/trybubblz"]}]}},"_links":{"self":[{"href":"https:\/\/bubblz.ai\/pt_br\/wp-json\/wp\/v2\/pages\/133","targetHints":{"allow":["GET"]}}],"collection":[{"href":"https:\/\/bubblz.ai\/pt_br\/wp-json\/wp\/v2\/pages"}],"about":[{"href":"https:\/\/bubblz.ai\/pt_br\/wp-json\/wp\/v2\/types\/page"}],"author":[{"embeddable":true,"href":"https:\/\/bubblz.ai\/pt_br\/wp-json\/wp\/v2\/users\/2"}],"replies":[{"embeddable":true,"href":"https:\/\/bubblz.ai\/pt_br\/wp-json\/wp\/v2\/comments?post=133"}],"version-history":[{"count":5,"href":"https:\/\/bubblz.ai\/pt_br\/wp-json\/wp\/v2\/pages\/133\/revisions"}],"predecessor-version":[{"id":2084,"href":"https:\/\/bubblz.ai\/pt_br\/wp-json\/wp\/v2\/pages\/133\/revisions\/2084"}],"wp:attachment":[{"href":"https:\/\/bubblz.ai\/pt_br\/wp-json\/wp\/v2\/media?parent=133"}],"curies":[{"name":"wp","href":"https:\/\/api.w.org\/{rel}","templated":true}]}}