{"id":1749,"date":"2024-05-06T13:22:32","date_gmt":"2024-05-06T13:22:32","guid":{"rendered":"https:\/\/bubblz.ai\/?page_id=1749"},"modified":"2024-05-09T13:11:42","modified_gmt":"2024-05-09T13:11:42","slug":"metodos-de-entrada","status":"publish","type":"page","link":"https:\/\/bubblz.ai\/pt_br\/input-methods\/","title":{"rendered":"M\u00e9todos de entrada"},"content":{"rendered":"<section class=\"bde-section-1749-100 bde-section\">\n  \n  \n\t\n\n\n\n<div class=\"section-container\"><div class=\"bde-text-1749-101 bde-text\" data-entrance=\"slideUp\">\nSuporte Bubblz\n<\/div><h1 class=\"bde-heading-1749-102 bde-heading\" data-entrance=\"slideUp\">\nDecida qual \u00e9 a melhor maneira de praticar com o Bubblz: voz ou texto?\n<\/h1><\/div>\n<\/section><section class=\"bde-section-1749-103 bde-section\">\n  \n  \n\t\n\n\n\n<div class=\"section-container\"><div class=\"bde-div-1749-104 bde-div\">\n  \n  \n\t\n\n\n\n<div class=\"bde-rich-text-1749-105 bde-rich-text breakdance-rich-text-styles\">\n<p>A escolha do m\u00e9todo de entrada correto pode afetar significativamente sua experi\u00eancia de aprendizado de idiomas com o Bubblz. Este guia o ajudar\u00e1 a entender os benef\u00edcios da entrada de voz e da entrada de texto e sugerir\u00e1 qual pode ser mais adequado para voc\u00ea com base em sua profici\u00eancia atual e em suas metas de aprendizado.<\/p><h2>Nossa filosofia<\/h2><p>Na Bubblz, acreditamos que o objetivo mais importante no aprendizado de idiomas \u00e9 tornar-se h\u00e1bil na constru\u00e7\u00e3o de declara\u00e7\u00f5es completas e nativas - escolhendo a melhor frase para expressar seus pensamentos. Portanto, \u00e9 essencial selecionar um m\u00e9todo de entrada que permita que voc\u00ea se expresse de forma mais eficiente e eficaz.<\/p><h2>Compreens\u00e3o dos m\u00e9todos de entrada<\/h2><p><strong>1. Entrada de voz:<\/strong><\/p><ul><li><strong>Pr\u00f3s:<\/strong><ul><li>Ideal para praticar a pron\u00fancia e a flu\u00eancia.<\/li><li>Simula conversas da vida real, aprimorando suas habilidades de escuta e fala simultaneamente.<\/li><\/ul><\/li><li><strong>Contras:<\/strong><ul><li>Os usu\u00e1rios podem optar por frases mais simples devido \u00e0 press\u00e3o da grava\u00e7\u00e3o.<\/li><li>A precis\u00e3o do reconhecimento de fala pode variar de acordo com o sotaque e a pron\u00fancia, o que pode levar a mal-entendidos.<\/li><li>As autocorre\u00e7\u00f5es frequentes dos alunos podem confundir o sistema de reconhecimento de fala.<\/li><\/ul><\/li><\/ul><p><strong>2. Entrada de texto:<\/strong><\/p><ul><li><strong>Pr\u00f3s:<\/strong><ul><li>Permite mais tempo para pensar e construir respostas, <em>ajudar a aprender a estrutura adequada de frases e vocabul\u00e1rio<\/em> (lembre-se, esse \u00e9 nosso objetivo principal).<\/li><li>Mais f\u00e1cil de editar e aperfei\u00e7oar as respostas, o que pode levar a um aprendizado mais profundo por meio da corre\u00e7\u00e3o de erros.<\/li><li>N\u00e3o se preocupe se o sotaque ou a clareza da fala afetam o processo de aprendizado.<\/li><\/ul><\/li><li><strong>Contras:<\/strong><ul><li>Menos eficaz para melhorar a pron\u00fancia e as habilidades de fala espont\u00e2nea.<\/li><\/ul><\/li><\/ul><h3>Quando usar a entrada de voz<\/h3><ul><li>Mais adequado para <strong>intermedi\u00e1rio superior a avan\u00e7ado <\/strong>falantes que desejam aprimorar suas habilidades de fala e audi\u00e7\u00e3o.<\/li><li>\u00datil quando voc\u00ea se sente \u00e0 vontade para construir frases rapidamente.<\/li><\/ul><p><strong>Dicas para usar a entrada de voz:<\/strong><\/p><ul><li>Organize seus pensamentos antes de come\u00e7ar a falar.<\/li><li>Para uma entrada de voz mais clara, considere o uso de fones de ouvido com microfone.<\/li><li>Sinta-se \u00e0 vontade para cancelar e reiniciar se tiver problemas - a pr\u00e1tica leva \u00e0 perfei\u00e7\u00e3o!<\/li><\/ul><h3>Quando usar a entrada de texto<\/h3><ul><li>Recomendado para <strong>b\u00e1sico e intermedi\u00e1rio inferior<\/strong> falantes que precisam de mais tempo para formar frases corretas e completas.<\/li><li>\u00d3timo para aqueles que se sentem mais confiantes ao se expressarem por escrito ou que est\u00e3o preocupados com o fato de seu sotaque influenciar o reconhecimento de fala.<\/li><\/ul><p><strong>Dicas para usar a entrada de texto:<\/strong><\/p><ul><li>N\u00e3o tenha pressa para elaborar as respostas.<\/li><li>Aproveite a oportunidade para praticar a ortografia e a gram\u00e1tica corretas.<\/li><\/ul><h3>Escolhendo o que \u00e9 melhor para voc\u00ea<\/h3><p>Em \u00faltima an\u00e1lise, a escolha entre entradas de voz e texto deve ser orientada por qual m\u00e9todo o ajuda a construir as declara\u00e7\u00f5es mais precisas, completas e nativas. Isso envolve n\u00e3o apenas a escolha do m\u00e9todo mais confort\u00e1vel, mas tamb\u00e9m daquele que o desafia o suficiente para melhorar.<\/p><p>Tanto as entradas de voz quanto as de texto s\u00e3o ferramentas valiosas em sua jornada de aprendizado de idiomas com o Bubblz. Dependendo do seu n\u00edvel atual e dos objetivos espec\u00edficos de aprendizado, uma pode ser mais adequada do que a outra. Lembre-se de que o objetivo final \u00e9 aprimorar sua capacidade de expressar pensamentos completos e precisos em seu novo idioma.<\/p><p><strong>Dica final:<\/strong> Experimente os dois m\u00e9todos para descobrir qual deles realmente se adapta ao seu estilo e aprimora suas habilidades. Com o Bubblz, voc\u00ea est\u00e1 sempre no controle de sua jornada de aprendizado!<\/p>\n<\/div>\n<\/div><\/div>\n<\/section>","protected":false},"excerpt":{"rendered":"<p>Bubblz Support Decide Your Best Way to Practice with Bubblz: Voice or Text? Choosing the right input method can significantly affect your language learning experience with Bubblz. This guide will help you understand the benefits of both voice input and text input, and suggest which might be more suitable for you based on your current [&hellip;]<\/p>\n","protected":false},"author":1,"featured_media":0,"parent":0,"menu_order":0,"comment_status":"closed","ping_status":"closed","template":"","meta":{"inline_featured_image":false,"_breakdance_hide_in_design_set":false,"_breakdance_tags":"","footnotes":""},"class_list":["post-1749","page","type-page","status-publish","hentry"],"yoast_head":"<!-- This site is optimized with the Yoast SEO plugin v27.4 - https:\/\/yoast.com\/product\/yoast-seo-wordpress\/ -->\n<title>Input Methods &#8211; Bubblz<\/title>\n<meta name=\"description\" content=\"Master speaking a language, thanks to Bubblz\u2019s humanlike A.I. chat technology\" \/>\n<meta name=\"robots\" content=\"index, follow, max-snippet:-1, max-image-preview:large, max-video-preview:-1\" \/>\n<link rel=\"canonical\" href=\"https:\/\/bubblz.ai\/pt_br\/metodos-de-entrada\/\" \/>\n<meta property=\"og:locale\" content=\"pt_BR\" \/>\n<meta property=\"og:type\" content=\"article\" \/>\n<meta property=\"og:title\" content=\"Input Methods &#8211; Bubblz\" \/>\n<meta property=\"og:description\" content=\"Master speaking a language, thanks to Bubblz\u2019s humanlike A.I. chat technology\" \/>\n<meta property=\"og:url\" content=\"https:\/\/bubblz.ai\/pt_br\/metodos-de-entrada\/\" \/>\n<meta property=\"og:site_name\" content=\"Bubblz\" \/>\n<meta property=\"article:publisher\" content=\"https:\/\/www.facebook.com\/trybubblz\" \/>\n<meta property=\"article:modified_time\" content=\"2024-05-09T13:11:42+00:00\" \/>\n<meta name=\"twitter:card\" content=\"summary_large_image\" \/>\n<meta name=\"twitter:site\" content=\"@trybubblz\" \/>\n<meta name=\"twitter:label1\" content=\"Est. tempo de leitura\" \/>\n\t<meta name=\"twitter:data1\" content=\"3 minutos\" \/>\n<script type=\"application\/ld+json\" class=\"yoast-schema-graph\">{\"@context\":\"https:\\\/\\\/schema.org\",\"@graph\":[{\"@type\":\"WebPage\",\"@id\":\"https:\\\/\\\/bubblz.ai\\\/pt_br\\\/metodos-de-entrada\\\/\",\"url\":\"https:\\\/\\\/bubblz.ai\\\/pt_br\\\/metodos-de-entrada\\\/\",\"name\":\"Input Methods &#8211; Bubblz\",\"isPartOf\":{\"@id\":\"https:\\\/\\\/44.218.186.174\\\/#website\"},\"datePublished\":\"2024-05-06T13:22:32+00:00\",\"dateModified\":\"2024-05-09T13:11:42+00:00\",\"description\":\"Master speaking a language, thanks to Bubblz\u2019s humanlike A.I. chat technology\",\"breadcrumb\":{\"@id\":\"https:\\\/\\\/bubblz.ai\\\/pt_br\\\/metodos-de-entrada\\\/#breadcrumb\"},\"inLanguage\":\"pt-BR\",\"potentialAction\":[{\"@type\":\"ReadAction\",\"target\":[\"https:\\\/\\\/bubblz.ai\\\/pt_br\\\/metodos-de-entrada\\\/\"]}]},{\"@type\":\"BreadcrumbList\",\"@id\":\"https:\\\/\\\/bubblz.ai\\\/pt_br\\\/metodos-de-entrada\\\/#breadcrumb\",\"itemListElement\":[{\"@type\":\"ListItem\",\"position\":1,\"name\":\"Home\",\"item\":\"https:\\\/\\\/bubblz.ai\\\/pt_br\\\/\"},{\"@type\":\"ListItem\",\"position\":2,\"name\":\"Input Methods\"}]},{\"@type\":\"WebSite\",\"@id\":\"https:\\\/\\\/44.218.186.174\\\/#website\",\"url\":\"https:\\\/\\\/44.218.186.174\\\/\",\"name\":\"Bubblz\",\"description\":\"AI Language Practice\",\"publisher\":{\"@id\":\"https:\\\/\\\/44.218.186.174\\\/#organization\"},\"potentialAction\":[{\"@type\":\"SearchAction\",\"target\":{\"@type\":\"EntryPoint\",\"urlTemplate\":\"https:\\\/\\\/44.218.186.174\\\/?s={search_term_string}\"},\"query-input\":{\"@type\":\"PropertyValueSpecification\",\"valueRequired\":true,\"valueName\":\"search_term_string\"}}],\"inLanguage\":\"pt-BR\"},{\"@type\":\"Organization\",\"@id\":\"https:\\\/\\\/44.218.186.174\\\/#organization\",\"name\":\"Bubblz\",\"url\":\"https:\\\/\\\/44.218.186.174\\\/\",\"logo\":{\"@type\":\"ImageObject\",\"inLanguage\":\"pt-BR\",\"@id\":\"https:\\\/\\\/44.218.186.174\\\/#\\\/schema\\\/logo\\\/image\\\/\",\"url\":\"https:\\\/\\\/bubblz.ai\\\/wp-content\\\/uploads\\\/2024\\\/02\\\/logo9.png\",\"contentUrl\":\"https:\\\/\\\/bubblz.ai\\\/wp-content\\\/uploads\\\/2024\\\/02\\\/logo9.png\",\"width\":2400,\"height\":2400,\"caption\":\"Bubblz\"},\"image\":{\"@id\":\"https:\\\/\\\/44.218.186.174\\\/#\\\/schema\\\/logo\\\/image\\\/\"},\"sameAs\":[\"https:\\\/\\\/www.facebook.com\\\/trybubblz\",\"https:\\\/\\\/x.com\\\/trybubblz\"]}]}<\/script>\n<!-- \/ Yoast SEO plugin. -->","yoast_head_json":{"title":"M\u00e9todos de entrada - Bubblz","description":"Aprenda a falar um idioma, gra\u00e7as \u00e0 tecnologia de bate-papo de I.A. semelhante \u00e0 humana do Bubblz","robots":{"index":"index","follow":"follow","max-snippet":"max-snippet:-1","max-image-preview":"max-image-preview:large","max-video-preview":"max-video-preview:-1"},"canonical":"https:\/\/bubblz.ai\/pt_br\/metodos-de-entrada\/","og_locale":"pt_BR","og_type":"article","og_title":"Input Methods &#8211; Bubblz","og_description":"Master speaking a language, thanks to Bubblz\u2019s humanlike A.I. chat technology","og_url":"https:\/\/bubblz.ai\/pt_br\/metodos-de-entrada\/","og_site_name":"Bubblz","article_publisher":"https:\/\/www.facebook.com\/trybubblz","article_modified_time":"2024-05-09T13:11:42+00:00","twitter_card":"summary_large_image","twitter_site":"@trybubblz","twitter_misc":{"Est. tempo de leitura":"3 minutos"},"schema":{"@context":"https:\/\/schema.org","@graph":[{"@type":"WebPage","@id":"https:\/\/bubblz.ai\/pt_br\/metodos-de-entrada\/","url":"https:\/\/bubblz.ai\/pt_br\/metodos-de-entrada\/","name":"M\u00e9todos de entrada - Bubblz","isPartOf":{"@id":"https:\/\/44.218.186.174\/#website"},"datePublished":"2024-05-06T13:22:32+00:00","dateModified":"2024-05-09T13:11:42+00:00","description":"Aprenda a falar um idioma, gra\u00e7as \u00e0 tecnologia de bate-papo de I.A. semelhante \u00e0 humana do Bubblz","breadcrumb":{"@id":"https:\/\/bubblz.ai\/pt_br\/metodos-de-entrada\/#breadcrumb"},"inLanguage":"pt-BR","potentialAction":[{"@type":"ReadAction","target":["https:\/\/bubblz.ai\/pt_br\/metodos-de-entrada\/"]}]},{"@type":"BreadcrumbList","@id":"https:\/\/bubblz.ai\/pt_br\/metodos-de-entrada\/#breadcrumb","itemListElement":[{"@type":"ListItem","position":1,"name":"Home","item":"https:\/\/bubblz.ai\/pt_br\/"},{"@type":"ListItem","position":2,"name":"Input Methods"}]},{"@type":"WebSite","@id":"https:\/\/44.218.186.174\/#website","url":"https:\/\/44.218.186.174\/","name":"Bubblz","description":"Pr\u00e1tica de linguagem de IA","publisher":{"@id":"https:\/\/44.218.186.174\/#organization"},"potentialAction":[{"@type":"SearchAction","target":{"@type":"EntryPoint","urlTemplate":"https:\/\/44.218.186.174\/?s={search_term_string}"},"query-input":{"@type":"PropertyValueSpecification","valueRequired":true,"valueName":"search_term_string"}}],"inLanguage":"pt-BR"},{"@type":"Organization","@id":"https:\/\/44.218.186.174\/#organization","name":"Bubblz","url":"https:\/\/44.218.186.174\/","logo":{"@type":"ImageObject","inLanguage":"pt-BR","@id":"https:\/\/44.218.186.174\/#\/schema\/logo\/image\/","url":"https:\/\/bubblz.ai\/wp-content\/uploads\/2024\/02\/logo9.png","contentUrl":"https:\/\/bubblz.ai\/wp-content\/uploads\/2024\/02\/logo9.png","width":2400,"height":2400,"caption":"Bubblz"},"image":{"@id":"https:\/\/44.218.186.174\/#\/schema\/logo\/image\/"},"sameAs":["https:\/\/www.facebook.com\/trybubblz","https:\/\/x.com\/trybubblz"]}]}},"_links":{"self":[{"href":"https:\/\/bubblz.ai\/pt_br\/wp-json\/wp\/v2\/pages\/1749","targetHints":{"allow":["GET"]}}],"collection":[{"href":"https:\/\/bubblz.ai\/pt_br\/wp-json\/wp\/v2\/pages"}],"about":[{"href":"https:\/\/bubblz.ai\/pt_br\/wp-json\/wp\/v2\/types\/page"}],"author":[{"embeddable":true,"href":"https:\/\/bubblz.ai\/pt_br\/wp-json\/wp\/v2\/users\/1"}],"replies":[{"embeddable":true,"href":"https:\/\/bubblz.ai\/pt_br\/wp-json\/wp\/v2\/comments?post=1749"}],"version-history":[{"count":0,"href":"https:\/\/bubblz.ai\/pt_br\/wp-json\/wp\/v2\/pages\/1749\/revisions"}],"wp:attachment":[{"href":"https:\/\/bubblz.ai\/pt_br\/wp-json\/wp\/v2\/media?parent=1749"}],"curies":[{"name":"wp","href":"https:\/\/api.w.org\/{rel}","templated":true}]}}