{"id":133,"date":"2024-02-02T14:03:48","date_gmt":"2024-02-02T14:03:48","guid":{"rendered":"https:\/\/bubblz.ai\/?page_id=133"},"modified":"2026-01-05T10:02:28","modified_gmt":"2026-01-05T10:02:28","slug":"mahremiyet","status":"publish","type":"page","link":"https:\/\/bubblz.ai\/tr\/privacy\/","title":{"rendered":"Gizlilik &amp; \u00c7erezler"},"content":{"rendered":"<section class=\"bde-section-133-100 bde-section\">\n  \n  \n\t\n\n\n\n<div class=\"section-container\"><div class=\"bde-text-133-101 bde-text\" data-entrance=\"slideUp\">\nYasal\n<\/div><h1 class=\"bde-heading-133-102 bde-heading\" data-entrance=\"slideUp\">\nGizlilik &amp; \u00c7erez Politikas\u0131\n<\/h1><\/div>\n<\/section><section class=\"bde-section-133-103 bde-section\">\n  \n  \n\t\n\n\n\n<div class=\"section-container\"><div class=\"bde-code-block-133-106 bde-code-block\">\n\n  <body>\n  <p><strong>Y\u00fcr\u00fcrl\u00fck tarihi:<\/strong> 5 Ocak 2026<br \/>\n  <strong>Son g\u00fcncelleme:<\/strong> 5 Ocak 2026<\/p>\n\n  <p>Bu Gizlilik Politikas\u0131, Surf City Apps LLC'nin (\"biz\", \"bize\" veya \"bizim\") Bubblz mobil uygulamas\u0131n\u0131 ve ilgili hizmetleri (\u201cHizmet\u201d) kulland\u0131\u011f\u0131n\u0131zda ki\u015fisel verilerinizi nas\u0131l toplad\u0131\u011f\u0131n\u0131, kulland\u0131\u011f\u0131n\u0131 ve korudu\u011funu a\u00e7\u0131klar.<\/p>\n\n  <p>Gizlili\u011finizi korumay\u0131 ve Avrupa Ekonomik Alan\u0131'ndaki (EEA) kullan\u0131c\u0131lar i\u00e7in Genel Veri Koruma Y\u00f6netmeli\u011fi (GDPR) dahil olmak \u00fczere ge\u00e7erli veri koruma yasalar\u0131na uymay\u0131 taahh\u00fct ediyoruz.<\/p>\n\n  <h2>1. Biz Kimiz<\/h2>\n  <p>Surf City Apps LLC ABD merkezli bir \u015firkettir:<\/p>\n  <p>\n    440 N Barranca Ave #2975<br \/>\n    Covina, CA 91723, ABD<br \/>\n    E-posta: <a href=\"mailto:privacy@bubblz.ai\">privacy@bubblz.ai<\/a><br \/>\n    Web sitesi: <a href=\"https:\/\/bubblz.ai\/tr\/\">https:\/\/bubblz.ai<\/a>\n  <\/p>\n\n  <h2>2. Hangi Verileri Topluyoruz<\/h2>\n  <p>Bubblz uygulamas\u0131 ile ba\u011flant\u0131l\u0131 olarak ki\u015fisel ve kullan\u0131m verilerini toplar\u0131z. Buna \u015funlar dahildir:<\/p>\n  <ul>\n    <li><strong>Ki\u015fisel Bilgiler:<\/strong> E-posta adresi (hesap giri\u015fi); Firebase UID (benzersiz kullan\u0131c\u0131 kimli\u011fi); takma ad ve cinsiyet (iste\u011fe ba\u011fl\u0131); ana dil ve \u00f6\u011frenme dili; dil yeterlilik d\u00fczeyi<\/li>\n    <li><strong>Uygulama Kullan\u0131m Verileri:<\/strong> Sohbet ge\u00e7mi\u015fi (\u00f6rn. yapay zeka ile konu\u015fmalar); g\u00fcnl\u00fck ak\u0131\u015flar, oturum etkinli\u011fi, zaman damgalar\u0131; kredi kullan\u0131m\u0131 (ya\u015fam \u00e7izgileri ve d\u00fczenli kullan\u0131m); \u00f6zellik kullan\u0131m\u0131 (\u00f6rn. dilbilgisi d\u00fczeltme, ses giri\u015fi)<\/li>\n    <li><strong>Cihaz ve Teknik Veriler:<\/strong> Cihaz modeli ve i\u015fletim sistemi; IP adresi (ge\u00e7ici); uygulama s\u00fcr\u00fcm\u00fc; analitik tan\u0131mlay\u0131c\u0131lar (\u00f6rn. ili\u015fkilendirme kimlikleri)<\/li>\n    <li><strong>Abonelik Verileri:<\/strong> Plan t\u00fcr\u00fc (\u00f6r. Premium, Ultra); deneme durumu ve abonelik durumu; son kullanma tarihleri ve platform t\u00fcr\u00fc (iOS veya Android)<\/li>\n  <\/ul>\n\n  <h2>3. Verilerinizi Nas\u0131l Kullan\u0131yoruz<\/h2>\n  <p>Verilerinizi \u015fu ama\u00e7larla kullan\u0131r\u0131z:<\/p>\n  <ul>\n    <li>Bubblz uygulamas\u0131na eri\u015fim sa\u011flay\u0131n ve uygulamay\u0131 \u00e7al\u0131\u015ft\u0131r\u0131n<\/li>\n    <li>Kullan\u0131c\u0131lar\u0131n kimli\u011fini do\u011frulama ve kullan\u0131c\u0131 profillerini y\u00f6netme<\/li>\n    <li>Dil tercihlerinize g\u00f6re uygulama deneyimini ki\u015fiselle\u015ftirin<\/li>\n    <li>Yapay zeka destekli dil konu\u015fmalar\u0131n\u0131 g\u00fc\u00e7lendirin<\/li>\n    <li>Gerekli bildirimleri g\u00f6nderme (\u00f6rn. \u015fifre s\u0131f\u0131rlama, servis mesajlar\u0131)<\/li>\n    <li>Performans\u0131 izleyin ve iyile\u015ftirin, hatalar\u0131 giderin ve uygulama \u00f6zelliklerini geli\u015ftirin<\/li>\n    <li>\u00d6\u011frenme \u00e7\u0131kt\u0131lar\u0131n\u0131 iyile\u015ftirmek i\u00e7in kullan\u0131c\u0131 kat\u0131l\u0131m\u0131n\u0131 anlay\u0131n<\/li>\n    <li>Tercih etti\u011finizde size iste\u011fe ba\u011fl\u0131 e-posta i\u00e7eri\u011fi (dil ipu\u00e7lar\u0131, g\u00fcncellemeler) g\u00f6ndermek<\/li>\n  <\/ul>\n\n  <h2>4. \u0130\u015fleme i\u00e7in Yasal Dayanaklar (GDPR Kapsam\u0131nda)<\/h2>\n  <p>AB\/AEA'da bulunuyorsan\u0131z, GDPR'nin 6. Maddesi kapsam\u0131nda a\u015fa\u011f\u0131daki yasal dayanaklara g\u00fcveniyoruz:<\/p>\n  <ul>\n    <li><strong>Me\u015fru Menfaatler:<\/strong> Uygulamay\u0131 \u00e7al\u0131\u015ft\u0131rma ve g\u00fcvenli\u011fini sa\u011flama<\/li>\n    <li><strong>S\u00f6zle\u015fmesel Gereklilik:<\/strong> Kullan\u0131c\u0131 kimlik do\u011frulamas\u0131 ve profil depolama<\/li>\n    <li><strong>R\u0131za:<\/strong> Analitik ve performans optimizasyonu (uygulanabildi\u011fi yerlerde); iste\u011fe ba\u011fl\u0131 e-posta ileti\u015fimi (\u00f6rn. dil ipu\u00e7lar\u0131)<\/li>\n    <li><strong>Yasal Y\u00fck\u00fcml\u00fcl\u00fck:<\/strong> Yasal taleplere yan\u0131t verilmesi<\/li>\n  <\/ul>\n\n  <h3>Bu yasal dayanaklar nas\u0131l uygulan\u0131r?<\/h3>\n  <p>A\u015fa\u011f\u0131daki \u00f6rnekler, belirli i\u015fleme faaliyetleri i\u00e7in bu yasal dayanaklara nas\u0131l dayand\u0131\u011f\u0131m\u0131z\u0131 g\u00f6stermektedir:<\/p>\n  <ul>\n    <li><strong>Uygulamay\u0131 \u00e7al\u0131\u015ft\u0131rma ve g\u00fcvenli\u011fini sa\u011flama:<\/strong> Me\u015fru menfaatler<\/li>\n    <li><strong>Kullan\u0131c\u0131 kimlik do\u011frulamas\u0131 ve profil depolama:<\/strong> S\u00f6zle\u015fmeye ba\u011fl\u0131 gereklilik<\/li>\n    <li><strong>Analitik ve performans optimizasyonu:<\/strong> Onay (ge\u00e7erli oldu\u011fu durumlarda)<\/li>\n    <li><strong>E-posta ileti\u015fimi (\u00f6rne\u011fin dil ipu\u00e7lar\u0131):<\/strong> R\u0131za<\/li>\n    <li><strong>Yasal taleplere yan\u0131t verilmesi:<\/strong> Yasal y\u00fck\u00fcml\u00fcl\u00fck<\/li>\n  <\/ul>\n\n  <h2>5. Nas\u0131l Onay Al\u0131r\u0131z<\/h2>\n  <p>\u0130zne dayand\u0131\u011f\u0131m\u0131z durumlarda, bunu \u015fu yollarla elde ederiz:<\/p>\n  <ul>\n    <li><strong>iOS Uygulama Takip \u015eeffafl\u0131\u011f\u0131:<\/strong> \u0130zleme etkinle\u015ftirildi\u011finde onay istenir<\/li>\n    <li><strong>E-posta ile pazarlama:<\/strong> Dil \u00f6\u011frenme ipu\u00e7lar\u0131n\u0131 almak i\u00e7in kaydolman\u0131z istenir. \u0130stedi\u011finiz zaman abonelikten \u00e7\u0131kabilirsiniz.<\/li>\n    <li><strong>Uygulama i\u00e7i anla\u015fmalar:<\/strong> Kullan\u0131c\u0131lar, i\u015fe al\u0131m veya oturum a\u00e7ma s\u0131ras\u0131nda \u015eartlar\u0131m\u0131z\u0131 ve bu Gizlilik Politikas\u0131n\u0131 kabul eder<\/li>\n  <\/ul>\n\n  <h2>6. \u00dc\u00e7\u00fcnc\u00fc Taraf Hizmetleri<\/h2>\n  <p>Bubblz'yi i\u015fletmek i\u00e7in analitik, kullan\u0131c\u0131 kimlik do\u011frulama, mesajla\u015fma, yapay zeka i\u015fleme ve bildirim ara\u00e7lar\u0131 dahil olmak \u00fczere \u00fc\u00e7\u00fcnc\u00fc taraf hizmetlerine g\u00fcveniyoruz. Bu hizmetler kullan\u0131c\u0131 davran\u0131\u015f\u0131n\u0131 anlamam\u0131za, performans\u0131 iyile\u015ftirmemize, abonelikleri y\u00f6netmemize, e-posta g\u00f6ndermemize ve yapay zeka sohbet girdilerinizi i\u015flememize yard\u0131mc\u0131 olur.<\/p>\n  <p>Verilerinizin bir k\u0131sm\u0131 \u015fu ki\u015filer taraf\u0131ndan i\u015flenebilir:<\/p>\n  <ul>\n    <li><strong>Firebase:<\/strong> Kimlik do\u011frulama, veritaban\u0131, analiz, mesajla\u015fma, \u00e7\u00f6kme raporlama<\/li>\n    <li><strong>PostHog:<\/strong> \u00dcr\u00fcn analiti\u011fi ve \u00f6zellik kullan\u0131m takibi<\/li>\n    <li><strong>AppsFlyer:<\/strong> \u0130li\u015fkilendirme ve oturum verilerini y\u00fckleme<\/li>\n    <li><strong>N\u00f6bet\u00e7i:<\/strong> \u00c7\u00f6kme ve hata izleme<\/li>\n    <li><strong>OneSignal:<\/strong> Anl\u0131k bildirimler<\/li>\n    <li><strong>RevenueCat:<\/strong> Abonelik y\u00f6netimi<\/li>\n    <li><strong>Superwall:<\/strong> \u00d6deme duvar\u0131 ve deneme ak\u0131\u015f\u0131<\/li>\n    <li><strong>OpenAI:<\/strong> Yapay zeka sohbet tamamlamalar\u0131 ve moderasyonu<\/li>\n    <li><strong>Mailchimp:<\/strong> E-posta pazarlama (se\u00e7ildiyse)<\/li>\n    <li><strong>SendGrid \/ Amazon SES:<\/strong> \u0130\u015flemsel e-postalar<\/li>\n    <li><strong>Google \/ Apple:<\/strong> OAuth oturum a\u00e7ma hizmetleri<\/li>\n  <\/ul>\n  <p>Bu sa\u011flay\u0131c\u0131lar verilerinizi Amerika Birle\u015fik Devletleri'nde veya di\u011fer \u00fclkelerde i\u015fleyebilir. Gerekti\u011finde, uluslararas\u0131 aktar\u0131mlar Standart S\u00f6zle\u015fme Maddeleri (SCC'ler) veya e\u015fde\u011fer mekanizmalar kullan\u0131larak korunur.<\/p>\n\n  <h2>7. Veri Saklama<\/h2>\n  <p>Ki\u015fisel verileri yaln\u0131zca bu politikada a\u00e7\u0131klanan ama\u00e7lar i\u00e7in gerekli oldu\u011fu s\u00fcrece saklar\u0131z:<\/p>\n  <ul>\n    <li><strong>Kullan\u0131c\u0131 profili ve sohbet ge\u00e7mi\u015fi:<\/strong> Hesap silinene kadar veya 24 ay hareketsiz kald\u0131ktan sonra<\/li>\n    <li><strong>Analitik ve teknik g\u00fcnl\u00fckler:<\/strong> 24 aya kadar<\/li>\n    <li><strong>Abonelik kay\u0131tlar\u0131:<\/strong> Uyumluluk ve hesap b\u00fct\u00fcnl\u00fc\u011f\u00fc i\u00e7in gerekti\u011fi gibi<\/li>\n    <li><strong>E-posta pazarlama kay\u0131tlar\u0131:<\/strong> Aboneli\u011finizi iptal edene veya hesab\u0131n\u0131z\u0131 silene kadar<\/li>\n  <\/ul>\n  <p>Bir kullan\u0131c\u0131 hesab\u0131n\u0131n silinmesini talep etti\u011finde, uygun oldu\u011fu durumlarda \u00fc\u00e7\u00fcnc\u00fc taraf hizmet sa\u011flay\u0131c\u0131lar\u0131m\u0131zdan da silme i\u015flemini ba\u015flat\u0131r\u0131z.<\/p>\n\n  <h2>8. Haklar\u0131n\u0131z (GDPR Kapsam\u0131nda)<\/h2>\n  <p>AB\/AEA'da ikamet ediyorsan\u0131z, \u015fu haklara sahipsiniz:<\/p>\n  <ul>\n    <li>Ki\u015fisel verilerinize eri\u015fin<\/li>\n    <li>Yanl\u0131\u015f veya eksik verileri d\u00fczeltme<\/li>\n    <li>Hesab\u0131n\u0131z\u0131n ve verilerinizin silinmesini talep edin<\/li>\n    <li>\u0130\u015flemenin r\u0131zaya dayal\u0131 oldu\u011fu durumlarda r\u0131zan\u0131n geri \u00e7ekilmesi<\/li>\n    <li>Verilerinizin nas\u0131l kullan\u0131ld\u0131\u011f\u0131n\u0131 k\u0131s\u0131tlay\u0131n veya itiraz edin<\/li>\n    <li>Verilerinizi ta\u015f\u0131y\u0131n (yap\u0131land\u0131r\u0131lm\u0131\u015f bir formatta al\u0131n)<\/li>\n    <li>Ulusal veri koruma kurumunuza \u015fikayette bulunun<\/li>\n  <\/ul>\n  <p>Haklar\u0131n\u0131z\u0131 kullanmak i\u00e7in bize e-posta g\u00f6nderin <a href=\"mailto:privacy@bubblz.ai\">privacy@bubblz.ai<\/a>. Talebinizi yerine getirmeden \u00f6nce do\u011frulama yapmam\u0131z gerekebilir.<\/p>\n\n  <h2>9. \u00c7ocuklar\u0131n Mahremiyeti<\/h2>\n  <p>Bubblz, 16 ya\u015f\u0131n alt\u0131ndaki (AB'de) veya 13 ya\u015f\u0131n alt\u0131ndaki (ABD'de) \u00e7ocuklar i\u00e7in tasarlanmam\u0131\u015ft\u0131r. Ebeveyn izni olmadan \u00e7ocuklardan bilerek ki\u015fisel veri toplam\u0131yoruz. Bu t\u00fcr verileri yanl\u0131\u015fl\u0131kla toplad\u0131\u011f\u0131m\u0131z\u0131 d\u00fc\u015f\u00fcn\u00fcyorsan\u0131z, silebilmemiz i\u00e7in l\u00fctfen bizimle ileti\u015fime ge\u00e7in.<\/p>\n\n  <h2>10. Yapay Zeka \u00d6zellikleri ve \u0130\u00e7erik Moderasyonu<\/h2>\n  <p>Bubblz, etkile\u015fimli sohbet tabanl\u0131 dil \u00f6\u011frenimini g\u00fc\u00e7lendirmek i\u00e7in OpenAI taraf\u0131ndan sa\u011flanan AI hizmetlerini kullan\u0131r. Bu \u00f6zellikleri kulland\u0131\u011f\u0131n\u0131zda:<\/p>\n  <ul>\n    <li>Girdileriniz i\u015flenmek \u00fczere OpenAI'ye g\u00f6nderilebilir<\/li>\n    <li>Mesajlar, i\u00e7erik denetimi ve k\u00f6t\u00fcye kullan\u0131m\u0131n \u00f6nlenmesi i\u00e7in ge\u00e7ici olarak saklanabilir<\/li>\n    <li>Girdiler OpenAI'nin kullan\u0131m politikalar\u0131na tabidir<\/li>\n  <\/ul>\n  <p>Bu verileri kullan\u0131c\u0131 profilleri olu\u015fturmak veya ilgisiz ama\u00e7lar i\u00e7in kullanm\u0131yoruz.<\/p>\n\n  <h2>11. Veri G\u00fcvenli\u011fi<\/h2>\n  <p>Ki\u015fisel verilerinizi korumak i\u00e7in a\u015fa\u011f\u0131dakiler de dahil olmak \u00fczere uygun teknik ve organizasyonel \u00f6nlemleri uyguluyoruz:<\/p>\n  <ul>\n    <li>Firebase ve Google Cloud ile g\u00fcvenli bulut altyap\u0131s\u0131<\/li>\n    <li>Aktar\u0131m s\u0131ras\u0131nda veri \u015fifreleme (HTTPS)<\/li>\n    <li>Rol tabanl\u0131 eri\u015fim kontrolleri ve kimlik do\u011frulama<\/li>\n    <li>Hata izleme ve anomali tespiti<\/li>\n  <\/ul>\n  <p>\u00dc\u00e7\u00fcnc\u00fc taraf tedarik\u00e7ilerimiz de benzer g\u00fcvenlik \u00f6nlemleri uygulamaktad\u0131r ve ilgili \u00e7er\u00e7eveler (\u00f6rn. ISO 27001, SOC 2) kapsam\u0131nda sertifikaland\u0131r\u0131lm\u0131\u015f olabilirler.<\/p>\n\n  <h2>12. Uluslararas\u0131 Veri Aktar\u0131mlar\u0131<\/h2>\n  <p>Verileriniz, Amerika Birle\u015fik Devletleri de dahil olmak \u00fczere ikamet etti\u011finiz \u00fclke d\u0131\u015f\u0131ndaki \u00fclkelere aktar\u0131labilir ve bu \u00fclkelerde i\u015flenebilir. Bu gibi durumlarda, haklar\u0131n\u0131z\u0131n korunmas\u0131n\u0131 sa\u011flar\u0131z:<\/p>\n  <ul>\n    <li>Gerekti\u011finde Standart S\u00f6zle\u015fme Maddeleri (SCC'ler)<\/li>\n    <li>GDPR uyumlu i\u015fleme i\u00e7in sat\u0131c\u0131 taahh\u00fctleri<\/li>\n    <li>Hizmet sa\u011flay\u0131c\u0131lar\u0131n veri koruma uygulamalar\u0131na ili\u015fkin durum tespiti<\/li>\n  <\/ul>\n\n  <h2>13. Bu Gizlilik Politikas\u0131ndaki De\u011fi\u015fiklikler<\/h2>\n  <p>Uygulamalar\u0131m\u0131zdaki veya yasal y\u00fck\u00fcml\u00fcl\u00fcklerimizdeki de\u011fi\u015fiklikleri yans\u0131tmak i\u00e7in bu Gizlilik Politikas\u0131n\u0131 zaman zaman g\u00fcncelleyebiliriz. Bunu yapt\u0131\u011f\u0131m\u0131zda, bu sayfan\u0131n \u00fcst k\u0131sm\u0131ndaki \"Son g\u00fcncelleme\" tarihini g\u00fcncelleyece\u011fiz. \u00d6nemli de\u011fi\u015fiklikler size uygulama i\u00e7i mesajla\u015fma veya e-posta yoluyla da bildirilebilir.<\/p>\n  <p>Bu Gizlilik Politikas\u0131n\u0131 periyodik olarak g\u00f6zden ge\u00e7irmenizi \u00f6neririz.<\/p>\n\n  <h2>14. Bize Ula\u015f\u0131n<\/h2>\n  <p>Bu Gizlilik Politikas\u0131 veya verilerinizi nas\u0131l i\u015fledi\u011fimiz hakk\u0131nda herhangi bir sorunuz veya endi\u015feniz varsa, bizimle \u015fu adresten ileti\u015fime ge\u00e7in:<\/p>\n  <p>\n    Surf City Apps LLC<br \/>\n    440 N Barranca Ave #2975<br \/>\n    Covina, CA 91723, ABD<br \/>\n    E-posta: <a href=\"mailto:privacy@bubblz.ai\">privacy@bubblz.ai<\/a>\n\n  <h2>15. AB Temsilcisi (GDPR - Madde 27)<\/h2>\n  <p>GDPR ile ilgili talepleri ele almak \u00fczere AB'de bir temsilci atad\u0131k:<\/p>\n  <p>\n    BizLegal Ltd (EU Rep olarak ticaret yap\u0131yor)<br \/>\n    27 Cork Yolu<br \/>\n    Midleton, Co. Cork<br \/>\n    \u0130rlanda<br \/>\n    \u015eirket Numaras\u0131: 635921<br \/>\n    Web sitesi: <a href=\"https:\/\/www.eurep.ie\">https:\/\/www.eurep.ie<\/a>\n  <\/p>\n\n<\/body>\n\n\n\n<\/div><\/div>\n<\/section>","protected":false},"excerpt":{"rendered":"<p>Legal Privacy &#038; Cookie Policy Effective date: 5 January 2026 Last updated: 5 January 2026 This Privacy Policy describes how Surf City Apps LLC (&#8220;we&#8221;, &#8220;us&#8221;, or &#8220;our&#8221;) collects, uses, and protects your personal data when you use the Bubblz mobile app and related services (the \u201cService\u201d). We are committed to protecting your privacy and [&hellip;]<\/p>\n","protected":false},"author":2,"featured_media":0,"parent":0,"menu_order":0,"comment_status":"closed","ping_status":"closed","template":"","meta":{"inline_featured_image":false,"_breakdance_hide_in_design_set":false,"_breakdance_tags":"","footnotes":""},"class_list":["post-133","page","type-page","status-publish","hentry"],"yoast_head":"<!-- This site is optimized with the Yoast SEO plugin v27.2 - https:\/\/yoast.com\/product\/yoast-seo-wordpress\/ -->\n<title>Privacy &amp; Cookies &#8211; Bubblz<\/title>\n<meta name=\"description\" content=\"Master speaking a language, thanks to Bubblz\u2019s humanlike A.I. chat technology\" \/>\n<meta name=\"robots\" content=\"index, follow, max-snippet:-1, max-image-preview:large, max-video-preview:-1\" \/>\n<link rel=\"canonical\" href=\"https:\/\/bubblz.ai\/tr\/mahremiyet\/\" \/>\n<meta property=\"og:locale\" content=\"tr_TR\" \/>\n<meta property=\"og:type\" content=\"article\" \/>\n<meta property=\"og:title\" content=\"Privacy &amp; Cookies &#8211; Bubblz\" \/>\n<meta property=\"og:description\" content=\"Master speaking a language, thanks to Bubblz\u2019s humanlike A.I. chat technology\" \/>\n<meta property=\"og:url\" content=\"https:\/\/bubblz.ai\/tr\/mahremiyet\/\" \/>\n<meta property=\"og:site_name\" content=\"Bubblz\" \/>\n<meta property=\"article:publisher\" content=\"https:\/\/www.facebook.com\/trybubblz\" \/>\n<meta property=\"article:modified_time\" content=\"2026-01-05T10:02:28+00:00\" \/>\n<meta name=\"twitter:card\" content=\"summary_large_image\" \/>\n<meta name=\"twitter:site\" content=\"@trybubblz\" \/>\n<script type=\"application\/ld+json\" class=\"yoast-schema-graph\">{\"@context\":\"https:\/\/schema.org\",\"@graph\":[{\"@type\":\"WebPage\",\"@id\":\"https:\/\/bubblz.ai\/pt\/privacidade\/\",\"url\":\"https:\/\/bubblz.ai\/pt\/privacidade\/\",\"name\":\"Privacy & Cookies &#8211; Bubblz\",\"isPartOf\":{\"@id\":\"https:\/\/bubblz.ai\/it\/#website\"},\"datePublished\":\"2024-02-02T14:03:48+00:00\",\"dateModified\":\"2026-01-05T10:02:28+00:00\",\"description\":\"Master speaking a language, thanks to Bubblz\u2019s humanlike A.I. chat technology\",\"breadcrumb\":{\"@id\":\"https:\/\/bubblz.ai\/pt\/privacidade\/#breadcrumb\"},\"inLanguage\":\"tr\",\"potentialAction\":[{\"@type\":\"ReadAction\",\"target\":[\"https:\/\/bubblz.ai\/pt\/privacidade\/\"]}]},{\"@type\":\"BreadcrumbList\",\"@id\":\"https:\/\/bubblz.ai\/pt\/privacidade\/#breadcrumb\",\"itemListElement\":[{\"@type\":\"ListItem\",\"position\":1,\"name\":\"Home\",\"item\":\"https:\/\/bubblz.ai\/it\/\"},{\"@type\":\"ListItem\",\"position\":2,\"name\":\"Privacy &#038; Cookies\"}]},{\"@type\":\"WebSite\",\"@id\":\"https:\/\/bubblz.ai\/it\/#website\",\"url\":\"https:\/\/bubblz.ai\/it\/\",\"name\":\"Bubblz\",\"description\":\"AI Language Practice\",\"publisher\":{\"@id\":\"https:\/\/bubblz.ai\/it\/#organization\"},\"potentialAction\":[{\"@type\":\"SearchAction\",\"target\":{\"@type\":\"EntryPoint\",\"urlTemplate\":\"https:\/\/bubblz.ai\/it\/?s={search_term_string}\"},\"query-input\":{\"@type\":\"PropertyValueSpecification\",\"valueRequired\":true,\"valueName\":\"search_term_string\"}}],\"inLanguage\":\"tr\"},{\"@type\":\"Organization\",\"@id\":\"https:\/\/bubblz.ai\/it\/#organization\",\"name\":\"Bubblz\",\"url\":\"https:\/\/bubblz.ai\/it\/\",\"logo\":{\"@type\":\"ImageObject\",\"inLanguage\":\"tr\",\"@id\":\"https:\/\/bubblz.ai\/it\/#\/schema\/logo\/image\/\",\"url\":\"https:\/\/bubblz.ai\/wp-content\/uploads\/2024\/02\/logo9.png\",\"contentUrl\":\"https:\/\/bubblz.ai\/wp-content\/uploads\/2024\/02\/logo9.png\",\"width\":2400,\"height\":2400,\"caption\":\"Bubblz\"},\"image\":{\"@id\":\"https:\/\/bubblz.ai\/it\/#\/schema\/logo\/image\/\"},\"sameAs\":[\"https:\/\/www.facebook.com\/trybubblz\",\"https:\/\/x.com\/trybubblz\"]}]}<\/script>\n<!-- \/ Yoast SEO plugin. -->","yoast_head_json":{"title":"Gizlilik ve \u00c7erezler - Bubblz","description":"Bubblz'nin insan benzeri yapay zeka sohbet teknolojisi sayesinde bir dili konu\u015fmakta ustala\u015f\u0131n","robots":{"index":"index","follow":"follow","max-snippet":"max-snippet:-1","max-image-preview":"max-image-preview:large","max-video-preview":"max-video-preview:-1"},"canonical":"https:\/\/bubblz.ai\/tr\/mahremiyet\/","og_locale":"tr_TR","og_type":"article","og_title":"Privacy & Cookies &#8211; Bubblz","og_description":"Master speaking a language, thanks to Bubblz\u2019s humanlike A.I. chat technology","og_url":"https:\/\/bubblz.ai\/tr\/mahremiyet\/","og_site_name":"Bubblz","article_publisher":"https:\/\/www.facebook.com\/trybubblz","article_modified_time":"2026-01-05T10:02:28+00:00","twitter_card":"summary_large_image","twitter_site":"@trybubblz","schema":{"@context":"https:\/\/schema.org","@graph":[{"@type":"WebPage","@id":"https:\/\/bubblz.ai\/pt\/privacidade\/","url":"https:\/\/bubblz.ai\/pt\/privacidade\/","name":"Gizlilik ve \u00c7erezler - Bubblz","isPartOf":{"@id":"https:\/\/bubblz.ai\/it\/#website"},"datePublished":"2024-02-02T14:03:48+00:00","dateModified":"2026-01-05T10:02:28+00:00","description":"Bubblz'nin insan benzeri yapay zeka sohbet teknolojisi sayesinde bir dili konu\u015fmakta ustala\u015f\u0131n","breadcrumb":{"@id":"https:\/\/bubblz.ai\/pt\/privacidade\/#breadcrumb"},"inLanguage":"tr","potentialAction":[{"@type":"ReadAction","target":["https:\/\/bubblz.ai\/pt\/privacidade\/"]}]},{"@type":"BreadcrumbList","@id":"https:\/\/bubblz.ai\/pt\/privacidade\/#breadcrumb","itemListElement":[{"@type":"ListItem","position":1,"name":"Home","item":"https:\/\/bubblz.ai\/it\/"},{"@type":"ListItem","position":2,"name":"Privacy &#038; Cookies"}]},{"@type":"WebSite","@id":"https:\/\/bubblz.ai\/it\/#website","url":"https:\/\/bubblz.ai\/it\/","name":"Bubblz","description":"Yapay Zeka Dil Uygulamas\u0131","publisher":{"@id":"https:\/\/bubblz.ai\/it\/#organization"},"potentialAction":[{"@type":"SearchAction","target":{"@type":"EntryPoint","urlTemplate":"https:\/\/bubblz.ai\/it\/?s={search_term_string}"},"query-input":{"@type":"PropertyValueSpecification","valueRequired":true,"valueName":"search_term_string"}}],"inLanguage":"tr"},{"@type":"Organization","@id":"https:\/\/bubblz.ai\/it\/#organization","name":"Bubblz","url":"https:\/\/bubblz.ai\/it\/","logo":{"@type":"ImageObject","inLanguage":"tr","@id":"https:\/\/bubblz.ai\/it\/#\/schema\/logo\/image\/","url":"https:\/\/bubblz.ai\/wp-content\/uploads\/2024\/02\/logo9.png","contentUrl":"https:\/\/bubblz.ai\/wp-content\/uploads\/2024\/02\/logo9.png","width":2400,"height":2400,"caption":"Bubblz"},"image":{"@id":"https:\/\/bubblz.ai\/it\/#\/schema\/logo\/image\/"},"sameAs":["https:\/\/www.facebook.com\/trybubblz","https:\/\/x.com\/trybubblz"]}]}},"_links":{"self":[{"href":"https:\/\/bubblz.ai\/tr\/wp-json\/wp\/v2\/pages\/133","targetHints":{"allow":["GET"]}}],"collection":[{"href":"https:\/\/bubblz.ai\/tr\/wp-json\/wp\/v2\/pages"}],"about":[{"href":"https:\/\/bubblz.ai\/tr\/wp-json\/wp\/v2\/types\/page"}],"author":[{"embeddable":true,"href":"https:\/\/bubblz.ai\/tr\/wp-json\/wp\/v2\/users\/2"}],"replies":[{"embeddable":true,"href":"https:\/\/bubblz.ai\/tr\/wp-json\/wp\/v2\/comments?post=133"}],"version-history":[{"count":5,"href":"https:\/\/bubblz.ai\/tr\/wp-json\/wp\/v2\/pages\/133\/revisions"}],"predecessor-version":[{"id":2084,"href":"https:\/\/bubblz.ai\/tr\/wp-json\/wp\/v2\/pages\/133\/revisions\/2084"}],"wp:attachment":[{"href":"https:\/\/bubblz.ai\/tr\/wp-json\/wp\/v2\/media?parent=133"}],"curies":[{"name":"wp","href":"https:\/\/api.w.org\/{rel}","templated":true}]}}