{"id":1749,"date":"2024-05-06T13:22:32","date_gmt":"2024-05-06T13:22:32","guid":{"rendered":"https:\/\/bubblz.ai\/?page_id=1749"},"modified":"2024-05-09T13:11:42","modified_gmt":"2024-05-09T13:11:42","slug":"gi%cc%87ri%cc%87s-yontemleri%cc%87","status":"publish","type":"page","link":"https:\/\/bubblz.ai\/tr\/input-methods\/","title":{"rendered":"Girdi Y\u00f6ntemleri"},"content":{"rendered":"<section class=\"bde-section-1749-100 bde-section\">\n  \n  \n\t\n\n\n\n<div class=\"section-container\"><div class=\"bde-text-1749-101 bde-text\" data-entrance=\"slideUp\">\nBubblz Destek\n<\/div><h1 class=\"bde-heading-1749-102 bde-heading\" data-entrance=\"slideUp\">\nBubblz ile Pratik Yapman\u0131n En \u0130yi Yoluna Karar Verin: Ses mi Metin mi?\n<\/h1><\/div>\n<\/section><section class=\"bde-section-1749-103 bde-section\">\n  \n  \n\t\n\n\n\n<div class=\"section-container\"><div class=\"bde-div-1749-104 bde-div\">\n  \n  \n\t\n\n\n\n<div class=\"bde-rich-text-1749-105 bde-rich-text breakdance-rich-text-styles\">\n<p>Do\u011fru giri\u015f y\u00f6ntemini se\u00e7mek, Bubblz ile dil \u00f6\u011frenme deneyiminizi \u00f6nemli \u00f6l\u00e7\u00fcde etkileyebilir. Bu k\u0131lavuz, hem sesli giri\u015fin hem de metin giri\u015finin faydalar\u0131n\u0131 anlaman\u0131za yard\u0131mc\u0131 olacak ve mevcut yeterlili\u011finize ve \u00f6\u011frenme hedeflerinize g\u00f6re hangisinin sizin i\u00e7in daha uygun olabilece\u011fini \u00f6nerecektir.<\/p><h2>Bizim Felsefemiz<\/h2><p>Bubblz'de, dil \u00f6\u011frenimindeki en \u00f6nemli hedefin, d\u00fc\u015f\u00fcncelerinizi ifade etmek i\u00e7in en iyi ifadeyi se\u00e7erek eksiksiz, anadil benzeri ifadeler olu\u015fturmada ustala\u015fmak oldu\u011funa inan\u0131yoruz. Bu nedenle, kendinizi en verimli ve etkili \u015fekilde tam olarak ifade etmenizi sa\u011flayan bir girdi y\u00f6ntemi se\u00e7mek \u00e7ok \u00f6nemlidir.<\/p><h2>Giri\u015f Y\u00f6ntemlerini Anlama<\/h2><p><strong>1. Ses Giri\u015fi:<\/strong><\/p><ul><li><strong>Art\u0131lar\u0131:<\/strong><ul><li>Telaffuz ve ak\u0131c\u0131l\u0131k prati\u011fi yapmak i\u00e7in idealdir.<\/li><li>Ger\u00e7ek hayattaki konu\u015fmalar\u0131 sim\u00fcle ederek dinleme ve konu\u015fma becerilerinizi ayn\u0131 anda geli\u015ftirir.<\/li><\/ul><\/li><li><strong>Eksiler:<\/strong><ul><li>Kullan\u0131c\u0131lar kay\u0131t bask\u0131s\u0131 nedeniyle daha basit ifadeleri tercih edebilirler.<\/li><li>Konu\u015fma tan\u0131ma do\u011frulu\u011fu aksan ve telaffuza ba\u011fl\u0131 olarak de\u011fi\u015febilir ve potansiyel olarak yanl\u0131\u015f anlamalara yol a\u00e7abilir.<\/li><li>\u00d6\u011frenciler taraf\u0131ndan s\u0131k s\u0131k yap\u0131lan kendi kendine d\u00fczeltmeler konu\u015fma tan\u0131ma sisteminin kafas\u0131n\u0131 kar\u0131\u015ft\u0131rabilir.<\/li><\/ul><\/li><\/ul><p><strong>2. Metin Giri\u015fi:<\/strong><\/p><ul><li><strong>Art\u0131lar\u0131:<\/strong><ul><li>D\u00fc\u015f\u00fcnmek ve yan\u0131t olu\u015fturmak i\u00e7in daha fazla zaman tan\u0131r, <em>Do\u011fru c\u00fcmle yap\u0131s\u0131n\u0131 ve kelime bilgisini \u00f6\u011frenmeye yard\u0131mc\u0131 olmak<\/em> (unutmay\u0131n, \u00f6ncelikli hedefimiz bu).<\/li><li>Yan\u0131tlar\u0131 d\u00fczenlemek ve m\u00fckemmelle\u015ftirmek daha kolayd\u0131r, bu da hatalar\u0131n d\u00fczeltilmesi yoluyla daha derin \u00f6\u011frenmeye yol a\u00e7abilir.<\/li><li>\u00d6\u011frenme s\u00fcrecini etkileyen aksan veya konu\u015fma netli\u011fi konusunda endi\u015felenmenize gerek yok.<\/li><\/ul><\/li><li><strong>Eksiler:<\/strong><ul><li>Telaffuz ve spontane konu\u015fma becerilerini geli\u015ftirmek i\u00e7in daha az etkilidir.<\/li><\/ul><\/li><\/ul><h3>Sesli Giri\u015f Ne Zaman Kullan\u0131l\u0131r?<\/h3><ul><li>\u015eunlar i\u00e7in en uygun <strong>orta-\u00fcst seviyeden ileri seviyeye <\/strong>Konu\u015fma ve dinleme becerilerini geli\u015ftirmek isteyen konu\u015fmac\u0131lar.<\/li><li>H\u0131zl\u0131 c\u00fcmle kurma konusunda rahat oldu\u011funuzda kullan\u0131\u015fl\u0131d\u0131r.<\/li><\/ul><p><strong>Sesli Giri\u015f Kullan\u0131m\u0131 i\u00e7in \u0130pu\u00e7lar\u0131:<\/strong><\/p><ul><li>Konu\u015fmaya ba\u015flamadan \u00f6nce d\u00fc\u015f\u00fcncelerinizi d\u00fczenleyin.<\/li><li>Daha net ses giri\u015fi i\u00e7in mikrofonlu kulakl\u0131k kullanmay\u0131 d\u00fc\u015f\u00fcn\u00fcn.<\/li><li>Tak\u0131l\u0131rsan\u0131z iptal etmekten ve yeniden ba\u015flamaktan \u00e7ekinmeyin - pratik m\u00fckemmelle\u015ftirir!<\/li><\/ul><h3>Metin Giri\u015fi Ne Zaman Kullan\u0131l\u0131r?<\/h3><ul><li>\u015eunlar i\u00e7in \u00f6nerilir <strong>temel ve alt-orta seviye<\/strong> Do\u011fru ve eksiksiz c\u00fcmleler kurmak i\u00e7in daha fazla zamana ihtiya\u00e7 duyan konu\u015fmac\u0131lar.<\/li><li>Kendilerini yaz\u0131l\u0131 olarak ifade ederken daha g\u00fcvenli hissedenler veya aksanlar\u0131n\u0131n konu\u015fma tan\u0131may\u0131 etkilemesinden endi\u015fe edenler i\u00e7in idealdir.<\/li><\/ul><p><strong>Metin Giri\u015fini Kullanmak i\u00e7in \u0130pu\u00e7lar\u0131:<\/strong><\/p><ul><li>Yan\u0131tlar\u0131 olu\u015fturmak i\u00e7in zaman ay\u0131r\u0131n.<\/li><li>Bu f\u0131rsat\u0131 do\u011fru yaz\u0131m ve dilbilgisi prati\u011fi yapmak i\u00e7in kullan\u0131n.<\/li><\/ul><h3>Sizin \u0130\u00e7in En \u0130yi Olan\u0131 Se\u00e7mek<\/h3><p>Sonu\u00e7 olarak, ses ve metin girdileri aras\u0131ndaki se\u00e7im, hangi y\u00f6ntemin en do\u011fru, eksiksiz ve do\u011fal ifadeleri olu\u015fturman\u0131za yard\u0131mc\u0131 oldu\u011funa g\u00f6re y\u00f6nlendirilmelidir. Bu sadece kendinizi en rahat hissetti\u011finiz y\u00f6ntemi de\u011fil, ayn\u0131 zamanda sizi geli\u015ftirmek i\u00e7in yeterince zorlayan y\u00f6ntemi se\u00e7meyi de i\u00e7erir.<\/p><p>Hem ses hem de metin girdileri, Bubblz ile dil \u00f6\u011frenme yolculu\u011funuzda de\u011ferli ara\u00e7lard\u0131r. Mevcut seviyenize ve \u00f6zel \u00f6\u011frenme hedeflerinize ba\u011fl\u0131 olarak, biri di\u011ferinden daha uygun olabilir. Unutmay\u0131n, nihai hedef, yeni dilinizde tam ve do\u011fru d\u00fc\u015f\u00fcncelerinizi ifade etme yetene\u011finizi geli\u015ftirmektir.<\/p><p><strong>Son ipucu:<\/strong> Hangisinin tarz\u0131n\u0131za ger\u00e7ekten uydu\u011funu ve becerilerinizi geli\u015ftirdi\u011fini bulmak i\u00e7in her iki y\u00f6ntemi de deneyin. Bubblz ile \u00f6\u011frenme yolculu\u011funuzun kontrol\u00fc her zaman sizde!<\/p>\n<\/div>\n<\/div><\/div>\n<\/section>","protected":false},"excerpt":{"rendered":"<p>Bubblz Support Decide Your Best Way to Practice with Bubblz: Voice or Text? Choosing the right input method can significantly affect your language learning experience with Bubblz. This guide will help you understand the benefits of both voice input and text input, and suggest which might be more suitable for you based on your current [&hellip;]<\/p>\n","protected":false},"author":1,"featured_media":0,"parent":0,"menu_order":0,"comment_status":"closed","ping_status":"closed","template":"","meta":{"inline_featured_image":false,"_breakdance_hide_in_design_set":false,"_breakdance_tags":"","footnotes":""},"class_list":["post-1749","page","type-page","status-publish","hentry"],"yoast_head":"<!-- This site is optimized with the Yoast SEO plugin v27.4 - https:\/\/yoast.com\/product\/yoast-seo-wordpress\/ -->\n<title>Input Methods &#8211; Bubblz<\/title>\n<meta name=\"description\" content=\"Master speaking a language, thanks to Bubblz\u2019s humanlike A.I. chat technology\" \/>\n<meta name=\"robots\" content=\"index, follow, max-snippet:-1, max-image-preview:large, max-video-preview:-1\" \/>\n<link rel=\"canonical\" href=\"https:\/\/bubblz.ai\/tr\/gi\u0307ri\u0307s-yontemleri\u0307\/\" \/>\n<meta property=\"og:locale\" content=\"tr_TR\" \/>\n<meta property=\"og:type\" content=\"article\" \/>\n<meta property=\"og:title\" content=\"Input Methods &#8211; Bubblz\" \/>\n<meta property=\"og:description\" content=\"Master speaking a language, thanks to Bubblz\u2019s humanlike A.I. chat technology\" \/>\n<meta property=\"og:url\" content=\"https:\/\/bubblz.ai\/tr\/gi\u0307ri\u0307s-yontemleri\u0307\/\" \/>\n<meta property=\"og:site_name\" content=\"Bubblz\" \/>\n<meta property=\"article:publisher\" content=\"https:\/\/www.facebook.com\/trybubblz\" \/>\n<meta property=\"article:modified_time\" content=\"2024-05-09T13:11:42+00:00\" \/>\n<meta name=\"twitter:card\" content=\"summary_large_image\" \/>\n<meta name=\"twitter:site\" content=\"@trybubblz\" \/>\n<meta name=\"twitter:label1\" content=\"Tahmini okuma s\u00fcresi\" \/>\n\t<meta name=\"twitter:data1\" content=\"3 dakika\" \/>\n<script type=\"application\/ld+json\" class=\"yoast-schema-graph\">{\"@context\":\"https:\\\/\\\/schema.org\",\"@graph\":[{\"@type\":\"WebPage\",\"@id\":\"https:\\\/\\\/bubblz.ai\\\/pt_br\\\/metodos-de-entrada\\\/\",\"url\":\"https:\\\/\\\/bubblz.ai\\\/pt_br\\\/metodos-de-entrada\\\/\",\"name\":\"Input Methods &#8211; Bubblz\",\"isPartOf\":{\"@id\":\"https:\\\/\\\/44.218.186.174\\\/#website\"},\"datePublished\":\"2024-05-06T13:22:32+00:00\",\"dateModified\":\"2024-05-09T13:11:42+00:00\",\"description\":\"Master speaking a language, thanks to Bubblz\u2019s humanlike A.I. chat technology\",\"breadcrumb\":{\"@id\":\"https:\\\/\\\/bubblz.ai\\\/pt_br\\\/metodos-de-entrada\\\/#breadcrumb\"},\"inLanguage\":\"tr\",\"potentialAction\":[{\"@type\":\"ReadAction\",\"target\":[\"https:\\\/\\\/bubblz.ai\\\/pt_br\\\/metodos-de-entrada\\\/\"]}]},{\"@type\":\"BreadcrumbList\",\"@id\":\"https:\\\/\\\/bubblz.ai\\\/pt_br\\\/metodos-de-entrada\\\/#breadcrumb\",\"itemListElement\":[{\"@type\":\"ListItem\",\"position\":1,\"name\":\"Home\",\"item\":\"https:\\\/\\\/bubblz.ai\\\/pt_br\\\/\"},{\"@type\":\"ListItem\",\"position\":2,\"name\":\"Input Methods\"}]},{\"@type\":\"WebSite\",\"@id\":\"https:\\\/\\\/44.218.186.174\\\/#website\",\"url\":\"https:\\\/\\\/44.218.186.174\\\/\",\"name\":\"Bubblz\",\"description\":\"AI Language Practice\",\"publisher\":{\"@id\":\"https:\\\/\\\/44.218.186.174\\\/#organization\"},\"potentialAction\":[{\"@type\":\"SearchAction\",\"target\":{\"@type\":\"EntryPoint\",\"urlTemplate\":\"https:\\\/\\\/44.218.186.174\\\/?s={search_term_string}\"},\"query-input\":{\"@type\":\"PropertyValueSpecification\",\"valueRequired\":true,\"valueName\":\"search_term_string\"}}],\"inLanguage\":\"tr\"},{\"@type\":\"Organization\",\"@id\":\"https:\\\/\\\/44.218.186.174\\\/#organization\",\"name\":\"Bubblz\",\"url\":\"https:\\\/\\\/44.218.186.174\\\/\",\"logo\":{\"@type\":\"ImageObject\",\"inLanguage\":\"tr\",\"@id\":\"https:\\\/\\\/44.218.186.174\\\/#\\\/schema\\\/logo\\\/image\\\/\",\"url\":\"https:\\\/\\\/bubblz.ai\\\/wp-content\\\/uploads\\\/2024\\\/02\\\/logo9.png\",\"contentUrl\":\"https:\\\/\\\/bubblz.ai\\\/wp-content\\\/uploads\\\/2024\\\/02\\\/logo9.png\",\"width\":2400,\"height\":2400,\"caption\":\"Bubblz\"},\"image\":{\"@id\":\"https:\\\/\\\/44.218.186.174\\\/#\\\/schema\\\/logo\\\/image\\\/\"},\"sameAs\":[\"https:\\\/\\\/www.facebook.com\\\/trybubblz\",\"https:\\\/\\\/x.com\\\/trybubblz\"]}]}<\/script>\n<!-- \/ Yoast SEO plugin. -->","yoast_head_json":{"title":"Giri\u015f Y\u00f6ntemleri - Bubblz","description":"Bubblz'nin insan benzeri yapay zeka sohbet teknolojisi sayesinde bir dili konu\u015fmakta ustala\u015f\u0131n","robots":{"index":"index","follow":"follow","max-snippet":"max-snippet:-1","max-image-preview":"max-image-preview:large","max-video-preview":"max-video-preview:-1"},"canonical":"https:\/\/bubblz.ai\/tr\/gi\u0307ri\u0307s-yontemleri\u0307\/","og_locale":"tr_TR","og_type":"article","og_title":"Input Methods &#8211; Bubblz","og_description":"Master speaking a language, thanks to Bubblz\u2019s humanlike A.I. chat technology","og_url":"https:\/\/bubblz.ai\/tr\/gi\u0307ri\u0307s-yontemleri\u0307\/","og_site_name":"Bubblz","article_publisher":"https:\/\/www.facebook.com\/trybubblz","article_modified_time":"2024-05-09T13:11:42+00:00","twitter_card":"summary_large_image","twitter_site":"@trybubblz","twitter_misc":{"Tahmini okuma s\u00fcresi":"3 dakika"},"schema":{"@context":"https:\/\/schema.org","@graph":[{"@type":"WebPage","@id":"https:\/\/bubblz.ai\/pt_br\/metodos-de-entrada\/","url":"https:\/\/bubblz.ai\/pt_br\/metodos-de-entrada\/","name":"Giri\u015f Y\u00f6ntemleri - Bubblz","isPartOf":{"@id":"https:\/\/44.218.186.174\/#website"},"datePublished":"2024-05-06T13:22:32+00:00","dateModified":"2024-05-09T13:11:42+00:00","description":"Bubblz'nin insan benzeri yapay zeka sohbet teknolojisi sayesinde bir dili konu\u015fmakta ustala\u015f\u0131n","breadcrumb":{"@id":"https:\/\/bubblz.ai\/pt_br\/metodos-de-entrada\/#breadcrumb"},"inLanguage":"tr","potentialAction":[{"@type":"ReadAction","target":["https:\/\/bubblz.ai\/pt_br\/metodos-de-entrada\/"]}]},{"@type":"BreadcrumbList","@id":"https:\/\/bubblz.ai\/pt_br\/metodos-de-entrada\/#breadcrumb","itemListElement":[{"@type":"ListItem","position":1,"name":"Home","item":"https:\/\/bubblz.ai\/pt_br\/"},{"@type":"ListItem","position":2,"name":"Input Methods"}]},{"@type":"WebSite","@id":"https:\/\/44.218.186.174\/#website","url":"https:\/\/44.218.186.174\/","name":"Bubblz","description":"Yapay Zeka Dil Uygulamas\u0131","publisher":{"@id":"https:\/\/44.218.186.174\/#organization"},"potentialAction":[{"@type":"SearchAction","target":{"@type":"EntryPoint","urlTemplate":"https:\/\/44.218.186.174\/?s={search_term_string}"},"query-input":{"@type":"PropertyValueSpecification","valueRequired":true,"valueName":"search_term_string"}}],"inLanguage":"tr"},{"@type":"Organization","@id":"https:\/\/44.218.186.174\/#organization","name":"Bubblz","url":"https:\/\/44.218.186.174\/","logo":{"@type":"ImageObject","inLanguage":"tr","@id":"https:\/\/44.218.186.174\/#\/schema\/logo\/image\/","url":"https:\/\/bubblz.ai\/wp-content\/uploads\/2024\/02\/logo9.png","contentUrl":"https:\/\/bubblz.ai\/wp-content\/uploads\/2024\/02\/logo9.png","width":2400,"height":2400,"caption":"Bubblz"},"image":{"@id":"https:\/\/44.218.186.174\/#\/schema\/logo\/image\/"},"sameAs":["https:\/\/www.facebook.com\/trybubblz","https:\/\/x.com\/trybubblz"]}]}},"_links":{"self":[{"href":"https:\/\/bubblz.ai\/tr\/wp-json\/wp\/v2\/pages\/1749","targetHints":{"allow":["GET"]}}],"collection":[{"href":"https:\/\/bubblz.ai\/tr\/wp-json\/wp\/v2\/pages"}],"about":[{"href":"https:\/\/bubblz.ai\/tr\/wp-json\/wp\/v2\/types\/page"}],"author":[{"embeddable":true,"href":"https:\/\/bubblz.ai\/tr\/wp-json\/wp\/v2\/users\/1"}],"replies":[{"embeddable":true,"href":"https:\/\/bubblz.ai\/tr\/wp-json\/wp\/v2\/comments?post=1749"}],"version-history":[{"count":0,"href":"https:\/\/bubblz.ai\/tr\/wp-json\/wp\/v2\/pages\/1749\/revisions"}],"wp:attachment":[{"href":"https:\/\/bubblz.ai\/tr\/wp-json\/wp\/v2\/media?parent=1749"}],"curies":[{"name":"wp","href":"https:\/\/api.w.org\/{rel}","templated":true}]}}