{"id":1749,"date":"2024-05-06T13:22:32","date_gmt":"2024-05-06T13:22:32","guid":{"rendered":"https:\/\/bubblz.ai\/?page_id=1749"},"modified":"2024-05-09T13:11:42","modified_gmt":"2024-05-09T13:11:42","slug":"phuong-phap-nhap-lieu","status":"publish","type":"page","link":"https:\/\/bubblz.ai\/vi\/input-methods\/","title":{"rendered":"Ph\u01b0\u01a1ng ph\u00e1p nh\u1eadp li\u1ec7u"},"content":{"rendered":"<section class=\"bde-section-1749-100 bde-section\">\n  \n  \n\t\n\n\n\n<div class=\"section-container\"><div class=\"bde-text-1749-101 bde-text\" data-entrance=\"slideUp\">\nH\u1ed7 tr\u1ee3 Bubblz\n<\/div><h1 class=\"bde-heading-1749-102 bde-heading\" data-entrance=\"slideUp\">\nQuy\u1ebft \u0111\u1ecbnh c\u00e1ch t\u1ed1t nh\u1ea5t \u0111\u1ec3 luy\u1ec7n t\u1eadp v\u1edbi Bubblz: Gi\u1ecdng n\u00f3i hay v\u0103n b\u1ea3n?\n<\/h1><\/div>\n<\/section><section class=\"bde-section-1749-103 bde-section\">\n  \n  \n\t\n\n\n\n<div class=\"section-container\"><div class=\"bde-div-1749-104 bde-div\">\n  \n  \n\t\n\n\n\n<div class=\"bde-rich-text-1749-105 bde-rich-text breakdance-rich-text-styles\">\n<p>Vi\u1ec7c l\u1ef1a ch\u1ecdn ph\u01b0\u01a1ng ph\u00e1p nh\u1eadp li\u1ec7u ph\u00f9 h\u1ee3p c\u00f3 th\u1ec3 \u1ea3nh h\u01b0\u1edfng \u0111\u00e1ng k\u1ec3 \u0111\u1ebfn tr\u1ea3i nghi\u1ec7m h\u1ecdc ng\u00f4n ng\u1eef c\u1ee7a b\u1ea1n v\u1edbi Bubblz. H\u01b0\u1edbng d\u1eabn n\u00e0y s\u1ebd gi\u00fap b\u1ea1n hi\u1ec3u \u0111\u01b0\u1ee3c l\u1ee3i \u00edch c\u1ee7a c\u1ea3 nh\u1eadp li\u1ec7u b\u1eb1ng gi\u1ecdng n\u00f3i v\u00e0 nh\u1eadp li\u1ec7u b\u1eb1ng v\u0103n b\u1ea3n, \u0111\u1ed3ng th\u1eddi g\u1ee3i \u00fd ph\u01b0\u01a1ng ph\u00e1p n\u00e0o ph\u00f9 h\u1ee3p h\u01a1n v\u1edbi b\u1ea1n d\u1ef1a tr\u00ean tr\u00ecnh \u0111\u1ed9 hi\u1ec7n t\u1ea1i v\u00e0 m\u1ee5c ti\u00eau h\u1ecdc t\u1eadp c\u1ee7a b\u1ea1n.<\/p><h2>Tri\u1ebft l\u00fd c\u1ee7a ch\u00fang t\u00f4i<\/h2><p>T\u1ea1i Bubblz, ch\u00fang t\u00f4i tin r\u1eb1ng m\u1ee5c ti\u00eau quan tr\u1ecdng nh\u1ea5t trong vi\u1ec7c h\u1ecdc ng\u00f4n ng\u1eef l\u00e0 tr\u1edf n\u00ean th\u00e0nh th\u1ea1o trong vi\u1ec7c x\u00e2y d\u1ef1ng c\u00e1c c\u00e2u ho\u00e0n ch\u1ec9nh, gi\u1ed1ng nh\u01b0 ng\u01b0\u1eddi b\u1ea3n x\u1ee9\u2014l\u1ef1a ch\u1ecdn c\u00e1ch di\u1ec5n \u0111\u1ea1t t\u1ed1t nh\u1ea5t \u0111\u1ec3 di\u1ec5n \u0111\u1ea1t suy ngh\u0129 c\u1ee7a b\u1ea1n. Do \u0111\u00f3, \u0111i\u1ec1u c\u1ea7n thi\u1ebft l\u00e0 ph\u1ea3i ch\u1ecdn ph\u01b0\u01a1ng ph\u00e1p nh\u1eadp li\u1ec7u cho ph\u00e9p b\u1ea1n di\u1ec5n \u0111\u1ea1t b\u1ea3n th\u00e2n m\u1ed9t c\u00e1ch hi\u1ec7u qu\u1ea3 v\u00e0 \u0111\u1ea7y \u0111\u1ee7 nh\u1ea5t.<\/p><h2>Hi\u1ec3u v\u1ec1 c\u00e1c ph\u01b0\u01a1ng ph\u00e1p nh\u1eadp li\u1ec7u<\/h2><p><strong>1. Nh\u1eadp li\u1ec7u b\u1eb1ng gi\u1ecdng n\u00f3i:<\/strong><\/p><ul><li><strong>\u01afu \u0111i\u1ec3m:<\/strong><ul><li>Th\u00edch h\u1ee3p \u0111\u1ec3 luy\u1ec7n ph\u00e1t \u00e2m v\u00e0 n\u00f3i l\u01b0u lo\u00e1t.<\/li><li>M\u00f4 ph\u1ecfng c\u00e1c cu\u1ed9c tr\u00f2 chuy\u1ec7n th\u1ef1c t\u1ebf, gi\u00fap c\u1ea3i thi\u1ec7n k\u1ef9 n\u0103ng nghe v\u00e0 n\u00f3i c\u1ee7a b\u1ea1n c\u00f9ng l\u00fac.<\/li><\/ul><\/li><li><strong>Nh\u01b0\u1ee3c \u0111i\u1ec3m:<\/strong><ul><li>Ng\u01b0\u1eddi d\u00f9ng c\u00f3 th\u1ec3 ch\u1ecdn nh\u1eefng c\u1ee5m t\u1eeb \u0111\u01a1n gi\u1ea3n h\u01a1n do \u00e1p l\u1ef1c ph\u1ea3i ghi \u00e2m.<\/li><li>\u0110\u1ed9 ch\u00ednh x\u00e1c c\u1ee7a nh\u1eadn d\u1ea1ng gi\u1ecdng n\u00f3i c\u00f3 th\u1ec3 thay \u0111\u1ed5i t\u00f9y theo gi\u1ecdng v\u00e0 c\u00e1ch ph\u00e1t \u00e2m, c\u00f3 kh\u1ea3 n\u0103ng d\u1eabn \u0111\u1ebfn hi\u1ec3u l\u1ea7m.<\/li><li>Vi\u1ec7c ng\u01b0\u1eddi h\u1ecdc t\u1ef1 s\u1eeda l\u1ed7i th\u01b0\u1eddng xuy\u00ean c\u00f3 th\u1ec3 khi\u1ebfn h\u1ec7 th\u1ed1ng nh\u1eadn d\u1ea1ng gi\u1ecdng n\u00f3i b\u1ecb nh\u1ea7m l\u1eabn.<\/li><\/ul><\/li><\/ul><p><strong>2. Nh\u1eadp v\u0103n b\u1ea3n:<\/strong><\/p><ul><li><strong>\u01afu \u0111i\u1ec3m:<\/strong><ul><li>Cho ph\u00e9p c\u00f3 nhi\u1ec1u th\u1eddi gian h\u01a1n \u0111\u1ec3 suy ngh\u0129 v\u00e0 x\u00e2y d\u1ef1ng ph\u1ea3n h\u1ed3i, <em>h\u1ed7 tr\u1ee3 h\u1ecdc c\u1ea5u tr\u00fac c\u00e2u v\u00e0 t\u1eeb v\u1ef1ng ph\u00f9 h\u1ee3p<\/em> (h\u00e3y nh\u1edb r\u1eb1ng \u0111\u00f3 l\u00e0 m\u1ee5c ti\u00eau ch\u00ednh c\u1ee7a ch\u00fang t\u00f4i).<\/li><li>D\u1ec5 ch\u1ec9nh s\u1eeda v\u00e0 ho\u00e0n thi\u1ec7n c\u00e2u tr\u1ea3 l\u1eddi, c\u00f3 th\u1ec3 d\u1eabn \u0111\u1ebfn vi\u1ec7c h\u1ecdc s\u00e2u h\u01a1n th\u00f4ng qua vi\u1ec7c s\u1eeda l\u1ed7i.<\/li><li>Kh\u00f4ng ph\u1ea3i lo l\u1eafng v\u1ec1 gi\u1ecdng n\u00f3i ho\u1eb7c \u0111\u1ed9 r\u00f5 r\u00e0ng c\u1ee7a gi\u1ecdng n\u00f3i \u1ea3nh h\u01b0\u1edfng \u0111\u1ebfn qu\u00e1 tr\u00ecnh h\u1ecdc.<\/li><\/ul><\/li><li><strong>Nh\u01b0\u1ee3c \u0111i\u1ec3m:<\/strong><ul><li>\u00cdt hi\u1ec7u qu\u1ea3 h\u01a1n trong vi\u1ec7c c\u1ea3i thi\u1ec7n kh\u1ea3 n\u0103ng ph\u00e1t \u00e2m v\u00e0 n\u00f3i t\u1ef1 nhi\u00ean.<\/li><\/ul><\/li><\/ul><h3>Khi n\u00e0o s\u1eed d\u1ee5ng Nh\u1eadp li\u1ec7u b\u1eb1ng gi\u1ecdng n\u00f3i<\/h3><ul><li>Ph\u00f9 h\u1ee3p nh\u1ea5t cho <strong>trung c\u1ea5p tr\u00ean \u0111\u1ebfn n\u00e2ng cao <\/strong>ng\u01b0\u1eddi n\u00f3i mu\u1ed1n c\u1ea3i thi\u1ec7n k\u1ef9 n\u0103ng n\u00f3i v\u00e0 nghe c\u1ee7a m\u00ecnh.<\/li><li>H\u1eefu \u00edch khi b\u1ea1n c\u00f3 th\u1ec3 x\u00e2y d\u1ef1ng c\u00e2u m\u1ed9t c\u00e1ch nhanh ch\u00f3ng.<\/li><\/ul><p><strong>M\u1eb9o s\u1eed d\u1ee5ng Nh\u1eadp li\u1ec7u b\u1eb1ng gi\u1ecdng n\u00f3i:<\/strong><\/p><ul><li>S\u1eafp x\u1ebfp suy ngh\u0129 c\u1ee7a b\u1ea1n tr\u01b0\u1edbc khi b\u1eaft \u0111\u1ea7u n\u00f3i.<\/li><li>\u0110\u1ec3 c\u00f3 gi\u1ecdng n\u00f3i r\u00f5 r\u00e0ng h\u01a1n, h\u00e3y c\u00e2n nh\u1eafc s\u1eed d\u1ee5ng tai nghe c\u00f3 micr\u00f4.<\/li><li>B\u1ea1n c\u00f3 th\u1ec3 h\u1ee7y v\u00e0 b\u1eaft \u0111\u1ea7u l\u1ea1i n\u1ebfu g\u1eb7p kh\u00f3 kh\u0103n\u2014luy\u1ec7n t\u1eadp s\u1ebd gi\u00fap ho\u00e0n thi\u1ec7n!<\/li><\/ul><h3>Khi n\u00e0o s\u1eed d\u1ee5ng Nh\u1eadp v\u0103n b\u1ea3n<\/h3><ul><li>\u0110\u01b0\u1ee3c \u0111\u1ec1 xu\u1ea5t cho <strong>c\u01a1 b\u1ea3n v\u00e0 trung c\u1ea5p th\u1ea5p<\/strong> ng\u01b0\u1eddi n\u00f3i c\u1ea7n nhi\u1ec1u th\u1eddi gian h\u01a1n \u0111\u1ec3 h\u00ecnh th\u00e0nh c\u00e2u \u0111\u00fang v\u00e0 ho\u00e0n ch\u1ec9nh.<\/li><li>Th\u00edch h\u1ee3p cho nh\u1eefng ng\u01b0\u1eddi t\u1ef1 tin h\u01a1n khi th\u1ec3 hi\u1ec7n b\u1ea3n th\u00e2n b\u1eb1ng v\u0103n b\u1ea3n ho\u1eb7c lo l\u1eafng r\u1eb1ng gi\u1ecdng c\u1ee7a m\u00ecnh s\u1ebd \u1ea3nh h\u01b0\u1edfng \u0111\u1ebfn kh\u1ea3 n\u0103ng nh\u1eadn d\u1ea1ng gi\u1ecdng n\u00f3i.<\/li><\/ul><p><strong>M\u1eb9o s\u1eed d\u1ee5ng Nh\u1eadp v\u0103n b\u1ea3n:<\/strong><\/p><ul><li>H\u00e3y d\u00e0nh th\u1eddi gian \u0111\u1ec3 x\u00e2y d\u1ef1ng c\u00e2u tr\u1ea3 l\u1eddi.<\/li><li>T\u1eadn d\u1ee5ng c\u01a1 h\u1ed9i n\u00e0y \u0111\u1ec3 luy\u1ec7n t\u1eadp ch\u00ednh t\u1ea3 v\u00e0 ng\u1eef ph\u00e1p \u0111\u00fang.<\/li><\/ul><h3>L\u1ef1a ch\u1ecdn \u0111i\u1ec1u t\u1ed1t nh\u1ea5t cho b\u1ea1n<\/h3><p>Cu\u1ed1i c\u00f9ng, s\u1ef1 l\u1ef1a ch\u1ecdn gi\u1eefa gi\u1ecdng n\u00f3i v\u00e0 v\u0103n b\u1ea3n \u0111\u1ea7u v\u00e0o n\u00ean \u0111\u01b0\u1ee3c h\u01b0\u1edbng d\u1eabn b\u1edfi ph\u01b0\u01a1ng ph\u00e1p n\u00e0o gi\u00fap b\u1ea1n x\u00e2y d\u1ef1ng c\u00e1c c\u00e2u l\u1ec7nh ch\u00ednh x\u00e1c, \u0111\u1ea7y \u0111\u1ee7 v\u00e0 gi\u1ed1ng ng\u01b0\u1eddi b\u1ea3n x\u1ee9 nh\u1ea5t. \u0110i\u1ec1u n\u00e0y kh\u00f4ng ch\u1ec9 li\u00ean quan \u0111\u1ebfn vi\u1ec7c l\u1ef1a ch\u1ecdn ph\u01b0\u01a1ng ph\u00e1p m\u00e0 b\u1ea1n c\u1ea3m th\u1ea5y tho\u1ea3i m\u00e1i nh\u1ea5t m\u00e0 c\u00f2n l\u00e0 ph\u01b0\u01a1ng ph\u00e1p \u0111\u1ee7 th\u00e1ch th\u1ee9c \u0111\u1ec3 b\u1ea1n c\u1ea3i thi\u1ec7n.<\/p><p>C\u1ea3 \u0111\u1ea7u v\u00e0o b\u1eb1ng gi\u1ecdng n\u00f3i v\u00e0 v\u0103n b\u1ea3n \u0111\u1ec1u l\u00e0 nh\u1eefng c\u00f4ng c\u1ee5 h\u1eefu \u00edch trong h\u00e0nh tr\u00ecnh h\u1ecdc ng\u00f4n ng\u1eef c\u1ee7a b\u1ea1n v\u1edbi Bubblz. T\u00f9y thu\u1ed9c v\u00e0o tr\u00ecnh \u0111\u1ed9 hi\u1ec7n t\u1ea1i v\u00e0 m\u1ee5c ti\u00eau h\u1ecdc t\u1eadp c\u1ee5 th\u1ec3 c\u1ee7a b\u1ea1n, m\u1ed9t trong hai c\u00f3 th\u1ec3 ph\u00f9 h\u1ee3p h\u01a1n. H\u00e3y nh\u1edb r\u1eb1ng, m\u1ee5c ti\u00eau cu\u1ed1i c\u00f9ng l\u00e0 n\u00e2ng cao kh\u1ea3 n\u0103ng di\u1ec5n \u0111\u1ea1t suy ngh\u0129 ho\u00e0n ch\u1ec9nh v\u00e0 ch\u00ednh x\u00e1c c\u1ee7a b\u1ea1n b\u1eb1ng ng\u00f4n ng\u1eef m\u1edbi.<\/p><p><strong>L\u1eddi khuy\u00ean cu\u1ed1i c\u00f9ng:<\/strong> H\u00e3y th\u1eed nghi\u1ec7m c\u1ea3 hai ph\u01b0\u01a1ng ph\u00e1p \u0111\u1ec3 t\u00ecm ra ph\u01b0\u01a1ng ph\u00e1p n\u00e0o th\u1ef1c s\u1ef1 ph\u00f9 h\u1ee3p v\u1edbi phong c\u00e1ch c\u1ee7a b\u1ea1n v\u00e0 n\u00e2ng cao k\u1ef9 n\u0103ng c\u1ee7a b\u1ea1n. V\u1edbi Bubblz, b\u1ea1n lu\u00f4n ki\u1ec3m so\u00e1t \u0111\u01b0\u1ee3c h\u00e0nh tr\u00ecnh h\u1ecdc t\u1eadp c\u1ee7a m\u00ecnh!<\/p>\n<\/div>\n<\/div><\/div>\n<\/section>","protected":false},"excerpt":{"rendered":"<p>Bubblz Support Decide Your Best Way to Practice with Bubblz: Voice or Text? Choosing the right input method can significantly affect your language learning experience with Bubblz. This guide will help you understand the benefits of both voice input and text input, and suggest which might be more suitable for you based on your current [&hellip;]<\/p>\n","protected":false},"author":1,"featured_media":0,"parent":0,"menu_order":0,"comment_status":"closed","ping_status":"closed","template":"","meta":{"inline_featured_image":false,"_breakdance_hide_in_design_set":false,"_breakdance_tags":"","footnotes":""},"class_list":["post-1749","page","type-page","status-publish","hentry"],"yoast_head":"<!-- This site is optimized with the Yoast SEO plugin v27.4 - https:\/\/yoast.com\/product\/yoast-seo-wordpress\/ -->\n<title>Input Methods &#8211; Bubblz<\/title>\n<meta name=\"description\" content=\"Master speaking a language, thanks to Bubblz\u2019s humanlike A.I. chat technology\" \/>\n<meta name=\"robots\" content=\"index, follow, max-snippet:-1, max-image-preview:large, max-video-preview:-1\" \/>\n<link rel=\"canonical\" href=\"https:\/\/bubblz.ai\/vi\/phuong-phap-nhap-lieu\/\" \/>\n<meta property=\"og:locale\" content=\"vi_VN\" \/>\n<meta property=\"og:type\" content=\"article\" \/>\n<meta property=\"og:title\" content=\"Input Methods &#8211; Bubblz\" \/>\n<meta property=\"og:description\" content=\"Master speaking a language, thanks to Bubblz\u2019s humanlike A.I. chat technology\" \/>\n<meta property=\"og:url\" content=\"https:\/\/bubblz.ai\/vi\/phuong-phap-nhap-lieu\/\" \/>\n<meta property=\"og:site_name\" content=\"Bubblz\" \/>\n<meta property=\"article:publisher\" content=\"https:\/\/www.facebook.com\/trybubblz\" \/>\n<meta property=\"article:modified_time\" content=\"2024-05-09T13:11:42+00:00\" \/>\n<meta name=\"twitter:card\" content=\"summary_large_image\" \/>\n<meta name=\"twitter:site\" content=\"@trybubblz\" \/>\n<meta name=\"twitter:label1\" content=\"\u01af\u1edbc t\u00ednh th\u1eddi gian \u0111\u1ecdc\" \/>\n\t<meta name=\"twitter:data1\" content=\"3 ph\u00fat\" \/>\n<script type=\"application\/ld+json\" class=\"yoast-schema-graph\">{\"@context\":\"https:\\\/\\\/schema.org\",\"@graph\":[{\"@type\":\"WebPage\",\"@id\":\"https:\\\/\\\/bubblz.ai\\\/pt_br\\\/metodos-de-entrada\\\/\",\"url\":\"https:\\\/\\\/bubblz.ai\\\/pt_br\\\/metodos-de-entrada\\\/\",\"name\":\"Input Methods &#8211; Bubblz\",\"isPartOf\":{\"@id\":\"https:\\\/\\\/44.218.186.174\\\/#website\"},\"datePublished\":\"2024-05-06T13:22:32+00:00\",\"dateModified\":\"2024-05-09T13:11:42+00:00\",\"description\":\"Master speaking a language, thanks to Bubblz\u2019s humanlike A.I. chat technology\",\"breadcrumb\":{\"@id\":\"https:\\\/\\\/bubblz.ai\\\/pt_br\\\/metodos-de-entrada\\\/#breadcrumb\"},\"inLanguage\":\"vi\",\"potentialAction\":[{\"@type\":\"ReadAction\",\"target\":[\"https:\\\/\\\/bubblz.ai\\\/pt_br\\\/metodos-de-entrada\\\/\"]}]},{\"@type\":\"BreadcrumbList\",\"@id\":\"https:\\\/\\\/bubblz.ai\\\/pt_br\\\/metodos-de-entrada\\\/#breadcrumb\",\"itemListElement\":[{\"@type\":\"ListItem\",\"position\":1,\"name\":\"Home\",\"item\":\"https:\\\/\\\/bubblz.ai\\\/pt_br\\\/\"},{\"@type\":\"ListItem\",\"position\":2,\"name\":\"Input Methods\"}]},{\"@type\":\"WebSite\",\"@id\":\"https:\\\/\\\/44.218.186.174\\\/#website\",\"url\":\"https:\\\/\\\/44.218.186.174\\\/\",\"name\":\"Bubblz\",\"description\":\"AI Language Practice\",\"publisher\":{\"@id\":\"https:\\\/\\\/44.218.186.174\\\/#organization\"},\"potentialAction\":[{\"@type\":\"SearchAction\",\"target\":{\"@type\":\"EntryPoint\",\"urlTemplate\":\"https:\\\/\\\/44.218.186.174\\\/?s={search_term_string}\"},\"query-input\":{\"@type\":\"PropertyValueSpecification\",\"valueRequired\":true,\"valueName\":\"search_term_string\"}}],\"inLanguage\":\"vi\"},{\"@type\":\"Organization\",\"@id\":\"https:\\\/\\\/44.218.186.174\\\/#organization\",\"name\":\"Bubblz\",\"url\":\"https:\\\/\\\/44.218.186.174\\\/\",\"logo\":{\"@type\":\"ImageObject\",\"inLanguage\":\"vi\",\"@id\":\"https:\\\/\\\/44.218.186.174\\\/#\\\/schema\\\/logo\\\/image\\\/\",\"url\":\"https:\\\/\\\/bubblz.ai\\\/wp-content\\\/uploads\\\/2024\\\/02\\\/logo9.png\",\"contentUrl\":\"https:\\\/\\\/bubblz.ai\\\/wp-content\\\/uploads\\\/2024\\\/02\\\/logo9.png\",\"width\":2400,\"height\":2400,\"caption\":\"Bubblz\"},\"image\":{\"@id\":\"https:\\\/\\\/44.218.186.174\\\/#\\\/schema\\\/logo\\\/image\\\/\"},\"sameAs\":[\"https:\\\/\\\/www.facebook.com\\\/trybubblz\",\"https:\\\/\\\/x.com\\\/trybubblz\"]}]}<\/script>\n<!-- \/ Yoast SEO plugin. -->","yoast_head_json":{"title":"Ph\u01b0\u01a1ng ph\u00e1p nh\u1eadp li\u1ec7u \u2013 Bubblz","description":"L\u00e0m ch\u1ee7 kh\u1ea3 n\u0103ng n\u00f3i m\u1ed9t ng\u00f4n ng\u1eef, nh\u1edd c\u00f4ng ngh\u1ec7 tr\u00f2 chuy\u1ec7n AI gi\u1ed1ng con ng\u01b0\u1eddi c\u1ee7a Bubblz","robots":{"index":"index","follow":"follow","max-snippet":"max-snippet:-1","max-image-preview":"max-image-preview:large","max-video-preview":"max-video-preview:-1"},"canonical":"https:\/\/bubblz.ai\/vi\/phuong-phap-nhap-lieu\/","og_locale":"vi_VN","og_type":"article","og_title":"Input Methods &#8211; Bubblz","og_description":"Master speaking a language, thanks to Bubblz\u2019s humanlike A.I. chat technology","og_url":"https:\/\/bubblz.ai\/vi\/phuong-phap-nhap-lieu\/","og_site_name":"Bubblz","article_publisher":"https:\/\/www.facebook.com\/trybubblz","article_modified_time":"2024-05-09T13:11:42+00:00","twitter_card":"summary_large_image","twitter_site":"@trybubblz","twitter_misc":{"\u01af\u1edbc t\u00ednh th\u1eddi gian \u0111\u1ecdc":"3 ph\u00fat"},"schema":{"@context":"https:\/\/schema.org","@graph":[{"@type":"WebPage","@id":"https:\/\/bubblz.ai\/pt_br\/metodos-de-entrada\/","url":"https:\/\/bubblz.ai\/pt_br\/metodos-de-entrada\/","name":"Ph\u01b0\u01a1ng ph\u00e1p nh\u1eadp li\u1ec7u \u2013 Bubblz","isPartOf":{"@id":"https:\/\/44.218.186.174\/#website"},"datePublished":"2024-05-06T13:22:32+00:00","dateModified":"2024-05-09T13:11:42+00:00","description":"L\u00e0m ch\u1ee7 kh\u1ea3 n\u0103ng n\u00f3i m\u1ed9t ng\u00f4n ng\u1eef, nh\u1edd c\u00f4ng ngh\u1ec7 tr\u00f2 chuy\u1ec7n AI gi\u1ed1ng con ng\u01b0\u1eddi c\u1ee7a Bubblz","breadcrumb":{"@id":"https:\/\/bubblz.ai\/pt_br\/metodos-de-entrada\/#breadcrumb"},"inLanguage":"vi","potentialAction":[{"@type":"ReadAction","target":["https:\/\/bubblz.ai\/pt_br\/metodos-de-entrada\/"]}]},{"@type":"BreadcrumbList","@id":"https:\/\/bubblz.ai\/pt_br\/metodos-de-entrada\/#breadcrumb","itemListElement":[{"@type":"ListItem","position":1,"name":"Home","item":"https:\/\/bubblz.ai\/pt_br\/"},{"@type":"ListItem","position":2,"name":"Input Methods"}]},{"@type":"WebSite","@id":"https:\/\/44.218.186.174\/#website","url":"https:\/\/44.218.186.174\/","name":"Bubblz","description":"Th\u1ef1c h\u00e0nh ng\u00f4n ng\u1eef AI","publisher":{"@id":"https:\/\/44.218.186.174\/#organization"},"potentialAction":[{"@type":"SearchAction","target":{"@type":"EntryPoint","urlTemplate":"https:\/\/44.218.186.174\/?s={search_term_string}"},"query-input":{"@type":"PropertyValueSpecification","valueRequired":true,"valueName":"search_term_string"}}],"inLanguage":"vi"},{"@type":"Organization","@id":"https:\/\/44.218.186.174\/#organization","name":"Bubblz","url":"https:\/\/44.218.186.174\/","logo":{"@type":"ImageObject","inLanguage":"vi","@id":"https:\/\/44.218.186.174\/#\/schema\/logo\/image\/","url":"https:\/\/bubblz.ai\/wp-content\/uploads\/2024\/02\/logo9.png","contentUrl":"https:\/\/bubblz.ai\/wp-content\/uploads\/2024\/02\/logo9.png","width":2400,"height":2400,"caption":"Bubblz"},"image":{"@id":"https:\/\/44.218.186.174\/#\/schema\/logo\/image\/"},"sameAs":["https:\/\/www.facebook.com\/trybubblz","https:\/\/x.com\/trybubblz"]}]}},"_links":{"self":[{"href":"https:\/\/bubblz.ai\/vi\/wp-json\/wp\/v2\/pages\/1749","targetHints":{"allow":["GET"]}}],"collection":[{"href":"https:\/\/bubblz.ai\/vi\/wp-json\/wp\/v2\/pages"}],"about":[{"href":"https:\/\/bubblz.ai\/vi\/wp-json\/wp\/v2\/types\/page"}],"author":[{"embeddable":true,"href":"https:\/\/bubblz.ai\/vi\/wp-json\/wp\/v2\/users\/1"}],"replies":[{"embeddable":true,"href":"https:\/\/bubblz.ai\/vi\/wp-json\/wp\/v2\/comments?post=1749"}],"version-history":[{"count":0,"href":"https:\/\/bubblz.ai\/vi\/wp-json\/wp\/v2\/pages\/1749\/revisions"}],"wp:attachment":[{"href":"https:\/\/bubblz.ai\/vi\/wp-json\/wp\/v2\/media?parent=1749"}],"curies":[{"name":"wp","href":"https:\/\/api.w.org\/{rel}","templated":true}]}}